{"id":30678,"date":"2024-09-27T14:25:43","date_gmt":"2024-09-27T11:25:43","guid":{"rendered":"https:\/\/zooprekes24.lt\/?post_type=product&#038;p=30678"},"modified":"2024-10-01T15:54:48","modified_gmt":"2024-10-01T12:54:48","slug":"monge-bwild-mini-taiskasvanud-pardikartulid","status":"publish","type":"product","link":"https:\/\/zooprekes24.lt\/et\/produktas\/monge-bwild-mini-adult-duck-potatoes\/","title":{"rendered":"Monge BWild Mini Adult Duck &amp; Potatoes teraviljavaba kuivtoit koertele 2,5 kg"},"content":{"rendered":"<h3 class=\"MsoNoSpacing\">Monge BWild Mini Adult Duck &amp; Potatoes - v<span>T\u00e4ielik kuivtoit t\u00e4iskasvanud v\u00e4ikestele koertele (kuni 10 kg) alates 1 aasta vanusest.<\/span> Liha on iga Monge BWildi toidu peamine koostisosa ja valguallikas.<\/h3>\n<ul>\n<li>Valmistatud Itaalias.<\/li>\n<li>Ei ole lisatud v\u00e4rvaineid ega kunstlikke s\u00e4ilitusaineid.<\/li>\n<li>Esimene koostisosa on part. S\u00f6\u00f6da retsepti iseloomustab selle seeditavus ja maitse t\u00e4nu v\u00e4rskele lihale.<\/li>\n<li>Retsept on t\u00e4iustatud j\u00e4rgmise p\u00f5lvkonna XOS-ga (ks\u00fcloligosahhariidid), mis on soolestiku tervist toetavad prebiootikumid.<\/li>\n<li>Spetsiaalselt teie koera tervise jaoks koostatud, kasutades k\u00f5rgeima kvaliteediga toitaineid ja testitud Made in Italy testi abil.<\/li>\n<li>See sisaldab ka gl\u00fckosamiini ja kondroitiinsulfaati, et toetada liigeste arengut, ning tasakaalustatud kaltsiumi ja fosfori suhet, mis tagab luude ja liigeste korrap\u00e4rase kasvu.<\/li>\n<\/ul>","protected":false},"excerpt":{"rendered":"<p class=\"MsoNoSpacing\">Kuivtoit kanaga tiinetele ja imetavatele emasloomadele ning kutsikatele.<\/p>","protected":false},"featured_media":30681,"comment_status":"closed","ping_status":"closed","template":"","meta":{"_acf_changed":false,"slim_seo":{"title":"Monge BWild Mini Adult Duck & Potatoes begr\u016bdis sausas maistas \u0161unims 2.5 kg - Zooprekes24","description":"Kuivtoit kanaga tiinetele ja imetavatele emasloomadele ning kutsikatele."},"iawp_total_views":14},"product_brand":[],"product_cat":[9001,9192,9002,8999,29,31],"product_tag":[],"class_list":{"0":"post-30678","1":"product","2":"type-product","3":"status-publish","4":"has-post-thumbnail","6":"product_cat-begrudis-maistas","7":"product_cat-monge-sunims","8":"product_cat-sausas-maistas","9":"product_cat-sunims","10":"product_cat-sunu-maistas","11":"product_cat-sunu-prekiu-gamintojai","12":"pa_pasaro-sudetis-antiena","13":"pa_pasaro-sudetis-bulves","14":"pa_prekiu-zenklai-monge-bwild","15":"pa_suns-amzius-suaugusiems","16":"pa_veisles-dydis-mazoms-veislems","18":"first","19":"instock","20":"taxable","21":"shipping-taxable","22":"purchasable","23":"product-type-simple"},"acf":[],"_links":{"self":[{"href":"https:\/\/zooprekes24.lt\/et\/wp-json\/wp\/v2\/product\/30678","targetHints":{"allow":["GET"]}}],"collection":[{"href":"https:\/\/zooprekes24.lt\/et\/wp-json\/wp\/v2\/product"}],"about":[{"href":"https:\/\/zooprekes24.lt\/et\/wp-json\/wp\/v2\/types\/product"}],"replies":[{"embeddable":true,"href":"https:\/\/zooprekes24.lt\/et\/wp-json\/wp\/v2\/comments?post=30678"}],"wp:featuredmedia":[{"embeddable":true,"href":"https:\/\/zooprekes24.lt\/et\/wp-json\/wp\/v2\/media\/30681"}],"wp:attachment":[{"href":"https:\/\/zooprekes24.lt\/et\/wp-json\/wp\/v2\/media?parent=30678"}],"wp:term":[{"taxonomy":"product_brand","embeddable":true,"href":"https:\/\/zooprekes24.lt\/et\/wp-json\/wp\/v2\/product_brand?post=30678"},{"taxonomy":"product_cat","embeddable":true,"href":"https:\/\/zooprekes24.lt\/et\/wp-json\/wp\/v2\/product_cat?post=30678"},{"taxonomy":"product_tag","embeddable":true,"href":"https:\/\/zooprekes24.lt\/et\/wp-json\/wp\/v2\/product_tag?post=30678"}],"curies":[{"name":"wp","href":"https:\/\/api.w.org\/{rel}","templated":true}]}}