{"id":30553,"date":"2024-09-24T14:22:55","date_gmt":"2024-09-24T11:22:55","guid":{"rendered":"https:\/\/zooprekes24.lt\/?post_type=product&#038;p=30553"},"modified":"2026-03-31T14:54:19","modified_gmt":"2026-03-31T12:54:19","slug":"orijen-taiskasvanud-suurte-tougude-kuivtoit-koertele","status":"publish","type":"product","link":"https:\/\/zooprekes24.lt\/et\/produktas\/orijen-adult-large-breed-sausas-maistas-sunims\/","title":{"rendered":"Orijen Adult Large Breed koerte kuivtoit 11,4 kg"},"content":{"rendered":"<h3>Orijen Adult Large Breed sisaldab v\u00e4rsket, puuris kasvatamata kana ja kalkunit ning looduslikku kala. K\u00f5ik tarnitakse v\u00e4rskelt <a href=\"https:\/\/www.acanapetfoods.co.uk\/about-acana\/biologically-appropriate\/wholeprey-meat-ratios\/\" target=\"_blank\" rel=\"noopener noreferrer\">WholePrey\u2122<\/a> m\u00f5iste (kogusaak).<\/h3>\n<div class=\"food-feature\">\n<div class=\"food-feature\">\n<ul>\n<li><span>85 % loomseid koostisosi ja 15 % k\u00f6\u00f6givilju, puuvilju ja maitsetaimi.<\/span><\/li>\n<li>Valmistatud Kanadas, kasutades koostisosi kogu maailmast.<\/li>\n<li>Suurte t\u00f5ugu koerte seedetrakti tervist toetavad probiootikumid ja kiudainesegu.<\/li>\n<li>Aitab s\u00e4ilitada naha ja karvkatte tervist loodusliku kala Omega-3-rasvhapetega ja kodulindude Omega-6-rasvhapetega.<\/li>\n<li>Aitab s\u00e4ilitada suurte t\u00f5ugu koerte liigeste tervist t\u00e4nu looduslikult looduslikust heeringast ja l\u00f5hest saadud oomega-3-rasvhapetele ning kodulinnulihast saadud kaltsiumile.<\/li>\n<li>Autentne WholePrey dieet kasutab saagi k\u00f5ige toitvamaid osi, nagu kodulinnud v\u00f5i kala, ja organeid, et j\u00e4ljendada seda, mida teie koera esivanemad s\u00f5id looduses.<\/li>\n<\/ul>\n<\/div>\n<\/div>","protected":false},"excerpt":{"rendered":"<p>Orijen Adult Large Breed maisto sud\u0117tyje &#8211; \u0161vie\u017eia ne narvuose u\u017eauginta vi\u0161tiena ir kalakutiena bei laukin\u0117s \u017euvys. Viskas pristatoma \u0161vie\u017eia laikantis WholePrey\u2122 (viso grobio) koncepcijos. 85 % gyv\u016bnini\u0173 ingredient\u0173 ir 15 % dar\u017eovi\u0173, vaisi\u0173 bei \u017eoleli\u0173. Gaminamas Kanadoje, naudojant ingredientus i\u0161 viso pasaulio. Dideli\u0173 veisli\u0173 \u0161un\u0173 vir\u0161kinimo sistemos sveikat\u0105 palaiko probiotikai ir skaidul\u0173 mi\u0161inys. Padeda&#8230;<\/p>","protected":false},"featured_media":30560,"comment_status":"closed","ping_status":"closed","template":"","meta":{"_acf_changed":false,"slim_seo":{"title":"Orijen Adult Large Breed sausas maistas \u0161unims 11.4 kg - Zooprekes24","description":"Orijen Adult Large Breed sisaldab v\u00e4rsket, puuris kasvatamata kana ja kalkunit ning looduslikku kala. K\u00f5ik tarnitakse v\u00e4rskelt vastavalt WholePr"},"iawp_total_views":261},"product_brand":[],"product_cat":[9001,9011,9002,8999,29,31],"product_tag":[175,176,177,260,200],"class_list":{"0":"post-30553","1":"product","2":"type-product","3":"status-publish","4":"has-post-thumbnail","6":"product_cat-begrudis-maistas","7":"product_cat-orijen","8":"product_cat-sausas-maistas","9":"product_cat-sunims","10":"product_cat-sunu-maistas","11":"product_cat-sunu-prekiu-gamintojai","12":"product_tag-begrudis-maistas-sunims","13":"product_tag-begrudis-sunu-maistas","14":"product_tag-edalas-sunims","15":"product_tag-maistas-alergiskiems-sunims","16":"product_tag-super-premium-maistas-sunims","17":"pa_pasaro-sudetis-darzoves","18":"pa_pasaro-sudetis-kalakutiena","19":"pa_pasaro-sudetis-lasisa","20":"pa_pasaro-sudetis-sirdys","21":"pa_pasaro-sudetis-uogos","22":"pa_pasaro-sudetis-vaisiai","23":"pa_pasaro-sudetis-vistiena","24":"pa_pasaro-sudetis-zuvis","25":"pa_prekiu-zenklai-orijen","26":"pa_suns-amzius-suaugusiems","27":"pa_veisles-dydis-didelems-veislems","29":"first","30":"instock","31":"featured","32":"taxable","33":"shipping-taxable","34":"purchasable","35":"product-type-simple"},"acf":[],"_links":{"self":[{"href":"https:\/\/zooprekes24.lt\/et\/wp-json\/wp\/v2\/product\/30553","targetHints":{"allow":["GET"]}}],"collection":[{"href":"https:\/\/zooprekes24.lt\/et\/wp-json\/wp\/v2\/product"}],"about":[{"href":"https:\/\/zooprekes24.lt\/et\/wp-json\/wp\/v2\/types\/product"}],"replies":[{"embeddable":true,"href":"https:\/\/zooprekes24.lt\/et\/wp-json\/wp\/v2\/comments?post=30553"}],"wp:featuredmedia":[{"embeddable":true,"href":"https:\/\/zooprekes24.lt\/et\/wp-json\/wp\/v2\/media\/30560"}],"wp:attachment":[{"href":"https:\/\/zooprekes24.lt\/et\/wp-json\/wp\/v2\/media?parent=30553"}],"wp:term":[{"taxonomy":"product_brand","embeddable":true,"href":"https:\/\/zooprekes24.lt\/et\/wp-json\/wp\/v2\/product_brand?post=30553"},{"taxonomy":"product_cat","embeddable":true,"href":"https:\/\/zooprekes24.lt\/et\/wp-json\/wp\/v2\/product_cat?post=30553"},{"taxonomy":"product_tag","embeddable":true,"href":"https:\/\/zooprekes24.lt\/et\/wp-json\/wp\/v2\/product_tag?post=30553"}],"curies":[{"name":"wp","href":"https:\/\/api.w.org\/{rel}","templated":true}]}}