{"id":30445,"date":"2024-09-18T14:30:21","date_gmt":"2024-09-18T11:30:21","guid":{"rendered":"https:\/\/zooprekes24.lt\/?post_type=product&#038;p=30445"},"modified":"2025-06-19T13:34:30","modified_gmt":"2025-06-19T11:34:30","slug":"monge-bwild-koik-tougu-kutsikad-juunior-pardikartulid","status":"publish","type":"product","link":"https:\/\/zooprekes24.lt\/et\/produktas\/monge-bwild-all-breeds-puppy-junior-duck-potatoes\/","title":{"rendered":"Monge BWild All Breeds Puppy &#038; Junior Duck &#038; Potatoes begr\u016bdis sausas maistas \u0161uniukams"},"content":{"rendered":"<h3 class=\"MsoNoSpacing\">Monge BWild All Breeds Puppy &amp; Junior Duck &amp; Potatoes on kuivtoit kutsikatele ja noortele koertele k\u00f5ikidest t\u00f5ugudest ja suurustest kuni 1-aastastele koertele. Liha on igas Monge BWildi toidus peamine koostisosa ja valguallikas.<\/h3>\n<ul>\n<li>Valmistatud Itaalias.<\/li>\n<li>Ei ole lisatud v\u00e4rvaineid ega kunstlikke s\u00e4ilitusaineid.<\/li>\n<li>Esimene koostisosa on part. S\u00f6\u00f6da retsepti iseloomustab selle seeditavus ja maitse t\u00e4nu v\u00e4rskele lihale.<\/li>\n<li>Retsept on t\u00e4iustatud j\u00e4rgmise p\u00f5lvkonna XOS-ga (ks\u00fcloligosahhariidid), mis on soolestiku tervist toetavad prebiootikumid.<\/li>\n<li>Spetsiaalselt teie koera tervise jaoks koostatud, kasutades k\u00f5rgeima kvaliteediga toitaineid ja testitud Made in Italy testi abil.<\/li>\n<li>See sisaldab ka gl\u00fckosamiini ja kondroitiinsulfaati, et toetada liigeste arengut, ning tasakaalustatud kaltsiumi ja fosfori suhet, mis tagab luude ja liigeste korrap\u00e4rase kasvu.<\/li>\n<\/ul>","protected":false},"excerpt":{"rendered":"<p class=\"MsoNoSpacing\">Kuivtoit kanaga tiinetele ja imetavatele emasloomadele ning kutsikatele.<\/p>","protected":false},"featured_media":30448,"comment_status":"closed","ping_status":"closed","template":"","meta":{"_acf_changed":false,"slim_seo":{"title":"Monge BWild All Breeds Puppy & Junior Duck & Potatoes begr\u016bdis sausas maistas \u0161uniukams - Zooprekes24","description":"Kuivtoit kanaga tiinetele ja imetavatele emasloomadele ning kutsikatele."},"iawp_total_views":30},"product_brand":[],"product_cat":[9001,9192,9002,8999,29,31],"product_tag":[],"class_list":{"0":"post-30445","1":"product","2":"type-product","3":"status-publish","4":"has-post-thumbnail","6":"product_cat-begrudis-maistas","7":"product_cat-monge-sunims","8":"product_cat-sausas-maistas","9":"product_cat-sunims","10":"product_cat-sunu-maistas","11":"product_cat-sunu-prekiu-gamintojai","12":"pa_pasaro-sudetis-antiena","13":"pa_pasaro-sudetis-bulves","14":"pa_prekiu-zenklai-monge-bwild","15":"pa_suns-amzius-jauniems","16":"pa_veisles-dydis-didelems-veislems","17":"pa_veisles-dydis-mazoms-veislems","18":"pa_veisles-dydis-vidutinems-veislems","19":"pa_veisles-dydis-visu-dydziu-veislems","21":"first","22":"instock","23":"taxable","24":"shipping-taxable","25":"purchasable","26":"product-type-variable"},"acf":[],"_links":{"self":[{"href":"https:\/\/zooprekes24.lt\/et\/wp-json\/wp\/v2\/product\/30445","targetHints":{"allow":["GET"]}}],"collection":[{"href":"https:\/\/zooprekes24.lt\/et\/wp-json\/wp\/v2\/product"}],"about":[{"href":"https:\/\/zooprekes24.lt\/et\/wp-json\/wp\/v2\/types\/product"}],"replies":[{"embeddable":true,"href":"https:\/\/zooprekes24.lt\/et\/wp-json\/wp\/v2\/comments?post=30445"}],"wp:featuredmedia":[{"embeddable":true,"href":"https:\/\/zooprekes24.lt\/et\/wp-json\/wp\/v2\/media\/30448"}],"wp:attachment":[{"href":"https:\/\/zooprekes24.lt\/et\/wp-json\/wp\/v2\/media?parent=30445"}],"wp:term":[{"taxonomy":"product_brand","embeddable":true,"href":"https:\/\/zooprekes24.lt\/et\/wp-json\/wp\/v2\/product_brand?post=30445"},{"taxonomy":"product_cat","embeddable":true,"href":"https:\/\/zooprekes24.lt\/et\/wp-json\/wp\/v2\/product_cat?post=30445"},{"taxonomy":"product_tag","embeddable":true,"href":"https:\/\/zooprekes24.lt\/et\/wp-json\/wp\/v2\/product_tag?post=30445"}],"curies":[{"name":"wp","href":"https:\/\/api.w.org\/{rel}","templated":true}]}}