{"id":30440,"date":"2024-09-18T13:56:20","date_gmt":"2024-09-18T10:56:20","guid":{"rendered":"https:\/\/zooprekes24.lt\/?post_type=product&#038;p=30440"},"modified":"2025-06-30T17:33:48","modified_gmt":"2025-06-30T15:33:48","slug":"monge-natural-superpremium-all-breeds-adult-light-salmon-rice","status":"publish","type":"product","link":"https:\/\/zooprekes24.lt\/et\/produktas\/monge-natural-superpremium-all-breeds-adult-light-salmon-rice\/","title":{"rendered":"Monge Natural Superpremium All Breeds Adult Light Salmon &amp; Rice kuivtoit koertele"},"content":{"rendered":"<h3 class=\"MsoNoSpacing\">Monge Natural Superpremium All Breeds Adult Light Salmon &amp; Rice on t\u00e4istoit t\u00e4iskasvanud koertele k\u00f5ikide t\u00f5ugude ja suuruste koertele alates 1 aasta vanusest. Liha on igas Monge Natural Superpremium toidus peamine koostisosa ja valguallikas. Lisaks on tooted teraviljavaba ja sojavaba.<\/h3>\n<ul>\n<li>Valmistatud Itaalias.<\/li>\n<li>Madalama kalorsusega.<\/li>\n<li>Ei ole lisatud v\u00e4rvaineid ega kunstlikke s\u00e4ilitusaineid.<\/li>\n<li>Esimene koostisosa on l\u00f5he. S\u00f6\u00f6daretsept on v\u00e4rske kala seeditavuse ja maitsega.<\/li>\n<li>Retsept on t\u00e4iustatud j\u00e4rgmise p\u00f5lvkonna XOS-ga (ks\u00fcloligosahhariidid), mis on soolestiku tervist toetavad prebiootikumid.<\/li>\n<li>Spetsiaalselt teie koera tervise jaoks koostatud, kasutades k\u00f5rgeima kvaliteediga toitaineid ja testitud Made in Italy testi abil.<\/li>\n<li><span>See sisaldab ka gl\u00fckosamiini ja kondroitiinsulfaati, et toetada liigeste arengut, samas kui tasakaalustatud kaltsiumi ja fosfori suhe tagab luude ja liigeste tervise.<\/span><\/li>\n<\/ul>","protected":false},"excerpt":{"rendered":"<p class=\"MsoNoSpacing\">Kuivtoit kanaga tiinetele ja imetavatele emasloomadele ning kutsikatele.<\/p>","protected":false},"featured_media":30444,"comment_status":"closed","ping_status":"closed","template":"","meta":{"_acf_changed":false,"slim_seo":{"title":"Monge Natural Superpremium All Breeds Adult Light Salmon & Rice sausas maistas \u0161unims - Zooprekes24","description":"Kuivtoit kanaga tiinetele ja imetavatele emasloomadele ning kutsikatele."},"iawp_total_views":84},"product_brand":[],"product_cat":[9192,9002,8999,29,31],"product_tag":[],"class_list":{"0":"post-30440","1":"product","2":"type-product","3":"status-publish","4":"has-post-thumbnail","6":"product_cat-monge-sunims","7":"product_cat-sausas-maistas","8":"product_cat-sunims","9":"product_cat-sunu-maistas","10":"product_cat-sunu-prekiu-gamintojai","11":"pa_pasaro-sudetis-lasisa","12":"pa_pasaro-sudetis-ryziai","13":"pa_pasaro-sudetis-zuvis","14":"pa_prekiu-zenklai-monge-natural-superpremium","15":"pa_suns-amzius-suaugusiems","16":"pa_veisles-dydis-didelems-veislems","17":"pa_veisles-dydis-mazoms-veislems","18":"pa_veisles-dydis-vidutinems-veislems","19":"pa_veisles-dydis-visu-dydziu-veislems","21":"first","22":"instock","23":"taxable","24":"shipping-taxable","25":"purchasable","26":"product-type-variable"},"acf":[],"_links":{"self":[{"href":"https:\/\/zooprekes24.lt\/et\/wp-json\/wp\/v2\/product\/30440","targetHints":{"allow":["GET"]}}],"collection":[{"href":"https:\/\/zooprekes24.lt\/et\/wp-json\/wp\/v2\/product"}],"about":[{"href":"https:\/\/zooprekes24.lt\/et\/wp-json\/wp\/v2\/types\/product"}],"replies":[{"embeddable":true,"href":"https:\/\/zooprekes24.lt\/et\/wp-json\/wp\/v2\/comments?post=30440"}],"wp:featuredmedia":[{"embeddable":true,"href":"https:\/\/zooprekes24.lt\/et\/wp-json\/wp\/v2\/media\/30444"}],"wp:attachment":[{"href":"https:\/\/zooprekes24.lt\/et\/wp-json\/wp\/v2\/media?parent=30440"}],"wp:term":[{"taxonomy":"product_brand","embeddable":true,"href":"https:\/\/zooprekes24.lt\/et\/wp-json\/wp\/v2\/product_brand?post=30440"},{"taxonomy":"product_cat","embeddable":true,"href":"https:\/\/zooprekes24.lt\/et\/wp-json\/wp\/v2\/product_cat?post=30440"},{"taxonomy":"product_tag","embeddable":true,"href":"https:\/\/zooprekes24.lt\/et\/wp-json\/wp\/v2\/product_tag?post=30440"}],"curies":[{"name":"wp","href":"https:\/\/api.w.org\/{rel}","templated":true}]}}