{"id":30333,"date":"2024-09-17T13:36:07","date_gmt":"2024-09-17T10:36:07","guid":{"rendered":"https:\/\/zooprekes24.lt\/?post_type=product&#038;p=30333"},"modified":"2025-06-18T17:37:18","modified_gmt":"2025-06-18T15:37:18","slug":"monge-natural-superpremium-mini-puppy-junior-lamb-rice","status":"publish","type":"product","link":"https:\/\/zooprekes24.lt\/et\/produktas\/monge-natural-superpremium-mini-puppy-junior-lamb-rice\/","title":{"rendered":"Monge Natural Superpremium Mini Puppy &amp; Junior Lamb &amp; Rice kuivtoit kutsikatele"},"content":{"rendered":"<h3 class=\"MsoNoSpacing\">Monge Natural Superpremium Mini Puppy &amp; Junior Lamb &amp; Rice &#8211; visavertis sausas maistas ma\u017eo dyd\u017eio (iki 10 kg) \u0161uniukams ir jauniems \u0161unims iki 1 met\u0173 am\u017eiaus. M\u0117sa yra pagrindinis ingredientas ir baltym\u0173 \u0161altinis kiekviename Monge Natural Superpremium \u0117dale. Be to, produktuose gr\u016bd\u0173 kiekis yra suma\u017eintas ir n\u0117ra sojos.<\/h3>\n<ul>\n<li>Valmistatud Itaalias.<\/li>\n<li>Ei ole lisatud v\u00e4rvaineid ega kunstlikke s\u00e4ilitusaineid.<\/li>\n<li>Esimene koostisosa on lambaliha. S\u00f6\u00f6da retsepti iseloomustab selle seeditavus ja maitse t\u00e4nu liha v\u00e4rskusele.<\/li>\n<li>Retsept on t\u00e4iustatud j\u00e4rgmise p\u00f5lvkonna XOS-ga (ks\u00fcloligosahhariidid), mis on soolestiku tervist toetavad prebiootikumid.<\/li>\n<li>Spetsiaalselt teie koera tervise jaoks koostatud, kasutades k\u00f5rgeima kvaliteediga toitaineid ja testitud Made in Italy testi abil.<\/li>\n<li>See sisaldab ka gl\u00fckosamiini ja kondroitiinsulfaati, et toetada liigeste arengut, ning tasakaalustatud kaltsiumi ja fosfori suhet, mis tagab luude ja liigeste korrap\u00e4rase kasvu.<\/li>\n<\/ul>","protected":false},"excerpt":{"rendered":"<p class=\"MsoNoSpacing\">Kuivtoit kanaga tiinetele ja imetavatele emasloomadele ning kutsikatele.<\/p>","protected":false},"featured_media":30346,"comment_status":"closed","ping_status":"closed","template":"","meta":{"_acf_changed":false,"slim_seo":{"title":"Monge Natural Superpremium Mini Puppy & Junior Lamb & Rice sausas maistas \u0161uniukams - Zooprekes24","description":"Kuivtoit kanaga tiinetele ja imetavatele emasloomadele ning kutsikatele."},"iawp_total_views":75},"product_brand":[],"product_cat":[9192,9002,8999,29,31],"product_tag":[],"class_list":{"0":"post-30333","1":"product","2":"type-product","3":"status-publish","4":"has-post-thumbnail","6":"product_cat-monge-sunims","7":"product_cat-sausas-maistas","8":"product_cat-sunims","9":"product_cat-sunu-maistas","10":"product_cat-sunu-prekiu-gamintojai","11":"pa_pasaro-sudetis-eriena","12":"pa_pasaro-sudetis-ryziai","13":"pa_prekiu-zenklai-monge-natural-superpremium","14":"pa_suns-amzius-jauniems","15":"pa_veisles-dydis-mazoms-veislems","17":"first","18":"instock","19":"taxable","20":"shipping-taxable","21":"purchasable","22":"product-type-variable"},"acf":[],"_links":{"self":[{"href":"https:\/\/zooprekes24.lt\/et\/wp-json\/wp\/v2\/product\/30333","targetHints":{"allow":["GET"]}}],"collection":[{"href":"https:\/\/zooprekes24.lt\/et\/wp-json\/wp\/v2\/product"}],"about":[{"href":"https:\/\/zooprekes24.lt\/et\/wp-json\/wp\/v2\/types\/product"}],"replies":[{"embeddable":true,"href":"https:\/\/zooprekes24.lt\/et\/wp-json\/wp\/v2\/comments?post=30333"}],"wp:featuredmedia":[{"embeddable":true,"href":"https:\/\/zooprekes24.lt\/et\/wp-json\/wp\/v2\/media\/30346"}],"wp:attachment":[{"href":"https:\/\/zooprekes24.lt\/et\/wp-json\/wp\/v2\/media?parent=30333"}],"wp:term":[{"taxonomy":"product_brand","embeddable":true,"href":"https:\/\/zooprekes24.lt\/et\/wp-json\/wp\/v2\/product_brand?post=30333"},{"taxonomy":"product_cat","embeddable":true,"href":"https:\/\/zooprekes24.lt\/et\/wp-json\/wp\/v2\/product_cat?post=30333"},{"taxonomy":"product_tag","embeddable":true,"href":"https:\/\/zooprekes24.lt\/et\/wp-json\/wp\/v2\/product_tag?post=30333"}],"curies":[{"name":"wp","href":"https:\/\/api.w.org\/{rel}","templated":true}]}}