{"id":30066,"date":"2024-09-09T12:18:32","date_gmt":"2024-09-09T09:18:32","guid":{"rendered":"https:\/\/zooprekes24.lt\/?post_type=product&#038;p=30066"},"modified":"2026-03-02T14:47:12","modified_gmt":"2026-03-02T12:47:12","slug":"profine-kalkunipurgid-kassidele-zelees","status":"publish","type":"product","link":"https:\/\/zooprekes24.lt\/et\/produktas\/profine-turkey-konservai-katems-drebuciuose\/","title":{"rendered":"Profine kalkunikonservid kassidele \u017eelees"},"content":{"rendered":"<h3>Profine Turkey on suurep\u00e4rase maitsega, tasakaalustatud niiske kassitoit kotis t\u00e4iskasvanud kassidele alates 1 aasta vanusest. Suurep\u00e4rane valik teie lemmiklooma tervislikuks toitumiseks.<\/h3>\n<ul>\n<li>Halastamatu.<\/li>\n<li>V\u00e4hese rasva- ja kalorisisaldusega.<\/li>\n<li><span style=\"vertical-align: inherit;\"><span style=\"vertical-align: inherit;\"><span style=\"vertical-align: inherit;\"><span style=\"vertical-align: inherit;\">Kohandatud t\u00e4iskasvanutele <\/span><\/span><\/span><\/span><a href=\"https:\/\/zooprekes24.lt\/et\/kategorija\/prekes-katems\/\" target=\"_blank\" rel=\"noopener\"><span style=\"vertical-align: inherit;\"><span style=\"vertical-align: inherit;\"><span style=\"vertical-align: inherit;\"><span style=\"vertical-align: inherit;\">kasside jaoks<\/span><\/span><\/span><\/span><\/a><span style=\"vertical-align: inherit;\"><span style=\"vertical-align: inherit;\"><span style=\"vertical-align: inherit;\"><span style=\"vertical-align: inherit;\">.<\/span><\/span><\/span><\/span><\/li>\n<li><a href=\"https:\/\/www.profinepet.com\" target=\"_blank\" rel=\"noopener\"><span style=\"vertical-align: inherit;\">Konserveerimisel ei kasutata<\/span> s\u00e4ilitusaineid v\u00f5i GMOsid.<\/a><\/li>\n<li>Kuivatatud ravimtaimede (meliss, kummel, kassim\u00e4nd) valem, mis tagab teie lemmikloomale t\u00e4isv\u00e4\u00e4rtusliku ja rahuliku elu.<\/li>\n<\/ul>","protected":false},"excerpt":{"rendered":"<p>Profine Turkey on suurep\u00e4rase maitsega, tasakaalustatud niiske kassitoit kotis t\u00e4iskasvanud kassidele alates 1 aasta vanusest. Suurep\u00e4rane valik teie lemmiklooma tervislikuks toitumiseks. Teraviljavaba. Madal rasva- ja kalorisisaldus. Sobib t\u00e4iskasvanud kassidele. Konservandid ja GMO-d ei ole kasutatud konserveeritud toidus. Kuivatatud ravimtaimede koostis (meliss, kummel, kassim\u00e4nd) teie lemmiklooma t\u00e4isv\u00e4\u00e4rtusliku ja rahuliku elu tagamiseks.<\/p>","protected":false},"featured_media":30069,"comment_status":"closed","ping_status":"closed","template":"","meta":{"_acf_changed":false,"slim_seo":{"title":"Profine Turkey konservai kat\u0117ms drebu\u010diuose - Zooprekes24","description":"Profine Turkey on suurep\u00e4rase maitsega, tasakaalustatud niiske kassitoit kotis t\u00e4iskasvanud kassidele alates 1 aasta vanusest. Suurep\u00e4rane valik tervislikuks toitumiseks teie"},"iawp_total_views":58},"product_brand":[],"product_cat":[9027,72,83,25,9058,9020],"product_tag":[1817,1675],"class_list":{"0":"post-30066","1":"product","2":"type-product","3":"status-publish","4":"has-post-thumbnail","6":"product_cat-begrudis-maistas-kaciu-maistas","7":"product_cat-kaciu-maistas","8":"product_cat-kaciu-prekiu-gamintojai","9":"product_cat-katems","10":"product_cat-profine-katems","11":"product_cat-slapias-maistas-kaciu-maistas","12":"product_tag-edalas-katems","13":"product_tag-kaciu-edalas","14":"pa_pasaro-sudetis-kalakutiena","15":"pa_pasaro-sudetis-katzole","16":"pa_pasaro-sudetis-kepeneles","17":"pa_pasaro-sudetis-vistiena","18":"pa_prekiu-zenklai-profine","20":"first","21":"instock","22":"featured","23":"taxable","24":"shipping-taxable","25":"purchasable","26":"product-type-variable"},"acf":[],"_links":{"self":[{"href":"https:\/\/zooprekes24.lt\/et\/wp-json\/wp\/v2\/product\/30066","targetHints":{"allow":["GET"]}}],"collection":[{"href":"https:\/\/zooprekes24.lt\/et\/wp-json\/wp\/v2\/product"}],"about":[{"href":"https:\/\/zooprekes24.lt\/et\/wp-json\/wp\/v2\/types\/product"}],"replies":[{"embeddable":true,"href":"https:\/\/zooprekes24.lt\/et\/wp-json\/wp\/v2\/comments?post=30066"}],"wp:featuredmedia":[{"embeddable":true,"href":"https:\/\/zooprekes24.lt\/et\/wp-json\/wp\/v2\/media\/30069"}],"wp:attachment":[{"href":"https:\/\/zooprekes24.lt\/et\/wp-json\/wp\/v2\/media?parent=30066"}],"wp:term":[{"taxonomy":"product_brand","embeddable":true,"href":"https:\/\/zooprekes24.lt\/et\/wp-json\/wp\/v2\/product_brand?post=30066"},{"taxonomy":"product_cat","embeddable":true,"href":"https:\/\/zooprekes24.lt\/et\/wp-json\/wp\/v2\/product_cat?post=30066"},{"taxonomy":"product_tag","embeddable":true,"href":"https:\/\/zooprekes24.lt\/et\/wp-json\/wp\/v2\/product_tag?post=30066"}],"curies":[{"name":"wp","href":"https:\/\/api.w.org\/{rel}","templated":true}]}}