{"id":28943,"date":"2024-08-02T20:39:58","date_gmt":"2024-08-02T17:39:58","guid":{"rendered":"https:\/\/zooprekes24.lt\/?post_type=product&#038;p=28943"},"modified":"2026-04-20T09:16:32","modified_gmt":"2026-04-20T07:16:32","slug":"quattro-junior-suurtougu-pardi-begrudis","status":"publish","type":"product","link":"https:\/\/zooprekes24.lt\/et\/produktas\/quattro-junior-large-breed-duck-begrudis\/","title":{"rendered":"Quattro Junior Large Breed Duck teraviljavaba kuivtoit koertele"},"content":{"rendered":"<h3>Quattro Junior Large Breed Duck on teraviljavaba kuivtoit pardiga noortele (2-12 kuu vanustele) suurte t\u00f5ugude koertele, kellel on tundlik seedimine. Toit on valmistatud uuendusliku k\u00fclmkuivatatud lihaga kaetud tehnoloogiaga. See ainulaadne lahendus katab iga toidupelleti loodusliku k\u00fclmkuivatatud lihaga, mis mitte ainult ei rikasta <a href=\"https:\/\/www.youtube.com\/watch?v=nHBX0FeuZ9w\" target=\"_blank\" rel=\"noopener\">Quattro<\/a> looduslikult s\u00e4ilinud toitainetega s\u00f6\u00f6t, mis on ka suurep\u00e4rase s\u00f6\u00f6misomadusega.<\/h3>\n<div class=\"food-feature\">\n<div class=\"food-feature\">\n<div class=\"big\">\n<div class=\"big\">\n<div class=\"big\">\n<ul>\n<li class=\"big\">Kasv ja aktiivsus. Sisaldab 84% loomset valku ja 16% rasva, et rahuldada suurte t\u00f5ugu kutsikate energiavajadust kiireks kasvuks ja aktiivseks m\u00e4nguks.<\/li>\n<li>\n<div class=\"big\">Ei mingeid teravilju. Suurt\u00f5ugu koertele m\u00f5eldud tootesari on teraviljavaba. Tooted on valmistatud bataadi- ja peedimassiga, et tagada tundliku ventilatsioonis\u00fcsteemiga koera igap\u00e4evane toitumine.<\/div>\n<\/li>\n<li>\n<div class=\"big\">Tundlikule seedimisele. Kvaliteetne part annab teie koerale kergesti seeditavat valku, prebiootikume ja taimseid kiudaineid, mis toetavad seedetrakti ja aitavad s\u00e4ilitada head v\u00e4ljaheitekvaliteeti.<\/div>\n<\/li>\n<li>\n<div class=\"big\">\u00d5ppimise toetamine. Looduslikud oomega-3-rasvhapped dokosaheksaeenhape (DHA) ja eikosapentaeenhape (EPA), mis p\u00e4rinevad tervest Antarktika krillist, toetavad \u00f5ppimisprotsessi ja avaldavad positiivset m\u00f5ju teie lemmiklooma \u00fcldisele vaimsele heaolule.<\/div>\n<\/li>\n<\/ul>\n<\/div>\n<\/div>\n<\/div>\n<\/div>\n<\/div>","protected":false},"excerpt":{"rendered":"<p>Quattro Junior Large Breed Duck &#8211; sausas begr\u016bdis maistas su antiena skirtas jauniems (2-12 m\u0117n. am\u017eiaus) dideli\u0173 veisli\u0173 \u0161unims, turintiems jautr\u0173 vir\u0161kinim\u0105. Maistas pagamintas naudojant inovatyvi\u0105 &#8222;freeze-dried meat coated&#8221; technologij\u0105. \u0160io i\u0161skirtinio sprendimo pagalba kiekviena pa\u0161aro granul\u0117 padengiama nat\u016bralia liofilizuota m\u0117sa, ne tik praturtinan\u010dia Quattro pa\u0161arus nat\u016braliai i\u0161saugotomis maistin\u0117mis med\u017eiagomis, bet ir u\u017etikrinan\u010dia puiku produkto&#8230;<\/p>","protected":false},"featured_media":28946,"comment_status":"closed","ping_status":"closed","template":"","meta":{"_acf_changed":false,"slim_seo":{"title":"Quattro Junior Large Breed Duck begr\u016bdis sausas maistas \u0161unims - Zooprekes24","description":"Quattro Junior Large Breed Duck on teraviljavaba kuivtoit pardiga noortele (2-12 kuu vanustele) suurte t\u00f5ugude koertele, kellel on tundlik seedimine."},"iawp_total_views":135},"product_brand":[],"product_cat":[9001,9055,9076,9002,8999,29,31],"product_tag":[175,176,177,743,751,200],"class_list":{"0":"post-28943","1":"product","2":"type-product","3":"status-publish","4":"has-post-thumbnail","6":"product_cat-begrudis-maistas","7":"product_cat-isdziovintas-saltyje-maistas","8":"product_cat-quattro-sunims","9":"product_cat-sausas-maistas","10":"product_cat-sunims","11":"product_cat-sunu-maistas","12":"product_cat-sunu-prekiu-gamintojai","13":"product_tag-begrudis-maistas-sunims","14":"product_tag-begrudis-sunu-maistas","15":"product_tag-edalas-sunims","16":"product_tag-isdziovintas-saltyje-maistas","17":"product_tag-quattro-isdziovintas-saltyje","18":"product_tag-super-premium-maistas-sunims","19":"pa_pasaro-sudetis-antiena","20":"pa_prekiu-zenklai-quattro","21":"pa_suns-amzius-jauniems","22":"pa_veisles-dydis-didelems-veislems","24":"first","25":"instock","26":"sale","27":"featured","28":"taxable","29":"shipping-taxable","30":"purchasable","31":"product-type-variable"},"acf":[],"_links":{"self":[{"href":"https:\/\/zooprekes24.lt\/et\/wp-json\/wp\/v2\/product\/28943","targetHints":{"allow":["GET"]}}],"collection":[{"href":"https:\/\/zooprekes24.lt\/et\/wp-json\/wp\/v2\/product"}],"about":[{"href":"https:\/\/zooprekes24.lt\/et\/wp-json\/wp\/v2\/types\/product"}],"replies":[{"embeddable":true,"href":"https:\/\/zooprekes24.lt\/et\/wp-json\/wp\/v2\/comments?post=28943"}],"wp:featuredmedia":[{"embeddable":true,"href":"https:\/\/zooprekes24.lt\/et\/wp-json\/wp\/v2\/media\/28946"}],"wp:attachment":[{"href":"https:\/\/zooprekes24.lt\/et\/wp-json\/wp\/v2\/media?parent=28943"}],"wp:term":[{"taxonomy":"product_brand","embeddable":true,"href":"https:\/\/zooprekes24.lt\/et\/wp-json\/wp\/v2\/product_brand?post=28943"},{"taxonomy":"product_cat","embeddable":true,"href":"https:\/\/zooprekes24.lt\/et\/wp-json\/wp\/v2\/product_cat?post=28943"},{"taxonomy":"product_tag","embeddable":true,"href":"https:\/\/zooprekes24.lt\/et\/wp-json\/wp\/v2\/product_tag?post=28943"}],"curies":[{"name":"wp","href":"https:\/\/api.w.org\/{rel}","templated":true}]}}