{"id":28926,"date":"2024-08-07T19:29:46","date_gmt":"2024-08-07T16:29:46","guid":{"rendered":"https:\/\/zooprekes24.lt\/?post_type=product&#038;p=28926"},"modified":"2026-04-20T09:15:31","modified_gmt":"2026-04-20T07:15:31","slug":"quattro-senior-all-breed-fish-begrudis","status":"publish","type":"product","link":"https:\/\/zooprekes24.lt\/et\/produktas\/quattro-senior-all-breed-fish-begrudis\/","title":{"rendered":"Quattro Senior All Breed Fish teraviljavaba kuivtoit koertele"},"content":{"rendered":"<h3>Quattro Senior All Breed Fish on valge kala ja krilli sisaldav teraviljavaba kuivtoit \u00fcle 10-aastastele koertele ja koertele, kellel on kalduvus kaalut\u00f5usule. Toit on valmistatud uuendusliku k\u00fclmkuivatatud lihaga kaetud tehnoloogiaga. See ainulaadne lahendus katab iga toidupelleti loodusliku k\u00fclmkuivatatud lihaga, mis mitte ainult ei rikasta <a href=\"https:\/\/www.youtube.com\/watch?v=nHBX0FeuZ9w\" target=\"_blank\" rel=\"noopener\">Quattro<\/a> looduslikult s\u00e4ilinud toitainetega s\u00f6\u00f6t, mis on ka suurep\u00e4rase s\u00f6\u00f6misomadusega.<\/h3>\n<div class=\"food-feature\">\n<div class=\"food-feature\">\n<div class=\"big\">\n<div class=\"big\">\n<ul>\n<li class=\"big\">\n<div class=\"big\">Ei mingeid teravilju. Tootesari k\u00f5ikidele koerat\u00f5ugudele on teraviljavaba. Tooted on valmistatud bataadi- ja peedimassiga, et tagada tundliku seedes\u00fcsteemiga koera igap\u00e4evane toitumine.<\/div>\n<\/li>\n<li>\n<div class=\"big\">Paremaks m\u00e4lu toetamiseks. Rikastatud dokosaheksaeenhappe (DHA) ja eikosapentaeenhappe (EPA) omega-3 rasvhapetega, mis on saadud Antarktika krillist, et parandada kognitiivseid ja m\u00e4lu oskusi teie vanemal koeral.<\/div>\n<\/li>\n<li>\n<div class=\"big\">Kaalukontroll. L-karnitiin, mis stimuleerib rasvade ainevahetust, ja taimne kiudain pakuvad k\u00fcllastustunnet ilma lisakaloriteta ja aitavad s\u00e4ilitada lemmiklooma optimaalset kaalu.<\/div>\n<\/li>\n<li>\n<div class=\"big\">Abi vananemisele. Toetab vanemate suurte t\u00f5ugu koerte tervislikku vananemist t\u00e4nu viiele puuvilja- ja taimeekstraktile, mis toimivad looduslike antioks\u00fcdantidena, et aeglustada rakkude vananemist.<\/div>\n<\/li>\n<\/ul>\n<\/div>\n<\/div>\n<\/div>\n<\/div>","protected":false},"excerpt":{"rendered":"<p>Quattro Senior All Breed Fish &#8211; sausas begr\u016bdis maistas su balta \u017euvimi ir kriliu vyresniems nei 10 met\u0173 \u0161unims ir \u0161unims, kurie link\u0119 priaugti svorio. Maistas pagamintas naudojant inovatyvi\u0105 &#8222;freeze-dried meat coated&#8221; technologij\u0105. \u0160io i\u0161skirtinio sprendimo pagalba kiekviena pa\u0161aro granul\u0117 padengiama nat\u016bralia liofilizuota m\u0117sa, ne tik praturtinan\u010dia Quattro pa\u0161arus nat\u016braliai i\u0161saugotomis maistin\u0117mis med\u017eiagomis, bet ir&#8230;<\/p>","protected":false},"featured_media":28934,"comment_status":"closed","ping_status":"closed","template":"","meta":{"_acf_changed":false,"slim_seo":{"title":"Quattro Senior All Breed Fish begr\u016bdis sausas maistas \u0161unims - Zooprekes24","description":"Quattro Senior All Breed Fish on valge kala ja krilli sisaldav teraviljavaba kuivtoit \u00fcle 10-aastastele koertele ja koertele, kellel on kalduvus kaalut\u00f5usule. Toit"},"iawp_total_views":163},"product_brand":[],"product_cat":[9001,9055,9076,9002,8999,29,31],"product_tag":[175,176,177,743,751,200],"class_list":{"0":"post-28926","1":"product","2":"type-product","3":"status-publish","4":"has-post-thumbnail","6":"product_cat-begrudis-maistas","7":"product_cat-isdziovintas-saltyje-maistas","8":"product_cat-quattro-sunims","9":"product_cat-sausas-maistas","10":"product_cat-sunims","11":"product_cat-sunu-maistas","12":"product_cat-sunu-prekiu-gamintojai","13":"product_tag-begrudis-maistas-sunims","14":"product_tag-begrudis-sunu-maistas","15":"product_tag-edalas-sunims","16":"product_tag-isdziovintas-saltyje-maistas","17":"product_tag-quattro-isdziovintas-saltyje","18":"product_tag-super-premium-maistas-sunims","19":"pa_pasaro-sudetis-zuvis","20":"pa_prekiu-zenklai-quattro","21":"pa_suns-amzius-senjorams","22":"pa_veisles-dydis-didelems-veislems","23":"pa_veisles-dydis-mazoms-veislems","24":"pa_veisles-dydis-vidutinems-veislems","25":"pa_veisles-dydis-visu-dydziu-veislems","27":"first","28":"instock","29":"sale","30":"featured","31":"taxable","32":"shipping-taxable","33":"purchasable","34":"product-type-variable"},"acf":[],"_links":{"self":[{"href":"https:\/\/zooprekes24.lt\/et\/wp-json\/wp\/v2\/product\/28926","targetHints":{"allow":["GET"]}}],"collection":[{"href":"https:\/\/zooprekes24.lt\/et\/wp-json\/wp\/v2\/product"}],"about":[{"href":"https:\/\/zooprekes24.lt\/et\/wp-json\/wp\/v2\/types\/product"}],"replies":[{"embeddable":true,"href":"https:\/\/zooprekes24.lt\/et\/wp-json\/wp\/v2\/comments?post=28926"}],"wp:featuredmedia":[{"embeddable":true,"href":"https:\/\/zooprekes24.lt\/et\/wp-json\/wp\/v2\/media\/28934"}],"wp:attachment":[{"href":"https:\/\/zooprekes24.lt\/et\/wp-json\/wp\/v2\/media?parent=28926"}],"wp:term":[{"taxonomy":"product_brand","embeddable":true,"href":"https:\/\/zooprekes24.lt\/et\/wp-json\/wp\/v2\/product_brand?post=28926"},{"taxonomy":"product_cat","embeddable":true,"href":"https:\/\/zooprekes24.lt\/et\/wp-json\/wp\/v2\/product_cat?post=28926"},{"taxonomy":"product_tag","embeddable":true,"href":"https:\/\/zooprekes24.lt\/et\/wp-json\/wp\/v2\/product_tag?post=28926"}],"curies":[{"name":"wp","href":"https:\/\/api.w.org\/{rel}","templated":true}]}}