{"id":28922,"date":"2024-08-07T19:29:46","date_gmt":"2024-08-07T16:29:46","guid":{"rendered":"https:\/\/zooprekes24.lt\/?post_type=product&#038;p=28922"},"modified":"2026-04-20T09:14:32","modified_gmt":"2026-04-20T07:14:32","slug":"quattro-junior-all-breed-duck-begrudis","status":"publish","type":"product","link":"https:\/\/zooprekes24.lt\/et\/produktas\/quattro-junior-all-breed-duck-begrudis\/","title":{"rendered":"Quattro Junior All Breed Duck teraviljavaba kuivtoit koertele"},"content":{"rendered":"<h3>Quattro Junior All Breed Duck on teraviljavaba kuivtoit pardiga noortele, k\u00f5ikide t\u00f5ugude koertele (2-12 kuu vanused). Toit on valmistatud uuendusliku k\u00fclmkuivatatud lihaga kaetud tehnoloogiaga. See ainulaadne lahendus katab iga pelleti loodusliku k\u00fclmkuivatatud lihaga, mis mitte ainult ei rikasta <a href=\"https:\/\/www.youtube.com\/watch?v=nHBX0FeuZ9w\" target=\"_blank\" rel=\"noopener\">Quattro<\/a> looduslikult s\u00e4ilinud toitainetega s\u00f6\u00f6t, mis on ka suurep\u00e4rase s\u00f6\u00f6misomadusega.<\/h3>\n<div class=\"food-feature\">\n<div class=\"food-feature\">\n<div class=\"big\">\n<div class=\"big\">\n<ul>\n<li class=\"big\">Ei mingeid teravilju. Tootesari k\u00f5ikidele koerat\u00f5ugudele on teraviljavaba. Tooted on valmistatud bataadi- ja peedimassiga, et tagada tundliku seedes\u00fcsteemiga koera igap\u00e4evane toitumine.<\/li>\n<li>\n<div class=\"big\">Kasv ja aktiivsus. Sisaldab 84% loomset valku ja 18% rasva, et rahuldada k\u00f5ikide t\u00f5ugude kutsikate k\u00f5rge energiavajadus kiireks kasvuks ja aktiivseks m\u00e4nguks.<\/div>\n<\/li>\n<li>\n<div class=\"big\">Tundlikule seedimisele. Kvaliteetne part annab teie koerale kergesti seeditavat valku, prebiootikume ja taimseid kiudaineid, mis toetavad seedetrakti ja aitavad s\u00e4ilitada head v\u00e4ljaheitekvaliteeti.<\/div>\n<\/li>\n<li>\n<div class=\"big\">\u00d5ppimise toetamine. Looduslikud oomega-3-rasvhapped dokosaheksaeenhape (DHA) ja eikosapentaeenhape (EPA), mis p\u00e4rinevad tervest Antarktika krillist, toetavad \u00f5ppimisprotsessi ja avaldavad positiivset m\u00f5ju teie lemmiklooma \u00fcldisele vaimsele heaolule.<\/div>\n<\/li>\n<\/ul>\n<\/div>\n<\/div>\n<\/div>\n<\/div>","protected":false},"excerpt":{"rendered":"<p>Quattro Junior All Breed Duck on teraviljavaba kuivtoit pardiga noortele, k\u00f5ikide t\u00f5ugude koertele (2-12 kuu vanused). Toit on valmistatud uuendusliku k\u00fclmkuivatatud lihaga kaetud tehnoloogiaga. See ainulaadne lahendus katab iga pelleti loodusliku k\u00fclmkuivatatud lihaga, mis mitte ainult ei rikasta Quattro toitu looduslikult s\u00e4ilinud toitainetega, vaid tagab ka suurep\u00e4rase maitseomaduste k\u00e4ttesaadavuse. Ei ole teravilja....<\/p>","protected":false},"featured_media":28925,"comment_status":"closed","ping_status":"closed","template":"","meta":{"_acf_changed":false,"slim_seo":{"title":"Quattro Junior All Breed Duck begr\u016bdis sausas maistas \u0161unims - Zooprekes24","description":"Quattro Junior All Breed Duck on teraviljavaba kuivtoit pardiga noortele, k\u00f5ikide t\u00f5ugude koertele (2-12 kuu vanused). Toit on valmistatud uuendusliku"},"iawp_total_views":162},"product_brand":[],"product_cat":[9001,9055,9076,9002,8999,29,31],"product_tag":[175,176,177,743,751,200],"class_list":{"0":"post-28922","1":"product","2":"type-product","3":"status-publish","4":"has-post-thumbnail","6":"product_cat-begrudis-maistas","7":"product_cat-isdziovintas-saltyje-maistas","8":"product_cat-quattro-sunims","9":"product_cat-sausas-maistas","10":"product_cat-sunims","11":"product_cat-sunu-maistas","12":"product_cat-sunu-prekiu-gamintojai","13":"product_tag-begrudis-maistas-sunims","14":"product_tag-begrudis-sunu-maistas","15":"product_tag-edalas-sunims","16":"product_tag-isdziovintas-saltyje-maistas","17":"product_tag-quattro-isdziovintas-saltyje","18":"product_tag-super-premium-maistas-sunims","19":"pa_pasaro-sudetis-antiena","20":"pa_prekiu-zenklai-quattro","21":"pa_suns-amzius-jauniems","22":"pa_veisles-dydis-didelems-veislems","23":"pa_veisles-dydis-mazoms-veislems","24":"pa_veisles-dydis-vidutinems-veislems","25":"pa_veisles-dydis-visu-dydziu-veislems","27":"first","28":"instock","29":"sale","30":"featured","31":"taxable","32":"shipping-taxable","33":"purchasable","34":"product-type-variable"},"acf":[],"_links":{"self":[{"href":"https:\/\/zooprekes24.lt\/et\/wp-json\/wp\/v2\/product\/28922","targetHints":{"allow":["GET"]}}],"collection":[{"href":"https:\/\/zooprekes24.lt\/et\/wp-json\/wp\/v2\/product"}],"about":[{"href":"https:\/\/zooprekes24.lt\/et\/wp-json\/wp\/v2\/types\/product"}],"replies":[{"embeddable":true,"href":"https:\/\/zooprekes24.lt\/et\/wp-json\/wp\/v2\/comments?post=28922"}],"wp:featuredmedia":[{"embeddable":true,"href":"https:\/\/zooprekes24.lt\/et\/wp-json\/wp\/v2\/media\/28925"}],"wp:attachment":[{"href":"https:\/\/zooprekes24.lt\/et\/wp-json\/wp\/v2\/media?parent=28922"}],"wp:term":[{"taxonomy":"product_brand","embeddable":true,"href":"https:\/\/zooprekes24.lt\/et\/wp-json\/wp\/v2\/product_brand?post=28922"},{"taxonomy":"product_cat","embeddable":true,"href":"https:\/\/zooprekes24.lt\/et\/wp-json\/wp\/v2\/product_cat?post=28922"},{"taxonomy":"product_tag","embeddable":true,"href":"https:\/\/zooprekes24.lt\/et\/wp-json\/wp\/v2\/product_tag?post=28922"}],"curies":[{"name":"wp","href":"https:\/\/api.w.org\/{rel}","templated":true}]}}