{"id":28914,"date":"2024-08-02T20:37:33","date_gmt":"2024-08-02T17:37:33","guid":{"rendered":"https:\/\/zooprekes24.lt\/?post_type=product&#038;p=28914"},"modified":"2026-04-20T09:25:26","modified_gmt":"2026-04-20T07:25:26","slug":"quattro-adult-all-breed-salmon-begrudis","status":"publish","type":"product","link":"https:\/\/zooprekes24.lt\/et\/produktas\/quattro-adult-all-breed-salmon-begrudis\/","title":{"rendered":"Quattro Adult All Breed Salmon teraviljavaba kuivtoit koertele"},"content":{"rendered":"<h3>Quattro Adult All Breed Salmon on teraviljavaba h\u00fcpoallergeenne kuivtoit l\u00f5he ja krilliga k\u00f5igi t\u00f5ugude t\u00e4iskasvanud koertele, kellel on toiduallergia kahtlus. Toit on valmistatud uuendusliku k\u00fclmkuivatatud lihaga kaetud tehnoloogiaga. See ainulaadne lahendus katab iga toidupelleti loodusliku k\u00fclmkuivatatud lihaga, mis mitte ainult ei rikasta toitu <a href=\"https:\/\/www.youtube.com\/watch?v=nHBX0FeuZ9w\" target=\"_blank\" rel=\"noopener\">Quattro<\/a> looduslikult s\u00e4ilinud toitainetega s\u00f6\u00f6t, mis on ka suurep\u00e4rase s\u00f6\u00f6misomadusega.<\/h3>\n<div class=\"food-feature\">\n<div class=\"food-feature\">\n<div class=\"big\">\n<ul>\n<li class=\"big\">Nahk ja karusnahk. Omega-3 ja omega-6 rasvhapped koos tsingi ja B-vitamiinidega aitavad s\u00e4ilitada terve naha ning pehme ja l\u00e4ikiva karvkatte.<\/li>\n<li>\n<div class=\"big\">Ei mingeid teravilju. Tootesari k\u00f5ikidele koerat\u00f5ugudele on teraviljavaba. Tooted on valmistatud bataadi- ja peedimassiga, et tagada tundliku seedes\u00fcsteemiga koera igap\u00e4evane toitumine.<\/div>\n<\/li>\n<li>\n<div class=\"big\">Tundlikule seedimisele. Kvaliteetne l\u00f5he annab teie koerale kergesti seeditavat valku, prebiootikumid ja taimsed kiudained toetavad seedetrakti ja aitavad s\u00e4ilitada head v\u00e4ljaheite kvaliteeti.<\/div>\n<\/li>\n<li>\n<div class=\"big\">Rikastatud krilliga. Looduslikud oomega-3-rasvhapped dokosaheksaeenhape (DHA) ja eikosapentaeenhape (EPA) tervest Antarktika krillist toetavad normaalset aju- ja n\u00e4gemisfunktsiooni ning toimivad loodusliku antioks\u00fcdandina immuuns\u00fcsteemi toetamiseks.<\/div>\n<\/li>\n<\/ul>\n<\/div>\n<\/div>\n<\/div>","protected":false},"excerpt":{"rendered":"<p>Quattro Adult All Breed Salmon &#8211; sausas begr\u016bdis hipoalerginis maistas su la\u0161i\u0161a ir kriliu, skirtas vis\u0173 veisli\u0173 suaugusiems \u0161unims, kuriems \u012ftariama alergija maistui. Maistas pagamintas naudojant inovatyvi\u0105 &#8222;freeze-dried meat coated&#8221; technologij\u0105. \u0160io i\u0161skirtinio sprendimo pagalba kiekviena pa\u0161aro granul\u0117 padengiama nat\u016bralia liofilizuota m\u0117sa, ne tik praturtinan\u010dia Quattro pa\u0161arus nat\u016braliai i\u0161saugotomis maistin\u0117mis med\u017eiagomis, bet ir u\u017etikrinan\u010dia puiku&#8230;<\/p>","protected":false},"featured_media":28917,"comment_status":"closed","ping_status":"closed","template":"","meta":{"_acf_changed":false,"slim_seo":{"title":"Quattro Adult All Breed Salmon begr\u016bdis sausas maistas \u0161unims - Zooprekes24","description":"Quattro Adult All Breed Salmon on kuiv, teraviljavaba h\u00fcpoallergeenne toit l\u00f5he ja krilliga t\u00e4iskasvanud koertele k\u00f5ikidest t\u00f5ugudest, kellel on kahtlustatavalt allergiat m"},"iawp_total_views":178},"product_brand":[],"product_cat":[9001,9055,9076,9002,8999,29,31],"product_tag":[175,176,177,743,751,200],"class_list":{"0":"post-28914","1":"product","2":"type-product","3":"status-publish","4":"has-post-thumbnail","6":"product_cat-begrudis-maistas","7":"product_cat-isdziovintas-saltyje-maistas","8":"product_cat-quattro-sunims","9":"product_cat-sausas-maistas","10":"product_cat-sunims","11":"product_cat-sunu-maistas","12":"product_cat-sunu-prekiu-gamintojai","13":"product_tag-begrudis-maistas-sunims","14":"product_tag-begrudis-sunu-maistas","15":"product_tag-edalas-sunims","16":"product_tag-isdziovintas-saltyje-maistas","17":"product_tag-quattro-isdziovintas-saltyje","18":"product_tag-super-premium-maistas-sunims","19":"pa_pasaro-sudetis-lasisa","20":"pa_pasaro-sudetis-zuvis","21":"pa_prekiu-zenklai-quattro","22":"pa_suns-amzius-suaugusiems","23":"pa_veisles-dydis-didelems-veislems","24":"pa_veisles-dydis-mazoms-veislems","25":"pa_veisles-dydis-vidutinems-veislems","26":"pa_veisles-dydis-visu-dydziu-veislems","28":"first","29":"instock","30":"sale","31":"taxable","32":"shipping-taxable","33":"purchasable","34":"product-type-variable"},"acf":[],"_links":{"self":[{"href":"https:\/\/zooprekes24.lt\/et\/wp-json\/wp\/v2\/product\/28914","targetHints":{"allow":["GET"]}}],"collection":[{"href":"https:\/\/zooprekes24.lt\/et\/wp-json\/wp\/v2\/product"}],"about":[{"href":"https:\/\/zooprekes24.lt\/et\/wp-json\/wp\/v2\/types\/product"}],"replies":[{"embeddable":true,"href":"https:\/\/zooprekes24.lt\/et\/wp-json\/wp\/v2\/comments?post=28914"}],"wp:featuredmedia":[{"embeddable":true,"href":"https:\/\/zooprekes24.lt\/et\/wp-json\/wp\/v2\/media\/28917"}],"wp:attachment":[{"href":"https:\/\/zooprekes24.lt\/et\/wp-json\/wp\/v2\/media?parent=28914"}],"wp:term":[{"taxonomy":"product_brand","embeddable":true,"href":"https:\/\/zooprekes24.lt\/et\/wp-json\/wp\/v2\/product_brand?post=28914"},{"taxonomy":"product_cat","embeddable":true,"href":"https:\/\/zooprekes24.lt\/et\/wp-json\/wp\/v2\/product_cat?post=28914"},{"taxonomy":"product_tag","embeddable":true,"href":"https:\/\/zooprekes24.lt\/et\/wp-json\/wp\/v2\/product_tag?post=28914"}],"curies":[{"name":"wp","href":"https:\/\/api.w.org\/{rel}","templated":true}]}}