{"id":28752,"date":"2024-07-25T16:54:22","date_gmt":"2024-07-25T13:54:22","guid":{"rendered":"https:\/\/zooprekes24.lt\/?post_type=product&#038;p=28752"},"modified":"2026-05-11T16:59:32","modified_gmt":"2026-05-11T14:59:32","slug":"zaislu-rinkinys-sunims-raudonas-10-vnt","status":"publish","type":"product","link":"https:\/\/zooprekes24.lt\/et\/produktas\/zaislu-rinkinys-sunims-raudonas-10-vnt\/","title":{"rendered":"\u017daisl\u0173 rinkinys \u0161unims, raudonas, 10 vnt"},"content":{"rendered":"<h3>Kas gali b\u016bti geriau u\u017e nauj\u0105 \u017eaisl\u0105? Ogi daug nauj\u0173 \u017eaisl\u0173 kuriuos galima m\u0117tyti, gaudyti, tampyti ir visaip kitaip \u0161\u0117lti ir smagiai leisti laik\u0105! \u0160is \u017eaisl\u0173 rinkinys pritaikytas vis\u0173 am\u017eiaus grupi\u0173 ir veisli\u0173 \u0161unims bei j\u0173 aktyviam laisvalaikiui ir u\u017eimtumui skatinti.<\/h3>\n<ul>\n<li>Ekonomi\u0161kas, uodegas vizginantis rinkinys.<\/li>\n<li>Pritaikyta vis\u0173 am\u017eiaus grupi\u0173 ir veisli\u0173 \u0161unims.<\/li>\n<li>Rinkinyje 10 vnt skirting\u0173 spalv\u0173 ir form\u0173 \u017eaisl\u0173.<\/li>\n<li>Virvelinius \u017eaislus galima skalbti skalbimo ma\u0161inoje.<\/li>\n<li>Skirting\u0173 dyd\u017ei\u0173: did\u017eiausias 38 cm, ma\u017eiausias 5 cm.<\/li>\n<li>Skirta m\u0117tymui, tampymui, grau\u017eimui ir kitoms aktyvioms veikloms.<\/li>\n<li>Virveliniai \u017eaislai pagaminti i\u0161 100% medvil\u0117s, tod\u0117l yra patvar\u016bs ir saug\u016bs \u017eaidimams.<\/li>\n<li>Puikus pasirinkimas jauniems \u0161uniukams, kuri\u0173 dantys kalasi ir kurie nori kramtyti visk\u0105 k\u0105 mato aplink save \ud83d\ude42<\/li>\n<\/ul>","protected":false},"excerpt":{"rendered":"<p>Kas gali b\u016bti geriau u\u017e nauj\u0105 \u017eaisl\u0105? Ogi daug nauj\u0173 \u017eaisl\u0173 kuriuos galima m\u0117tyti, gaudyti, tampyti ir visaip kitaip \u0161\u0117lti ir smagiai leisti laik\u0105! \u0160is \u017eaisl\u0173 rinkinys pritaikytas vis\u0173 am\u017eiaus grupi\u0173 ir veisli\u0173 \u0161unims bei j\u0173 aktyviam laisvalaikiui ir u\u017eimtumui skatinti. Ekonomi\u0161kas, uodegas vizginantis rinkinys. Pritaikyta vis\u0173 am\u017eiaus grupi\u0173 ir veisli\u0173 \u0161unims. Rinkinyje 10 vnt&#8230;<\/p>","protected":false},"featured_media":28753,"comment_status":"closed","ping_status":"closed","template":"","meta":{"_acf_changed":false,"slim_seo":{"title":"\u017daisl\u0173 rinkinys \u0161unims, raudonas, 10 vnt - Zooprekes24","description":"Kas gali b\u016bti geriau u\u017e nauj\u0105 \u017eaisl\u0105? Ogi daug nauj\u0173 \u017eaisl\u0173 kuriuos galima m\u0117tyti, gaudyti, tampyti ir visaip kitaip \u0161\u0117lti ir smagiai leisti laik\u0105! \u0160is \u017eaisl\u0173 r"},"iawp_total_views":0},"product_brand":[],"product_cat":[32,8999,9024],"product_tag":[],"class_list":{"0":"post-28752","1":"product","2":"type-product","3":"status-publish","4":"has-post-thumbnail","6":"product_cat-kitos-sunu-prekes","7":"product_cat-sunims","8":"product_cat-zaislai-sunims","9":"pa_suns-amzius-jauniems","10":"pa_suns-amzius-senjorams","11":"pa_suns-amzius-suaugusiems","12":"pa_suns-amzius-visiems-amziams","13":"pa_veisles-dydis-didelems-veislems","14":"pa_veisles-dydis-mazoms-veislems","15":"pa_veisles-dydis-vidutinems-veislems","16":"pa_veisles-dydis-visu-dydziu-veislems","18":"first","19":"instock","20":"sale","21":"featured","22":"taxable","23":"shipping-taxable","24":"purchasable","25":"product-type-simple"},"acf":[],"_links":{"self":[{"href":"https:\/\/zooprekes24.lt\/et\/wp-json\/wp\/v2\/product\/28752","targetHints":{"allow":["GET"]}}],"collection":[{"href":"https:\/\/zooprekes24.lt\/et\/wp-json\/wp\/v2\/product"}],"about":[{"href":"https:\/\/zooprekes24.lt\/et\/wp-json\/wp\/v2\/types\/product"}],"replies":[{"embeddable":true,"href":"https:\/\/zooprekes24.lt\/et\/wp-json\/wp\/v2\/comments?post=28752"}],"wp:featuredmedia":[{"embeddable":true,"href":"https:\/\/zooprekes24.lt\/et\/wp-json\/wp\/v2\/media\/28753"}],"wp:attachment":[{"href":"https:\/\/zooprekes24.lt\/et\/wp-json\/wp\/v2\/media?parent=28752"}],"wp:term":[{"taxonomy":"product_brand","embeddable":true,"href":"https:\/\/zooprekes24.lt\/et\/wp-json\/wp\/v2\/product_brand?post=28752"},{"taxonomy":"product_cat","embeddable":true,"href":"https:\/\/zooprekes24.lt\/et\/wp-json\/wp\/v2\/product_cat?post=28752"},{"taxonomy":"product_tag","embeddable":true,"href":"https:\/\/zooprekes24.lt\/et\/wp-json\/wp\/v2\/product_tag?post=28752"}],"curies":[{"name":"wp","href":"https:\/\/api.w.org\/{rel}","templated":true}]}}