{"id":28734,"date":"2024-07-25T16:40:14","date_gmt":"2024-07-25T13:40:14","guid":{"rendered":"https:\/\/zooprekes24.lt\/?post_type=product&#038;p=28734"},"modified":"2026-05-11T17:00:36","modified_gmt":"2026-05-11T15:00:36","slug":"savaime-issivalantis-sepetys-sunims-ir-katems","status":"publish","type":"product","link":"https:\/\/zooprekes24.lt\/et\/produktas\/savaime-issivalantis-sepetys-sunims-ir-katems\/","title":{"rendered":"Savaime i\u0161sivalantis \u0161epetys \u0161unims ir kat\u0117ms, m\u0117lynas"},"content":{"rendered":"<h3>Namuose ir ant r\u016bb\u0173 m\u0117tosi J\u016bs\u0173 augintinio plaukai? \u0160is \u0161epetys padeda i\u0161\u0161ukuoti kail\u012f (\u012fskaitant ir pokail\u012f), apsaugo nuo s\u0105v\u0117l\u0173 ir palengvina prie\u017ei\u016bra net ir sunkiai prieinamose vietose. <strong>\u0160epe\u010dio veikimas paremtas plauk\u0173 atskyriklio su spyruokle principu, kuris padaro \u0161epe\u010dio valym\u0105 itin paprast\u0105. Tereikia paspausti mygtuk\u0105 ir visi surinkti plaukai patys atkibs!<\/strong><\/h3>\n<ul>\n<li>Spalva: m\u0117lyna.<\/li>\n<li>Dydis: 10 x 16 cm.<\/li>\n<li>Pritaikytas \u0161un\u0173 ir ka\u010di\u0173 kailiui.<\/li>\n<li>Efektyvus perteklini\u0173 plauk\u0173 nu\u0117mimas.<\/li>\n<li>Nereikalauja joki\u0173 baterij\u0173 (mechaninis).<\/li>\n<li>Suteikia masa\u017euojant\u012f, atpalaiduojant\u012f efekt\u0105.<\/li>\n<li>Auk\u0161ta kokyb\u0117 &#8211; pagaminta i\u0161 ner\u016bdijan\u010dio plieno.<\/li>\n<li>Savaiminis i\u0161sivalymas vieno mygtuko paspaudimu.<\/li>\n<li>Ergonomi\u0161ka ir patogi rankena u\u017etikrina atsipalaidavim\u0105 tiek Jums, tiek J\u016bs\u0173 augintiniui.<\/li>\n<\/ul>","protected":false},"excerpt":{"rendered":"<p>Namuose ir ant r\u016bb\u0173 m\u0117tosi J\u016bs\u0173 augintinio plaukai? \u0160is \u0161epetys padeda i\u0161\u0161ukuoti kail\u012f (\u012fskaitant ir pokail\u012f), apsaugo nuo s\u0105v\u0117l\u0173 ir palengvina prie\u017ei\u016bra net ir sunkiai prieinamose vietose. \u0160epe\u010dio veikimas paremtas plauk\u0173 atskyriklio su spyruokle principu, kuris padaro \u0161epe\u010dio valym\u0105 itin paprast\u0105. Tereikia paspausti mygtuk\u0105 ir visi surinkti plaukai patys atkibs! Spalva: m\u0117lyna. Dydis: 10 x&#8230;<\/p>","protected":false},"featured_media":28738,"comment_status":"closed","ping_status":"closed","template":"","meta":{"_acf_changed":false,"slim_seo":{"title":"Savaime i\u0161sivalantis \u0161epetys \u0161unims ir kat\u0117ms, m\u0117lynas - Zooprekes24","description":"Namuose ir ant r\u016bb\u0173 m\u0117tosi J\u016bs\u0173 augintinio plaukai? \u0160is \u0161epetys padeda i\u0161\u0161ukuoti kail\u012f (\u012fskaitant ir pokail\u012f), apsaugo nuo s\u0105v\u0117l\u0173 ir palengvina prie\u017ei\u016bra net ir"},"iawp_total_views":0},"product_brand":[],"product_cat":[25,104,32,9025,9026,8999],"product_tag":[],"class_list":{"0":"post-28734","1":"product","2":"type-product","3":"status-publish","4":"has-post-thumbnail","6":"product_cat-katems","7":"product_cat-kitos-kaciu-prekes","8":"product_cat-kitos-sunu-prekes","9":"product_cat-prieziuros-priemones-katems","10":"product_cat-prieziuros-priemones-sunims","11":"product_cat-sunims","12":"pa_suns-amzius-jauniems","13":"pa_suns-amzius-senjorams","14":"pa_suns-amzius-suaugusiems","15":"pa_suns-amzius-visiems-amziams","16":"pa_veisles-dydis-didelems-veislems","17":"pa_veisles-dydis-mazoms-veislems","18":"pa_veisles-dydis-vidutinems-veislems","19":"pa_veisles-dydis-visu-dydziu-veislems","21":"first","22":"instock","23":"sale","24":"featured","25":"taxable","26":"shipping-taxable","27":"purchasable","28":"product-type-simple"},"acf":[],"_links":{"self":[{"href":"https:\/\/zooprekes24.lt\/et\/wp-json\/wp\/v2\/product\/28734","targetHints":{"allow":["GET"]}}],"collection":[{"href":"https:\/\/zooprekes24.lt\/et\/wp-json\/wp\/v2\/product"}],"about":[{"href":"https:\/\/zooprekes24.lt\/et\/wp-json\/wp\/v2\/types\/product"}],"replies":[{"embeddable":true,"href":"https:\/\/zooprekes24.lt\/et\/wp-json\/wp\/v2\/comments?post=28734"}],"wp:featuredmedia":[{"embeddable":true,"href":"https:\/\/zooprekes24.lt\/et\/wp-json\/wp\/v2\/media\/28738"}],"wp:attachment":[{"href":"https:\/\/zooprekes24.lt\/et\/wp-json\/wp\/v2\/media?parent=28734"}],"wp:term":[{"taxonomy":"product_brand","embeddable":true,"href":"https:\/\/zooprekes24.lt\/et\/wp-json\/wp\/v2\/product_brand?post=28734"},{"taxonomy":"product_cat","embeddable":true,"href":"https:\/\/zooprekes24.lt\/et\/wp-json\/wp\/v2\/product_cat?post=28734"},{"taxonomy":"product_tag","embeddable":true,"href":"https:\/\/zooprekes24.lt\/et\/wp-json\/wp\/v2\/product_tag?post=28734"}],"curies":[{"name":"wp","href":"https:\/\/api.w.org\/{rel}","templated":true}]}}