{"id":27529,"date":"2024-06-19T17:29:44","date_gmt":"2024-06-19T14:29:44","guid":{"rendered":"https:\/\/zooprekes24.lt\/?post_type=product&#038;p=27529"},"modified":"2026-03-10T15:25:45","modified_gmt":"2026-03-10T13:25:45","slug":"bioiberica-atopivet-kreem-koertele-ja-kassidele","status":"publish","type":"product","link":"https:\/\/zooprekes24.lt\/et\/produktas\/bioiberica-atopivet-lotion-sunims-ir-katems\/","title":{"rendered":"Bioiberica Atopivet Lotion koertele ja kassidele, kreem epidermise taastamiseks p\u00e4rast ja ajal dermatoloogiliste haiguste korral N16"},"content":{"rendered":"<h3>Bioiberica Atopivet Lotion koertele ja kassidele on m\u00f5eldud teie lemmiklooma naha tervise taastamiseks, eriti dermatoloogiliste haiguste, n\u00e4iteks atoopilise dermatiidi korral. See tugevdab nahabarj\u00e4\u00e4ri ja kaitseb allergeenide, \u00e4rritajate ja haigustekitajate eest. Sisaldab p\u00f5letikuvastaseid koostisosi, mis aitavad v\u00e4hendada nahahaigustega seotud ebamugavustunnet ja s\u00fcgelust.<\/h3>\n<ul>\n<li>Tugevdab nahabarj\u00e4\u00e4ri, kaitstes allergeenide, \u00e4rritajate ja patogeenide eest.<\/li>\n<li>See sisaldab p\u00f5letikuvastaseid koostisosi, mis v\u00e4hendavad s\u00fcgelust ja p\u00f5letikku.<\/li>\n<li>H\u00fcaluroonhape ja aaloe vera niisutavad ja rahustavad s\u00fcgavuti, parandavad naha seisundit ja annavad mugava tunde.<\/li>\n<li>Nukleotiidid toetavad naha loomulikku immuuns\u00fcsteemi, aidates tal paremini reageerida \u00e4rritajatele ja allergeenidele.<\/li>\n<li>Gl\u00fckotehnoloogia v\u00e4hendab mikroobiinfektsioonide ohtu, takistades kahjulike organismide kinnitumist nahale.<\/li>\n<li>Kreemi tekstuuri t\u00f5ttu on seda lihtne kanda ja \u00fchtlaselt jaotada lemmiklooma nahale, isegi raskesti ligip\u00e4\u00e4setavates kohtades. Erinevalt \u0161ampoonidest v\u00f5i palsamitest ei pea toodet maha loputama, mist\u00f5ttu on seda mugav regulaarselt kasutada. Toode imendub kiiresti naha sisse ja mitte ainult ei leevenda koheselt kuivuse ja pinguldatuse s\u00fcmptomeid, vaid annab nahale ka mugavustunde, j\u00e4tmata rasvast kihti.<\/li>\n<\/ul>","protected":false},"excerpt":{"rendered":"<p>Bioiberica Atopivet Lotion koertele ja kassidele on m\u00f5eldud teie lemmiklooma naha tervise taastamiseks, eriti dermatoloogiliste haiguste, n\u00e4iteks atoopilise dermatiidi korral. See tugevdab nahabarj\u00e4\u00e4ri ja kaitseb allergeenide, \u00e4rritajate ja haigustekitajate eest. Sisaldab p\u00f5letikuvastaseid koostisosi, mis aitavad v\u00e4hendada nahahaigustega seotud ebamugavustunnet ja s\u00fcgelust. Tugevdab nahabarj\u00e4\u00e4ri ja kaitseb allergeenide, \u00e4rritavate ainete ja patogeenide eest. Sisaldab...<\/p>","protected":false},"featured_media":27532,"comment_status":"closed","ping_status":"closed","template":"","meta":{"_acf_changed":false,"slim_seo":{"title":"Bioiberica Atopivet Lotion \u0161unims ir kat\u0117ms, losjonas epidermio atstatymui po dermatologini\u0173 lig\u0173 bei j\u0173 metu N16 - Zooprekes24","description":"Bioiberica Atopivet Lotion koertele ja kassidele on m\u00f5eldud teie lemmiklooma naha tervise taastamiseks, eriti dermatoloogiliste haiguste, n\u00e4iteks atoopiliste haiguste korral."},"iawp_total_views":102},"product_brand":[],"product_cat":[9112,9102,83,25,104,32,8999,31,9017,9022],"product_tag":[],"class_list":{"0":"post-27529","1":"product","2":"type-product","3":"status-publish","4":"has-post-thumbnail","6":"product_cat-bioiberica-katems","7":"product_cat-bioiberica-sunims","8":"product_cat-kaciu-prekiu-gamintojai","9":"product_cat-katems","10":"product_cat-kitos-kaciu-prekes","11":"product_cat-kitos-sunu-prekes","12":"product_cat-sunims","13":"product_cat-sunu-prekiu-gamintojai","14":"product_cat-vitaminai-ir-papildai-katems","15":"product_cat-vitaminai-ir-papildai-sunims","16":"pa_prekiu-zenklai-bioiberica","17":"pa_suns-amzius-jauniems","18":"pa_suns-amzius-senjorams","19":"pa_suns-amzius-suaugusiems","20":"pa_suns-amzius-visiems-amziams","21":"pa_veisles-dydis-didelems-veislems","22":"pa_veisles-dydis-mazoms-veislems","23":"pa_veisles-dydis-vidutinems-veislems","24":"pa_veisles-dydis-visu-dydziu-veislems","26":"first","27":"outofstock","28":"featured","29":"taxable","30":"shipping-taxable","31":"purchasable","32":"product-type-simple"},"acf":[],"_links":{"self":[{"href":"https:\/\/zooprekes24.lt\/et\/wp-json\/wp\/v2\/product\/27529","targetHints":{"allow":["GET"]}}],"collection":[{"href":"https:\/\/zooprekes24.lt\/et\/wp-json\/wp\/v2\/product"}],"about":[{"href":"https:\/\/zooprekes24.lt\/et\/wp-json\/wp\/v2\/types\/product"}],"replies":[{"embeddable":true,"href":"https:\/\/zooprekes24.lt\/et\/wp-json\/wp\/v2\/comments?post=27529"}],"wp:featuredmedia":[{"embeddable":true,"href":"https:\/\/zooprekes24.lt\/et\/wp-json\/wp\/v2\/media\/27532"}],"wp:attachment":[{"href":"https:\/\/zooprekes24.lt\/et\/wp-json\/wp\/v2\/media?parent=27529"}],"wp:term":[{"taxonomy":"product_brand","embeddable":true,"href":"https:\/\/zooprekes24.lt\/et\/wp-json\/wp\/v2\/product_brand?post=27529"},{"taxonomy":"product_cat","embeddable":true,"href":"https:\/\/zooprekes24.lt\/et\/wp-json\/wp\/v2\/product_cat?post=27529"},{"taxonomy":"product_tag","embeddable":true,"href":"https:\/\/zooprekes24.lt\/et\/wp-json\/wp\/v2\/product_tag?post=27529"}],"curies":[{"name":"wp","href":"https:\/\/api.w.org\/{rel}","templated":true}]}}