{"id":27523,"date":"2024-06-19T16:31:07","date_gmt":"2024-06-19T13:31:07","guid":{"rendered":"https:\/\/zooprekes24.lt\/?post_type=product&#038;p=27523"},"modified":"2026-04-24T04:26:35","modified_gmt":"2026-04-24T02:26:35","slug":"bioiberica-atopivet-kaelarihm-koertele","status":"publish","type":"product","link":"https:\/\/zooprekes24.lt\/et\/produktas\/bioiberica-atopivet-antkaklis-sunims\/","title":{"rendered":"Bioiberica Atopivet kaelarihm koertele, naha toitmiseks ja kaitseks deh\u00fcdratsiooni eest, &gt;10 kg, 75 cm pikkune"},"content":{"rendered":"<h3>Bioiberica Atopivet Collar on kosmeetikatoode koerte naha hooldamiseks, eriti atoopilise dermatiidi v\u00f5i muude nahahaiguste korral.<\/h3>\n<ul>\n<li>Toimeained: asendamatud rasvhapped ja muud \u00fchendid, mis niisutavad looma nahka ja karvkatte.<\/li>\n<li>Veekindel: kaelarihm on kavandatud veekindlaks, nii et koerad saavad seda pidevalt kanda, ilma et see kaotaks oma t\u00f5husust.<\/li>\n<li>Mugav kasutada: krae tagab toimeainete pideva vabanemise ja on mugav alternatiiv suukaudsetele toidulisanditele v\u00f5i paiksele ravile.<\/li>\n<li>Naha tervise toetamine: krae on m\u00f5eldud atoopilise dermatiidi s\u00fcmptomite, nagu s\u00fcgelus, punetus ja p\u00f5letik, leevendamiseks ja v\u00e4hendamiseks.<\/li>\n<\/ul>","protected":false},"excerpt":{"rendered":"<p>Bioiberica Atopivet antkaklis yra kosmetinis produktas skirtas \u0161un\u0173 odos prie\u017ei\u016brai ypa\u010d sergant atopiniu dermatitu ar kitomis odos ligomis. Aktyv\u016bs ingredientai: sud\u0117tyje esan\u010dios nepakei\u010diamos riebal\u0173 r\u016bg\u0161tys ir kiti junginiai, dr\u0117kina gyv\u016bno od\u0105 bei kail\u012f. Atsparus vandeniui: antkaklis sukurtas taip, kad b\u016bt\u0173 atsparus vandeniui, tod\u0117l \u0161unys gali juos d\u0117v\u0117ti nuolat neprarandant savo veiksmingumo. Patogus naudojimas: antkaklis u\u017etikrina&#8230;<\/p>","protected":false},"featured_media":27525,"comment_status":"closed","ping_status":"closed","template":"","meta":{"_acf_changed":false,"slim_seo":{"title":"Bioiberica Atopivet antkaklis \u0161unims, odos maitinimui ir apsaugai nuo dehidratacijos, &gt;10 kg, 75 cm ilgio - Zooprekes24","description":"Bioiberica Atopivet Collar on kosmeetikatoode koerte naha hooldamiseks, eriti atoopilise dermatiidi v\u00f5i muude nahahaiguste korral. Toimeained"},"iawp_total_views":59},"product_brand":[],"product_cat":[9102,32,8999,31,9022],"product_tag":[],"class_list":{"0":"post-27523","1":"product","2":"type-product","3":"status-publish","4":"has-post-thumbnail","6":"product_cat-bioiberica-sunims","7":"product_cat-kitos-sunu-prekes","8":"product_cat-sunims","9":"product_cat-sunu-prekiu-gamintojai","10":"product_cat-vitaminai-ir-papildai-sunims","11":"pa_prekiu-zenklai-bioiberica","12":"pa_suns-amzius-jauniems","13":"pa_suns-amzius-senjorams","14":"pa_suns-amzius-suaugusiems","15":"pa_suns-amzius-visiems-amziams","16":"pa_veisles-dydis-didelems-veislems","17":"pa_veisles-dydis-vidutinems-veislems","19":"first","20":"instock","21":"featured","22":"taxable","23":"shipping-taxable","24":"purchasable","25":"product-type-simple"},"acf":[],"_links":{"self":[{"href":"https:\/\/zooprekes24.lt\/et\/wp-json\/wp\/v2\/product\/27523","targetHints":{"allow":["GET"]}}],"collection":[{"href":"https:\/\/zooprekes24.lt\/et\/wp-json\/wp\/v2\/product"}],"about":[{"href":"https:\/\/zooprekes24.lt\/et\/wp-json\/wp\/v2\/types\/product"}],"replies":[{"embeddable":true,"href":"https:\/\/zooprekes24.lt\/et\/wp-json\/wp\/v2\/comments?post=27523"}],"wp:featuredmedia":[{"embeddable":true,"href":"https:\/\/zooprekes24.lt\/et\/wp-json\/wp\/v2\/media\/27525"}],"wp:attachment":[{"href":"https:\/\/zooprekes24.lt\/et\/wp-json\/wp\/v2\/media?parent=27523"}],"wp:term":[{"taxonomy":"product_brand","embeddable":true,"href":"https:\/\/zooprekes24.lt\/et\/wp-json\/wp\/v2\/product_brand?post=27523"},{"taxonomy":"product_cat","embeddable":true,"href":"https:\/\/zooprekes24.lt\/et\/wp-json\/wp\/v2\/product_cat?post=27523"},{"taxonomy":"product_tag","embeddable":true,"href":"https:\/\/zooprekes24.lt\/et\/wp-json\/wp\/v2\/product_tag?post=27523"}],"curies":[{"name":"wp","href":"https:\/\/api.w.org\/{rel}","templated":true}]}}