{"id":27424,"date":"2024-06-17T17:02:30","date_gmt":"2024-06-17T14:02:30","guid":{"rendered":"https:\/\/zooprekes24.lt\/?post_type=product&#038;p=27424"},"modified":"2026-03-10T15:34:44","modified_gmt":"2026-03-10T13:34:44","slug":"bioiberica-atopivet-suukaudne-suspensioon-koertele-ja-kassidele-2","status":"publish","type":"product","link":"https:\/\/zooprekes24.lt\/et\/produktas\/bioiberica-atopivet-geriamoji-suspensija-sunims-ir-katems\/","title":{"rendered":"Bioiberica Atopivet suukaudne suspensioon koertele ja kassidele, epidermise taastamiseks p\u00e4rast dermatoloogilisi haigusi ja nende ajal 120 ml"},"content":{"rendered":"<h3>Bioiberica Atopivet suukaudne suspensioon koertele ja kassidele on m\u00f5eldud teie lemmiklooma naha tervise taastamiseks, eriti dermatoloogiliste haiguste, n\u00e4iteks atoopilise dermatiidi korral. Toidulisand parandab naha barj\u00e4\u00e4rifunktsiooni, v\u00e4hendab s\u00fcgeluse s\u00fcmptomeid ja soodustab naha \u00fcldist tervist.<\/h3>\n<ul>\n<li>Dermial\u00ae h\u00fcaluroonhape parandab m\u00e4rkimisv\u00e4\u00e4rselt fibroblastide migratsiooni ja proliferatsiooni, mille tulemuseks on naha kiirem epidermise uuenemine. Suurem h\u00fcaluroonhappe kontsentratsioon taastab naha h\u00fcdratsiooni ja suurendab elastiini tootmist.<\/li>\n<li>Plasma E-vitamiini tase oli atoopilise dermatiidiga loomadel m\u00e4rkimisv\u00e4\u00e4rselt madalam kui tervetel kontrollidel. E-vitamiin toimib tugeva antioks\u00fcdandina ja soodustab nahakahjustuste paranemist. E-vitamiini saab t\u00e4iendada toidulisandiga.<\/li>\n<li>Atoopiline dermatiit v\u00f5ib m\u00f5jutada naha v\u00e4liskihi lipiidide koguhulka. Kui lipiidide tase v\u00e4heneb, muutub nahk deh\u00fcdraatiliseks ja haavatavamaks v\u00e4liste allergeenide ja patogeenide suhtes. Selles tootes sisalduv eikosapentaeenhape aitab taastada kahjustatud lipiidikihti ning v\u00e4hendab s\u00fcgelust ja p\u00f5letikulisi protsesse.<\/li>\n<li>Nucleoforce\u00ae on spetsiaalselt koertele m\u00f5eldud erinevate nukleotiidiklastrite profiil. Nukleotiidid on olulised toitained, mis moodustavad rakkude nukleiinhappe\u00fchikud. Nukleotiide saab looduslikult s\u00fcnteesida organismis, kuid tingimustes, kus vajadus nukleotiidide j\u00e4rele on oluliselt suurenenud, tuleb vajalik kogus saada v\u00e4liselt. Nukleotiidide kogus tavalises koeratoidus on v\u00e4ga v\u00e4ike. Aastaid on uuritud, kuidas nukleotiidid aitavad kaasa immuunvastuse reguleerimisele ja nukleotiidide v\u00f5imalikule kasutamisele. On n\u00e4idatud, et nukleotiidid soodustavad epidermise regenereerimist, haavade paranemist, fibroblastide proliferatsiooni ja migratsiooni. Fibroblastidel on naha regenereerimisel v\u00f5tmeroll.<\/li>\n<\/ul>","protected":false},"excerpt":{"rendered":"<p>Bioiberica Atopivet geriamoji suspensija \u0161unims ir kat\u0117ms skirta atstatyti augintinio odos sveikat\u0105, ypa\u010d susid\u016brus su dermatologin\u0117mis ligomis, tokiomis kaip: atopinis dermatitas. Papildas pagerins odos barjerin\u0119 funkcij\u0105, suma\u017eins nie\u017eulio simptomus ir skatins bendr\u0105 odos sveikat\u0105. Dermial\u00ae hialurono r\u016bg\u0161tis \u017eenkliai pagerina fibroblast\u0173 migracij\u0105 ir proliferacij\u0105, tod\u0117l odos epidermis grei\u010diau atsinaujina. D\u0117l didesn\u0117s hialurono r\u016bg\u0161ties koncentracijos atstatoma odos&#8230;<\/p>","protected":false},"featured_media":27428,"comment_status":"closed","ping_status":"closed","template":"","meta":{"_acf_changed":false,"slim_seo":{"title":"Bioiberica Atopivet geriamoji suspensija \u0161unims ir kat\u0117ms, epidermio atstatymui po dermatologini\u0173 lig\u0173 bei j\u0173 metu 120 ml - Zooprekes24","description":"Bioiberica Atopivet suukaudne suspensioon koertele ja kassidele on m\u00f5eldud teie lemmiklooma naha tervise taastamiseks, eriti selliste dermatoloogiliste haiguste puhul nagu:"},"iawp_total_views":63},"product_brand":[],"product_cat":[9102,9112,83,25,104,32,8999,31,9017,9022],"product_tag":[],"class_list":{"0":"post-27424","1":"product","2":"type-product","3":"status-publish","4":"has-post-thumbnail","6":"product_cat-bioiberica-sunims","7":"product_cat-bioiberica-katems","8":"product_cat-kaciu-prekiu-gamintojai","9":"product_cat-katems","10":"product_cat-kitos-kaciu-prekes","11":"product_cat-kitos-sunu-prekes","12":"product_cat-sunims","13":"product_cat-sunu-prekiu-gamintojai","14":"product_cat-vitaminai-ir-papildai-katems","15":"product_cat-vitaminai-ir-papildai-sunims","16":"pa_prekiu-zenklai-bioiberica","17":"pa_suns-amzius-jauniems","18":"pa_suns-amzius-senjorams","19":"pa_suns-amzius-suaugusiems","20":"pa_suns-amzius-visiems-amziams","21":"pa_veisles-dydis-didelems-veislems","22":"pa_veisles-dydis-mazoms-veislems","23":"pa_veisles-dydis-vidutinems-veislems","24":"pa_veisles-dydis-visu-dydziu-veislems","26":"first","27":"instock","28":"featured","29":"taxable","30":"shipping-taxable","31":"purchasable","32":"product-type-simple"},"acf":[],"_links":{"self":[{"href":"https:\/\/zooprekes24.lt\/et\/wp-json\/wp\/v2\/product\/27424","targetHints":{"allow":["GET"]}}],"collection":[{"href":"https:\/\/zooprekes24.lt\/et\/wp-json\/wp\/v2\/product"}],"about":[{"href":"https:\/\/zooprekes24.lt\/et\/wp-json\/wp\/v2\/types\/product"}],"replies":[{"embeddable":true,"href":"https:\/\/zooprekes24.lt\/et\/wp-json\/wp\/v2\/comments?post=27424"}],"wp:featuredmedia":[{"embeddable":true,"href":"https:\/\/zooprekes24.lt\/et\/wp-json\/wp\/v2\/media\/27428"}],"wp:attachment":[{"href":"https:\/\/zooprekes24.lt\/et\/wp-json\/wp\/v2\/media?parent=27424"}],"wp:term":[{"taxonomy":"product_brand","embeddable":true,"href":"https:\/\/zooprekes24.lt\/et\/wp-json\/wp\/v2\/product_brand?post=27424"},{"taxonomy":"product_cat","embeddable":true,"href":"https:\/\/zooprekes24.lt\/et\/wp-json\/wp\/v2\/product_cat?post=27424"},{"taxonomy":"product_tag","embeddable":true,"href":"https:\/\/zooprekes24.lt\/et\/wp-json\/wp\/v2\/product_tag?post=27424"}],"curies":[{"name":"wp","href":"https:\/\/api.w.org\/{rel}","templated":true}]}}