{"id":27322,"date":"2024-06-14T15:13:50","date_gmt":"2024-06-14T12:13:50","guid":{"rendered":"https:\/\/zooprekes24.lt\/?post_type=product&#038;p=27322"},"modified":"2026-03-10T15:39:46","modified_gmt":"2026-03-10T13:39:46","slug":"bioiberica-atopivet-kaelarihm-koertele-ja-kassidele","status":"publish","type":"product","link":"https:\/\/zooprekes24.lt\/et\/produktas\/bioiberica-atopivet-antkaklis-sunims-ir-katems\/","title":{"rendered":"Bioiberica Atopivet antkaklis \u0161unims ir kat\u0117ms, odos maitinimui ir apsaugai nuo dehidratacijos, &lt;10 kg, 35 cm ilgio"},"content":{"rendered":"<h3>Bioiberica Atopivet Collar on kosmeetikatoode koerte ja kasside naha hooldamiseks, eriti atoopilise dermatiidi v\u00f5i muude nahahaiguste korral.<\/h3>\n<ul>\n<li>Toimeained: asendamatud rasvhapped ja muud \u00fchendid, mis niisutavad looma nahka ja karvkatte.<\/li>\n<li>Veekindel: kaelarihm on kavandatud veekindlaks, nii et koerad ja kassid saavad seda pidevalt kanda, ilma et see kaotaks oma t\u00f5husust.<\/li>\n<li>Mugav kasutada: krae tagab toimeainete pideva vabanemise ja on mugav alternatiiv suukaudsetele toidulisanditele v\u00f5i paiksele ravile.<\/li>\n<li>Naha tervise toetamine: krae on m\u00f5eldud atoopilise dermatiidi s\u00fcmptomite, nagu s\u00fcgelus, punetus ja p\u00f5letik, leevendamiseks ja v\u00e4hendamiseks.<\/li>\n<\/ul>","protected":false},"excerpt":{"rendered":"<p>Bioiberica Atopivet antkaklis yra kosmetinis produktas skirtas \u0161un\u0173 ir ka\u010di\u0173 odos prie\u017ei\u016brai ypa\u010d sergant atopiniu dermatitu ar kitomis odos ligomis. Aktyv\u016bs ingredientai: sud\u0117tyje esan\u010dios nepakei\u010diamos riebal\u0173 r\u016bg\u0161tys ir kiti junginiai, dr\u0117kina gyv\u016bno od\u0105 bei kail\u012f. Atsparus vandeniui: antkaklis sukurtas taip, kad b\u016bt\u0173 atsparus vandeniui, tod\u0117l \u0161unys ir kat\u0117s gali juos d\u0117v\u0117ti nuolat neprarandant savo veiksmingumo&#8230;.<\/p>","protected":false},"featured_media":27324,"comment_status":"closed","ping_status":"closed","template":"","meta":{"_acf_changed":false,"slim_seo":{"title":"Bioiberica Atopivet antkaklis \u0161unims ir kat\u0117ms, odos maitinimui ir apsaugai nuo dehidratacijos, &lt;10 kg, 35 cm ilgio - Zooprekes24","description":"Bioiberica Atopivet Collar on kosmeetikatoode koerte ja kasside naha hooldamiseks, eriti atoopilise dermatiidi v\u00f5i muude nahahaiguste korral. Toimeaineid sisaldav"},"iawp_total_views":55},"product_brand":[],"product_cat":[9102,9112,83,25,104,32,8999,31,9017,9022],"product_tag":[],"class_list":{"0":"post-27322","1":"product","2":"type-product","3":"status-publish","4":"has-post-thumbnail","6":"product_cat-bioiberica-sunims","7":"product_cat-bioiberica-katems","8":"product_cat-kaciu-prekiu-gamintojai","9":"product_cat-katems","10":"product_cat-kitos-kaciu-prekes","11":"product_cat-kitos-sunu-prekes","12":"product_cat-sunims","13":"product_cat-sunu-prekiu-gamintojai","14":"product_cat-vitaminai-ir-papildai-katems","15":"product_cat-vitaminai-ir-papildai-sunims","16":"pa_prekiu-zenklai-bioiberica","17":"pa_suns-amzius-jauniems","18":"pa_suns-amzius-senjorams","19":"pa_suns-amzius-suaugusiems","20":"pa_suns-amzius-visiems-amziams","21":"pa_veisles-dydis-mazoms-veislems","23":"first","24":"instock","25":"featured","26":"taxable","27":"shipping-taxable","28":"purchasable","29":"product-type-simple"},"acf":[],"_links":{"self":[{"href":"https:\/\/zooprekes24.lt\/et\/wp-json\/wp\/v2\/product\/27322","targetHints":{"allow":["GET"]}}],"collection":[{"href":"https:\/\/zooprekes24.lt\/et\/wp-json\/wp\/v2\/product"}],"about":[{"href":"https:\/\/zooprekes24.lt\/et\/wp-json\/wp\/v2\/types\/product"}],"replies":[{"embeddable":true,"href":"https:\/\/zooprekes24.lt\/et\/wp-json\/wp\/v2\/comments?post=27322"}],"wp:featuredmedia":[{"embeddable":true,"href":"https:\/\/zooprekes24.lt\/et\/wp-json\/wp\/v2\/media\/27324"}],"wp:attachment":[{"href":"https:\/\/zooprekes24.lt\/et\/wp-json\/wp\/v2\/media?parent=27322"}],"wp:term":[{"taxonomy":"product_brand","embeddable":true,"href":"https:\/\/zooprekes24.lt\/et\/wp-json\/wp\/v2\/product_brand?post=27322"},{"taxonomy":"product_cat","embeddable":true,"href":"https:\/\/zooprekes24.lt\/et\/wp-json\/wp\/v2\/product_cat?post=27322"},{"taxonomy":"product_tag","embeddable":true,"href":"https:\/\/zooprekes24.lt\/et\/wp-json\/wp\/v2\/product_tag?post=27322"}],"curies":[{"name":"wp","href":"https:\/\/api.w.org\/{rel}","templated":true}]}}