{"id":27316,"date":"2024-06-14T14:06:47","date_gmt":"2024-06-14T11:06:47","guid":{"rendered":"https:\/\/zooprekes24.lt\/?post_type=product&#038;p=27316"},"modified":"2026-03-10T15:16:37","modified_gmt":"2026-03-10T13:16:37","slug":"bioiberica-givet-gastrointestinaalne-geel-koertele-ja-kassidele","status":"publish","type":"product","link":"https:\/\/zooprekes24.lt\/et\/produktas\/bioiberica-givet-gastrointestinal-gelis-sunims-ir-katems\/","title":{"rendered":"Bioiberica Givet Gastrointestinaalne geel koertele ja kassidele, seedetrakti taastamiseks 60 ml"},"content":{"rendered":"<h3>Bioiberica Givet Gastrointestinal Gel koertele ja kassidele k\u00f5ikidele t\u00f5ugudele on soovitatav lemmikloomadele, kes kannatavad seedetrakti probleemide all, mis on tingitud toitumisharjumustest, stressist v\u00f5i haigusest. Soolestiku limaskesta kaitsekiht on tervislikel loomadel h\u00e4davajalik maosiseseina korrektseks toimimiseks. See sisaldab looduslikult N-atset\u00fc\u00fclgl\u00fckosamiini, kondroitiinsulfaati ja h\u00fcaluroonhapet. Givet annab koertele ja kassidele j\u00e4rgmisi toitaineid - N-atset\u00fc\u00fclgl\u00fckosamiini, kondroitiinsulfaati ja h\u00fcaluroonhapet.<\/h3>\n<ul>\n<li>Sobib noortele lemmikloomadele.<\/li>\n<li>Seedetrakti funktsiooni toetamine: parandab seedetrakti funktsiooni ja toitainete imendumist.<\/li>\n<li>Soolestiku floora taastamine: t\u00e4iendatud prebiootikumidega, mis aitavad taastada ja s\u00e4ilitada soolestiku floora tervislikku tasakaalu.<\/li>\n<li>Seedetrakti vaevuste v\u00e4hendamine: aitab v\u00e4hendada seedeprobleemide s\u00fcmptomeid, nagu k\u00f5hulahtisus, oksendamine ja k\u00f5huvalu.<\/li>\n<li>Seedetrakti kaitse ja rahustamine: sisaldab koostisosi, mis kaitsevad ja rahustavad seedetrakti limaskesta, v\u00e4hendades p\u00f5letikku ja \u00e4rritust.<\/li>\n<\/ul>","protected":false},"excerpt":{"rendered":"<p>Bioiberica Givet Gastrointestinal gelis vis\u0173 veisli\u0173 \u0161unims ir kat\u0117ms rekomenduojamas tais atvejais, kai augintinis patiria vir\u0161kinimo trakto sutrikimus d\u0117l mitybos poky\u010di\u0173, streso ar ligos. Apsauginis \u017earnyno gleivin\u0117s sluoksnis yra esminis veiksnys teisingam sveik\u0173 gyv\u016bn\u0173 skrand\u017eio sienel\u0117s funkcionavimui. Nat\u016braliai jo sud\u0117tyje yra N-acetil gliukozaminas, chondroitino sulfatas ir hialurono r\u016bg\u0161tis. Givet apr\u016bpina \u0161unis ir kates \u0161iomis maisto&#8230;<\/p>","protected":false},"featured_media":27320,"comment_status":"closed","ping_status":"closed","template":"","meta":{"_acf_changed":false,"slim_seo":{"title":"Bioiberica Givet Gastrointestinal gelis \u0161unims ir kat\u0117ms, vir\u0161kinamojo trakto atstatymui 60 ml - Zooprekes24","description":"Bioiberica Givet Gastrointestinaalne geel koertele ja kassidele k\u00f5ikide t\u00f5ugude puhul on soovitatav lemmikloomadele, kes kannatavad seedetrakti h\u00e4irete t\u00f5ttu mit"},"iawp_total_views":254},"product_brand":[],"product_cat":[9102,9112,83,25,104,32,8999,31,9022,9017],"product_tag":[],"class_list":{"0":"post-27316","1":"product","2":"type-product","3":"status-publish","4":"has-post-thumbnail","6":"product_cat-bioiberica-sunims","7":"product_cat-bioiberica-katems","8":"product_cat-kaciu-prekiu-gamintojai","9":"product_cat-katems","10":"product_cat-kitos-kaciu-prekes","11":"product_cat-kitos-sunu-prekes","12":"product_cat-sunims","13":"product_cat-sunu-prekiu-gamintojai","14":"product_cat-vitaminai-ir-papildai-sunims","15":"product_cat-vitaminai-ir-papildai-katems","16":"pa_prekiu-zenklai-bioiberica","17":"pa_suns-amzius-jauniems","18":"pa_suns-amzius-senjorams","19":"pa_suns-amzius-suaugusiems","20":"pa_suns-amzius-visiems-amziams","21":"pa_veisles-dydis-didelems-veislems","22":"pa_veisles-dydis-mazoms-veislems","23":"pa_veisles-dydis-vidutinems-veislems","24":"pa_veisles-dydis-visu-dydziu-veislems","26":"first","27":"instock","28":"featured","29":"taxable","30":"shipping-taxable","31":"purchasable","32":"product-type-simple"},"acf":[],"_links":{"self":[{"href":"https:\/\/zooprekes24.lt\/et\/wp-json\/wp\/v2\/product\/27316","targetHints":{"allow":["GET"]}}],"collection":[{"href":"https:\/\/zooprekes24.lt\/et\/wp-json\/wp\/v2\/product"}],"about":[{"href":"https:\/\/zooprekes24.lt\/et\/wp-json\/wp\/v2\/types\/product"}],"replies":[{"embeddable":true,"href":"https:\/\/zooprekes24.lt\/et\/wp-json\/wp\/v2\/comments?post=27316"}],"wp:featuredmedia":[{"embeddable":true,"href":"https:\/\/zooprekes24.lt\/et\/wp-json\/wp\/v2\/media\/27320"}],"wp:attachment":[{"href":"https:\/\/zooprekes24.lt\/et\/wp-json\/wp\/v2\/media?parent=27316"}],"wp:term":[{"taxonomy":"product_brand","embeddable":true,"href":"https:\/\/zooprekes24.lt\/et\/wp-json\/wp\/v2\/product_brand?post=27316"},{"taxonomy":"product_cat","embeddable":true,"href":"https:\/\/zooprekes24.lt\/et\/wp-json\/wp\/v2\/product_cat?post=27316"},{"taxonomy":"product_tag","embeddable":true,"href":"https:\/\/zooprekes24.lt\/et\/wp-json\/wp\/v2\/product_tag?post=27316"}],"curies":[{"name":"wp","href":"https:\/\/api.w.org\/{rel}","templated":true}]}}