{"id":27308,"date":"2024-06-14T13:31:42","date_gmt":"2024-06-14T10:31:42","guid":{"rendered":"https:\/\/zooprekes24.lt\/?post_type=product&#038;p=27308"},"modified":"2026-03-10T15:42:33","modified_gmt":"2026-03-10T13:42:33","slug":"bioiberica-impromune-pasta-koertele-ja-kassidele","status":"publish","type":"product","link":"https:\/\/zooprekes24.lt\/et\/produktas\/bioiberica-impromune-pasta-sunims-ir-katems\/","title":{"rendered":"Bioiberica Impromune pasta koertele ja kassidele, immuuns\u00fcsteemi tugevdamiseks 30 ml"},"content":{"rendered":"<h3>Bioiberica Impromune Paste k\u00f5ikide t\u00f5ugude koertele ja kassidele on m\u00f5eldud looma immuunvastuse optimeerimiseks.<\/h3>\n<p>Nukleotiidid on immuuns\u00fcsteemi rakkude toitained, mis moodustavad osa ternespiimast. Emasloomade piimas annavad nad immuunvastuse taseme f\u00fcsioloogilise v\u00f5i seedetrakti stressi korral. Nukleotiidide tasakaalustatud lisamine tagab organismi kaitses\u00fcsteemi ja seedes\u00fcsteemi optimaalse arengu. Nucleoforce\u00ae on spetsiifiline nukleotiidide valem, mis p\u00f5hineb erinevate emasloomade liikide ja t\u00f5ugude piima koostise uuringutel. Nucleoforce\u00ae eksklusiivne koostis on m\u00f5eldud koerte ja kasside ainevahetuse vajaduste rahuldamiseks ning nende immuuns\u00fcsteemi ja soolestiku limaskesta arengu toetamiseks, kaitstes seega immunosupressiooni perioodide eest. AHCC\u00ae s\u00f6\u00f6davad n\u00e4rimiskummid (<em>Lentinus edodes<\/em>) m\u00fctseli ekstrakt sisaldab suurel hulgal alfagl\u00fckaane. On t\u00f5estatud, et need on t\u00f5husad NK-rakkude, T-rakkude ja ts\u00fctokiinide tootmise stimuleerimisel ning koos nukleotiididega kasutatuna avaldavad immuuns\u00fcsteemile s\u00fcnergilist m\u00f5ju.<\/p>","protected":false},"excerpt":{"rendered":"<p>Bioiberica Impromune pasta vis\u0173 veisli\u0173 \u0161unims ir kat\u0117ms skirta optimizuoti gyv\u016bno imunin\u012f atsak\u0105. Nukleotidai yra imunini\u0173 l\u0105steli\u0173 maistin\u0117s med\u017eiagos, kurios sudaro dal\u012f kreken\u0173. Pateli\u0173 piene jie u\u017etikrina imunin\u0117s reakcijos lyg\u012f fiziologinio ar su vir\u0161kinimu susijusio streso atvejais. Subalansuotas papildymas nukleotidais u\u017etikrina optimal\u0173 organizmo apsaugin\u0117s sitemos ir vir\u0161kinimo sistemos vystym\u0105si. Nucleoforce\u00ae &#8211; tai specifin\u0117 nukleotid\u0173 formul\u0117,&#8230;<\/p>","protected":false},"featured_media":27314,"comment_status":"closed","ping_status":"closed","template":"","meta":{"_acf_changed":false,"slim_seo":{"title":"Bioiberica Impromune pasta \u0161unims ir kat\u0117ms, \u012fmuninei sistemai stiprinti 30 ml - Zooprekes24","description":"Bioiberica Impromune Paste k\u00f5ikide t\u00f5ugude koertele ja kassidele on m\u00f5eldud looma immuunvastuse optimeerimiseks. Nukleotiidid on immuuns\u00fcsteemi rakkude toitained, mis"},"iawp_total_views":84},"product_brand":[],"product_cat":[9102,9112,83,25,104,32,8999,31,9017,9022],"product_tag":[],"class_list":{"0":"post-27308","1":"product","2":"type-product","3":"status-publish","4":"has-post-thumbnail","6":"product_cat-bioiberica-sunims","7":"product_cat-bioiberica-katems","8":"product_cat-kaciu-prekiu-gamintojai","9":"product_cat-katems","10":"product_cat-kitos-kaciu-prekes","11":"product_cat-kitos-sunu-prekes","12":"product_cat-sunims","13":"product_cat-sunu-prekiu-gamintojai","14":"product_cat-vitaminai-ir-papildai-katems","15":"product_cat-vitaminai-ir-papildai-sunims","16":"pa_prekiu-zenklai-bioiberica","17":"pa_suns-amzius-jauniems","18":"pa_suns-amzius-senjorams","19":"pa_suns-amzius-suaugusiems","20":"pa_suns-amzius-visiems-amziams","21":"pa_veisles-dydis-didelems-veislems","22":"pa_veisles-dydis-mazoms-veislems","23":"pa_veisles-dydis-vidutinems-veislems","24":"pa_veisles-dydis-visu-dydziu-veislems","26":"first","27":"instock","28":"featured","29":"taxable","30":"shipping-taxable","31":"purchasable","32":"product-type-simple"},"acf":[],"_links":{"self":[{"href":"https:\/\/zooprekes24.lt\/et\/wp-json\/wp\/v2\/product\/27308","targetHints":{"allow":["GET"]}}],"collection":[{"href":"https:\/\/zooprekes24.lt\/et\/wp-json\/wp\/v2\/product"}],"about":[{"href":"https:\/\/zooprekes24.lt\/et\/wp-json\/wp\/v2\/types\/product"}],"replies":[{"embeddable":true,"href":"https:\/\/zooprekes24.lt\/et\/wp-json\/wp\/v2\/comments?post=27308"}],"wp:featuredmedia":[{"embeddable":true,"href":"https:\/\/zooprekes24.lt\/et\/wp-json\/wp\/v2\/media\/27314"}],"wp:attachment":[{"href":"https:\/\/zooprekes24.lt\/et\/wp-json\/wp\/v2\/media?parent=27308"}],"wp:term":[{"taxonomy":"product_brand","embeddable":true,"href":"https:\/\/zooprekes24.lt\/et\/wp-json\/wp\/v2\/product_brand?post=27308"},{"taxonomy":"product_cat","embeddable":true,"href":"https:\/\/zooprekes24.lt\/et\/wp-json\/wp\/v2\/product_cat?post=27308"},{"taxonomy":"product_tag","embeddable":true,"href":"https:\/\/zooprekes24.lt\/et\/wp-json\/wp\/v2\/product_tag?post=27308"}],"curies":[{"name":"wp","href":"https:\/\/api.w.org\/{rel}","templated":true}]}}