{"id":27301,"date":"2024-06-14T12:38:37","date_gmt":"2024-06-14T09:38:37","guid":{"rendered":"https:\/\/zooprekes24.lt\/?post_type=product&#038;p=27301"},"modified":"2026-03-10T15:59:56","modified_gmt":"2026-03-10T13:59:56","slug":"vetzyme-uks-kord-paevas-konditsioneeri-toidulisand-koertele","status":"publish","type":"product","link":"https:\/\/zooprekes24.lt\/et\/produktas\/vetzyme-once-a-day-conditioner-papildas-sunims\/","title":{"rendered":"Vetzyme Once a Day Conditioner toidulisand koertele, \u00fcldiseks keha tugevdamiseks N30"},"content":{"rendered":"<h3>Vetzyme Once a Day Conditioner on toidulisand koertele, mis sisaldab 27 erinevat toitainet, et tagada teie lemmiklooma tervise ja heaolu optimaalne toetamine.<\/h3>\n<p>Tabletid sisaldavad multivitamiine ja mineraalaineid, mis aitavad s\u00e4ilitada koera \u00fcldist tervist ja eluj\u00f5udu. B-vitamiinikompleksiga erivalem, mida v\u00f5etakse igap\u00e4evaselt koos tasakaalustatud toitumisega, aitab koeral s\u00e4ilitada terve naha ja karvkatte, parandada seedimist, s\u00f6\u00f6giisu, t\u00e4helepanelikkust, koordinatsiooni ja reflekse. Toidulisand on maitsev ja lemmikloomadele kergesti tarbitav, aitab s\u00e4ilitada terveid hambaid ja igemeid ning ehitada tugevat loomulikku kaitset koerte igap\u00e4evaste v\u00e4ljakutsete vastu.<\/p>","protected":false},"excerpt":{"rendered":"<p>Vetzyme Once a Day Conditioner papildas \u0161unims su 27 skirtingomis maistin\u0117mis med\u017eiagomis, kurios u\u017etikrina optimal\u0173 augintinio sveikatos ir gerov\u0117s palaikym\u0105. Tablet\u0117se yra multivitamin\u0173 ir mineral\u0173, kurie padeda palaikyti bendr\u0105 \u0161uns sveikat\u0105 ir gyvybingum\u0105. Speciali formul\u0117 su B vitamin\u0173 kompleksu, vartojama kasdien kartu su subalansuota mityba, pad\u0117s \u0161uniui i\u0161laikyti sveik\u0105 od\u0105 ir kail\u012f, pagerins vir\u0161kinim\u0105, apetit\u0105,&#8230;<\/p>","protected":false},"featured_media":27304,"comment_status":"closed","ping_status":"closed","template":"","meta":{"_acf_changed":false,"slim_seo":{"title":"Vetzyme Once a Day Conditioner papildas \u0161unims, bendram organizmo stiprinimui N30 - Zooprekes24","description":"Vetzyme Once a Day Conditioner on toidulisand koertele, mis sisaldab 27 erinevat toitainet, et tagada teie lemmiklooma tervise ja heaolu optimaalne toetamine."},"iawp_total_views":83},"product_brand":[],"product_cat":[32,8999,31,9096,9022],"product_tag":[],"class_list":{"0":"post-27301","1":"product","2":"type-product","3":"status-publish","4":"has-post-thumbnail","6":"product_cat-kitos-sunu-prekes","7":"product_cat-sunims","8":"product_cat-sunu-prekiu-gamintojai","9":"product_cat-vetzyme","10":"product_cat-vitaminai-ir-papildai-sunims","11":"pa_prekiu-zenklai-vetzyme","12":"pa_suns-amzius-jauniems","13":"pa_suns-amzius-senjorams","14":"pa_suns-amzius-suaugusiems","15":"pa_suns-amzius-visiems-amziams","16":"pa_veisles-dydis-didelems-veislems","17":"pa_veisles-dydis-mazoms-veislems","18":"pa_veisles-dydis-vidutinems-veislems","19":"pa_veisles-dydis-visu-dydziu-veislems","21":"first","22":"instock","23":"featured","24":"taxable","25":"shipping-taxable","26":"purchasable","27":"product-type-simple"},"acf":[],"_links":{"self":[{"href":"https:\/\/zooprekes24.lt\/et\/wp-json\/wp\/v2\/product\/27301","targetHints":{"allow":["GET"]}}],"collection":[{"href":"https:\/\/zooprekes24.lt\/et\/wp-json\/wp\/v2\/product"}],"about":[{"href":"https:\/\/zooprekes24.lt\/et\/wp-json\/wp\/v2\/types\/product"}],"replies":[{"embeddable":true,"href":"https:\/\/zooprekes24.lt\/et\/wp-json\/wp\/v2\/comments?post=27301"}],"wp:featuredmedia":[{"embeddable":true,"href":"https:\/\/zooprekes24.lt\/et\/wp-json\/wp\/v2\/media\/27304"}],"wp:attachment":[{"href":"https:\/\/zooprekes24.lt\/et\/wp-json\/wp\/v2\/media?parent=27301"}],"wp:term":[{"taxonomy":"product_brand","embeddable":true,"href":"https:\/\/zooprekes24.lt\/et\/wp-json\/wp\/v2\/product_brand?post=27301"},{"taxonomy":"product_cat","embeddable":true,"href":"https:\/\/zooprekes24.lt\/et\/wp-json\/wp\/v2\/product_cat?post=27301"},{"taxonomy":"product_tag","embeddable":true,"href":"https:\/\/zooprekes24.lt\/et\/wp-json\/wp\/v2\/product_tag?post=27301"}],"curies":[{"name":"wp","href":"https:\/\/api.w.org\/{rel}","templated":true}]}}