{"id":27288,"date":"2024-06-14T11:09:37","date_gmt":"2024-06-14T08:09:37","guid":{"rendered":"https:\/\/zooprekes24.lt\/?post_type=product&#038;p=27288"},"modified":"2026-03-10T16:02:31","modified_gmt":"2026-03-10T14:02:31","slug":"vetzyme-paindlik-liigesepreparaat-koertele","status":"publish","type":"product","link":"https:\/\/zooprekes24.lt\/et\/produktas\/vetzyme-flexible-joint-papildas-sunu-sanariams\/","title":{"rendered":"Vetzyme Flexible Joint toidulisand koertele, optimaalseks liigeste toetuseks"},"content":{"rendered":"<h3>Vetzyme Flexible Joint toidulisand koertele on m\u00f5eldud liigeste tugevdamiseks ja liigeste optimaalse tervise s\u00e4ilitamiseks, rikastatud gl\u00fckosamiini ja kala\u00f5liga. Keskmine annus toimeaineid v\u00f5rreldes tugevama versiooniga Vetzyme High Strength Flexible Joint toidulisandiga, mis on m\u00f5eldud valusate liigeste raviks.<\/h3>\n<p>Igap\u00e4evased jalutusk\u00e4igud ja liikumine m\u00f5jutavad liigeseid, eriti vanematel koertel, seega on oluline s\u00e4ilitada liigeste tervist. Gl\u00fckoosamiin, mis on organismis looduslikult esinev aminosuhkur, osaleb sidekoe, n\u00e4iteks k\u00f5hre, moodustamises ja taastamises. Enamasti tarbitakse aga toiduga liiga v\u00e4he gl\u00fckoosamiini ja see muutub puudulikuks, et s\u00e4ilitada tervislikku ainevahetust. Selle tulemusel v\u00f5ib liigesek\u00f5hre seisund halveneda. Uuringud on n\u00e4idanud, et regulaarne toidulisandite manustamine aitab s\u00e4ilitada terve k\u00f5hre ainevahetuse, tagades seega f\u00fcsioloogilise aluse tervetele liigestele, k\u00f5\u00f5lustele ja sidemetele. Kala\u00f5li sisaldab rohkesti oomega-3-rasvhappeid (EPA ja DHA), mis aitavad s\u00e4ilitada liikuvaid ja paindlikke liigeseid. Regulaarne toidulisandi kasutamine annab v\u00e4heliikuvatele koertele v\u00f5imaluse elada tervislikku ja aktiivset elu. B-kompleks aitab s\u00e4ilitada terve naha ja l\u00e4ikiva karvkatte, tugevdab n\u00e4rvis\u00fcsteemi, parandab lihaste arengut, suurendab aktiivsust ja eluj\u00f5udu.<\/p>","protected":false},"excerpt":{"rendered":"<p>Vetzyme Flexible Joint papildas \u0161unims skirtas s\u0105nari\u0173 stiprinimui ir optimaliam s\u0105nari\u0173 sveikatos palaikymui, praturtintas gliukozaminu ir \u017euv\u0173 taukais. Vidutin\u0117 veikli\u0173j\u0173 med\u017eiag\u0173 doz\u0117, lyginant su stipresne Vetzyme High Strength Flexible Joint papild\u0173 versija kuri skirta skausming\u0173 s\u0105nari\u0173 gydymui. Kasdieniniai pasivaik\u0161\u010diojimai ir fizinis kr\u016bvis turi \u012ftakos s\u0105nariams, ypa\u010d vyresniems \u0161unims, tod\u0117l labai svarbu palaikyti s\u0105nari\u0173 sveikat\u0105. Gliukozaminas,&#8230;<\/p>","protected":false},"featured_media":27295,"comment_status":"closed","ping_status":"closed","template":"","meta":{"_acf_changed":false,"slim_seo":{"title":"Vetzyme Flexible Joint papildas \u0161unims, optimaliam s\u0105nari\u0173 palaikymui - Zooprekes24","description":"Vetzyme Flexible Joint toidulisand koertele on m\u00f5eldud liigeste tugevdamiseks ja liigeste optimaalse tervise s\u00e4ilitamiseks, rikastatud gl\u00fckosamiini ja kala\u00f5liga. Viduti"},"iawp_total_views":320},"product_brand":[],"product_cat":[32,8999,31,9096,9022],"product_tag":[9099],"class_list":{"0":"post-27288","1":"product","2":"type-product","3":"status-publish","4":"has-post-thumbnail","6":"product_cat-kitos-sunu-prekes","7":"product_cat-sunims","8":"product_cat-sunu-prekiu-gamintojai","9":"product_cat-vetzyme","10":"product_cat-vitaminai-ir-papildai-sunims","11":"product_tag-vetzyme-papildai-sunu-sanariams","12":"pa_prekiu-zenklai-vetzyme","13":"pa_suns-amzius-jauniems","14":"pa_suns-amzius-senjorams","15":"pa_suns-amzius-suaugusiems","16":"pa_suns-amzius-visiems-amziams","17":"pa_veisles-dydis-didelems-veislems","18":"pa_veisles-dydis-mazoms-veislems","19":"pa_veisles-dydis-vidutinems-veislems","20":"pa_veisles-dydis-visu-dydziu-veislems","22":"first","23":"instock","24":"featured","25":"taxable","26":"shipping-taxable","27":"purchasable","28":"product-type-variable"},"acf":[],"_links":{"self":[{"href":"https:\/\/zooprekes24.lt\/et\/wp-json\/wp\/v2\/product\/27288","targetHints":{"allow":["GET"]}}],"collection":[{"href":"https:\/\/zooprekes24.lt\/et\/wp-json\/wp\/v2\/product"}],"about":[{"href":"https:\/\/zooprekes24.lt\/et\/wp-json\/wp\/v2\/types\/product"}],"replies":[{"embeddable":true,"href":"https:\/\/zooprekes24.lt\/et\/wp-json\/wp\/v2\/comments?post=27288"}],"wp:featuredmedia":[{"embeddable":true,"href":"https:\/\/zooprekes24.lt\/et\/wp-json\/wp\/v2\/media\/27295"}],"wp:attachment":[{"href":"https:\/\/zooprekes24.lt\/et\/wp-json\/wp\/v2\/media?parent=27288"}],"wp:term":[{"taxonomy":"product_brand","embeddable":true,"href":"https:\/\/zooprekes24.lt\/et\/wp-json\/wp\/v2\/product_brand?post=27288"},{"taxonomy":"product_cat","embeddable":true,"href":"https:\/\/zooprekes24.lt\/et\/wp-json\/wp\/v2\/product_cat?post=27288"},{"taxonomy":"product_tag","embeddable":true,"href":"https:\/\/zooprekes24.lt\/et\/wp-json\/wp\/v2\/product_tag?post=27288"}],"curies":[{"name":"wp","href":"https:\/\/api.w.org\/{rel}","templated":true}]}}