{"id":27254,"date":"2024-06-13T17:33:08","date_gmt":"2024-06-13T14:33:08","guid":{"rendered":"https:\/\/zooprekes24.lt\/?post_type=product&#038;p=27254"},"modified":"2026-03-10T15:54:19","modified_gmt":"2026-03-10T13:54:19","slug":"bioiberica-condrovet-force-ha-toidulisandid-suurt-tougu-koertele","status":"publish","type":"product","link":"https:\/\/zooprekes24.lt\/et\/produktas\/bioiberica-condrovet-force-ha-papildai-dideliu-veisliu-sunims\/","title":{"rendered":"Bioiberica Condrovet Force HA toidulisandid suurt t\u00f5ugu koertele, liigeste tugevdamiseks"},"content":{"rendered":"<h3>Bioiberica Condrovet Force HAt on toidulisand suurt t\u00f5ugu koertele liigeste tugevdamiseks.<\/h3>\n<p>Kondroitiinsulfaat ja gl\u00fckoosamiin HCl on liigesek\u00f5hre p\u00f5hikomponendid ja aitavad s\u00e4ilitada liigeste funktsiooni ja liikuvust. Mobilee\u00ae aitab t\u00e4nu oma h\u00fcaluroonhappe sisaldusele s\u00e4ilitada korralikult s\u00fcnoviaalvedelikku, mis on oluline liigeste liikuvuse taastamiseks. Looduslik II t\u00fc\u00fcpi kollageen b2Cool\u00ae aitab s\u00e4ilitada endogeenset kollageeni liigestes.<\/p>","protected":false},"excerpt":{"rendered":"<p>Bioiberica Condrovet Force HAt papildas dideli\u0173 veisli\u0173 \u0161unims skirtas s\u0105nari\u0173 stiprinimui. Chondroitino sulfatas ir gliukozamino HCl yra pagrindiniai s\u0105nari\u0173 kremzl\u0117s komponentai ir padeda palaikyti s\u0105nari\u0173 funkcijas bei judrum\u0105. Mobilee\u00ae, d\u0117l savo sud\u0117tyje esan\u010dios hialurono r\u016bg\u0161ties, padeda tinkamai palaikyti sinovin\u012f skyst\u012f, kuris yra b\u016btinas norint atkurti s\u0105nari\u0173 judrum\u0105. Nat\u016bralus II tipo kolagenas b2Cool\u00ae padeda i\u0161saugoti endogenin\u012f&#8230;<\/p>","protected":false},"featured_media":27261,"comment_status":"closed","ping_status":"closed","template":"","meta":{"_acf_changed":false,"slim_seo":{"title":"Bioiberica Condrovet Force HA papildai dideli\u0173 veisli\u0173 \u0161unims, s\u0105nari\u0173 stiprinimui - Zooprekes24","description":"Bioiberica Condrovet Force HAt on toidulisand suurt t\u00f5ugu koertele liigeste tugevdamiseks. Kondroitiinsulfaat ja gl\u00fckoosamiin HCl on peamised koostisosad, mis toetavad liigeseid."},"iawp_total_views":99},"product_brand":[],"product_cat":[9102,32,8999,31,9022],"product_tag":[],"class_list":{"0":"post-27254","1":"product","2":"type-product","3":"status-publish","4":"has-post-thumbnail","6":"product_cat-bioiberica-sunims","7":"product_cat-kitos-sunu-prekes","8":"product_cat-sunims","9":"product_cat-sunu-prekiu-gamintojai","10":"product_cat-vitaminai-ir-papildai-sunims","11":"pa_prekiu-zenklai-bioiberica","12":"pa_suns-amzius-jauniems","13":"pa_suns-amzius-senjorams","14":"pa_suns-amzius-suaugusiems","15":"pa_suns-amzius-visiems-amziams","16":"pa_veisles-dydis-didelems-veislems","18":"first","19":"instock","20":"featured","21":"taxable","22":"shipping-taxable","23":"purchasable","24":"product-type-variable"},"acf":[],"_links":{"self":[{"href":"https:\/\/zooprekes24.lt\/et\/wp-json\/wp\/v2\/product\/27254","targetHints":{"allow":["GET"]}}],"collection":[{"href":"https:\/\/zooprekes24.lt\/et\/wp-json\/wp\/v2\/product"}],"about":[{"href":"https:\/\/zooprekes24.lt\/et\/wp-json\/wp\/v2\/types\/product"}],"replies":[{"embeddable":true,"href":"https:\/\/zooprekes24.lt\/et\/wp-json\/wp\/v2\/comments?post=27254"}],"wp:featuredmedia":[{"embeddable":true,"href":"https:\/\/zooprekes24.lt\/et\/wp-json\/wp\/v2\/media\/27261"}],"wp:attachment":[{"href":"https:\/\/zooprekes24.lt\/et\/wp-json\/wp\/v2\/media?parent=27254"}],"wp:term":[{"taxonomy":"product_brand","embeddable":true,"href":"https:\/\/zooprekes24.lt\/et\/wp-json\/wp\/v2\/product_brand?post=27254"},{"taxonomy":"product_cat","embeddable":true,"href":"https:\/\/zooprekes24.lt\/et\/wp-json\/wp\/v2\/product_cat?post=27254"},{"taxonomy":"product_tag","embeddable":true,"href":"https:\/\/zooprekes24.lt\/et\/wp-json\/wp\/v2\/product_tag?post=27254"}],"curies":[{"name":"wp","href":"https:\/\/api.w.org\/{rel}","templated":true}]}}