{"id":27245,"date":"2024-06-13T16:09:11","date_gmt":"2024-06-13T13:09:11","guid":{"rendered":"https:\/\/zooprekes24.lt\/?post_type=product&#038;p=27245"},"modified":"2026-03-10T15:14:08","modified_gmt":"2026-03-10T13:14:08","slug":"vetzyme-korge-tugevusega-paindlik-liigesepreparaat-koertele","status":"publish","type":"product","link":"https:\/\/zooprekes24.lt\/et\/produktas\/vetzyme-high-strength-flexible-joint-papildas-sunims-sanariu-stiprinimui\/","title":{"rendered":"Vetzyme High Strength Flexible Joint Supplement koertele, valusate liigeste tugevdamiseks"},"content":{"rendered":"<h3>Vetzyme High Strength Flexible Joint Supplement koertele liigeste tugevdamiseks. See toidulisand sisaldab suuremat annust toimeaineid v\u00f5rreldes Vetzyme Flexible Joint toidulisandite standardversiooniga.<\/h3>\n<p>Kas m\u00e4rkate m\u00e4rke, et teie koeral on raskusi trepist \u00fcles t\u00f5usmisel ja trepist \u00fcles ronimisel? Ideaalis peaksite v\u00f5tma meetmeid, et aidata hoida oma koera liigesed terved enne nende m\u00e4rkide tekkimist. Vetzyme High Strenght Flexible Joint on spetsiaalselt koostatud selleks, et aidata s\u00e4ilitada liigeste paindlikkust ja liikuvust ning tagada teie koerale parem elukvaliteet, kui ta j\u00f5uab k\u00fcpsesse vanusesse. Sobib ideaalselt kutsikatele alates 12 n\u00e4dala vanusest, vanadele koertele ja suurtele t\u00f5ugudele, kellel on liigeseprobleemid. Toidulisand sisaldab gl\u00fckoosamiini, koroitiini, MSM-i ja Omega-3 rasvhappeid, mis aitavad s\u00e4ilitada terveid ja paindlikke liigeseid. B-kompleks aitab s\u00e4ilitada terve naha ja l\u00e4ikiva karvkatte, normaalse n\u00e4rvis\u00fcsteemi, hea lihaste arengu, aktiivsuse ja eluj\u00f5u. S\u00f6\u00f6dalisandi regulaarne kasutamine aitab anda v\u00e4hem liikuvatele koertele parema v\u00f5imaluse s\u00e4ilitada terve ja aktiivne elu.<\/p>","protected":false},"excerpt":{"rendered":"<p>Vetzyme High Strength Flexible Joint papildas \u0161unims s\u0105nari\u0173 stiprinimui. \u0160io papildo sud\u0117tyje yra didesn\u0117 veikli\u0173j\u0173 med\u017eiag\u0173 doz\u0117, lyginant su standartine Vetzyme Flexible Joint papild\u0173 versija. Pastebite po\u017eymius, kad J\u016bs\u0173 \u0161uniui sunku atsikelti ir jis sunkiai lipa laiptais? Geriausia, kad dar prie\u0161 i\u0161sivystant tokiems po\u017eymiams, imtum\u0117t\u0117s veiksm\u0173 pad\u0117dami palaikyti sveikus \u0161uns s\u0105narius. Vetzyme High Strenght Flexible&#8230;<\/p>","protected":false},"featured_media":27248,"comment_status":"closed","ping_status":"closed","template":"","meta":{"_acf_changed":false,"slim_seo":{"title":"Vetzyme High Strength Flexible Joint papildas \u0161unims, skausming\u0173 s\u0105nari\u0173 stiprinimui - Zooprekes24","description":"Vetzyme High Strength Flexible Joint Supplement koertele liigeste tugevdamiseks. See toidulisand sisaldab suuremat annust toimeaineid v\u00f5rreldes tavalise Vetziga."},"iawp_total_views":806},"product_brand":[],"product_cat":[32,8999,31,9096,9022],"product_tag":[9099],"class_list":{"0":"post-27245","1":"product","2":"type-product","3":"status-publish","4":"has-post-thumbnail","6":"product_cat-kitos-sunu-prekes","7":"product_cat-sunims","8":"product_cat-sunu-prekiu-gamintojai","9":"product_cat-vetzyme","10":"product_cat-vitaminai-ir-papildai-sunims","11":"product_tag-vetzyme-papildai-sunu-sanariams","12":"pa_prekiu-zenklai-vetzyme","13":"pa_suns-amzius-jauniems","14":"pa_suns-amzius-senjorams","15":"pa_suns-amzius-suaugusiems","16":"pa_suns-amzius-visiems-amziams","17":"pa_veisles-dydis-didelems-veislems","18":"pa_veisles-dydis-mazoms-veislems","19":"pa_veisles-dydis-vidutinems-veislems","20":"pa_veisles-dydis-visu-dydziu-veislems","22":"first","23":"instock","24":"featured","25":"taxable","26":"shipping-taxable","27":"purchasable","28":"product-type-variable"},"acf":[],"_links":{"self":[{"href":"https:\/\/zooprekes24.lt\/et\/wp-json\/wp\/v2\/product\/27245","targetHints":{"allow":["GET"]}}],"collection":[{"href":"https:\/\/zooprekes24.lt\/et\/wp-json\/wp\/v2\/product"}],"about":[{"href":"https:\/\/zooprekes24.lt\/et\/wp-json\/wp\/v2\/types\/product"}],"replies":[{"embeddable":true,"href":"https:\/\/zooprekes24.lt\/et\/wp-json\/wp\/v2\/comments?post=27245"}],"wp:featuredmedia":[{"embeddable":true,"href":"https:\/\/zooprekes24.lt\/et\/wp-json\/wp\/v2\/media\/27248"}],"wp:attachment":[{"href":"https:\/\/zooprekes24.lt\/et\/wp-json\/wp\/v2\/media?parent=27245"}],"wp:term":[{"taxonomy":"product_brand","embeddable":true,"href":"https:\/\/zooprekes24.lt\/et\/wp-json\/wp\/v2\/product_brand?post=27245"},{"taxonomy":"product_cat","embeddable":true,"href":"https:\/\/zooprekes24.lt\/et\/wp-json\/wp\/v2\/product_cat?post=27245"},{"taxonomy":"product_tag","embeddable":true,"href":"https:\/\/zooprekes24.lt\/et\/wp-json\/wp\/v2\/product_tag?post=27245"}],"curies":[{"name":"wp","href":"https:\/\/api.w.org\/{rel}","templated":true}]}}