{"id":26023,"date":"2024-05-09T12:34:36","date_gmt":"2024-05-09T09:34:36","guid":{"rendered":"https:\/\/zooprekes24.lt\/?post_type=product&#038;p=26023"},"modified":"2026-02-03T14:58:08","modified_gmt":"2026-02-03T12:58:08","slug":"la-murr-bentoniidist-kassipesu-lavendlilohnaline-10l","status":"publish","type":"product","link":"https:\/\/zooprekes24.lt\/et\/produktas\/la-murr-bentonitinis-kaciu-kraikas-levandu-kvapo-10l\/","title":{"rendered":"La Murr bentoniidist kassipesu, lavendlil\u00f5hnaline, 10L"},"content":{"rendered":"<h3>La Murr Bentoniit-puru on looduslik toode, millel on lavendlil\u00f5hnaline l\u00f5hn. Valge bentoniit on looduslik ja keskkonnas\u00f5bralik <a href=\"https:\/\/zooprekes24.lt\/et\/tooted-2\/katems\/hugieeni-ja-puhastusvahendid-kassidele\/prugi\/\">kassipuru<\/a>, millel on ainulaadsed omadused, mis tagavad t\u00e4iusliku sobivuse ja h\u00fcgieenilise v\u00e4limuse. Lavendlil\u00f5hnaline aroom p\u00fc\u00fcab loomulikult soovimatuid l\u00f5hnu ja j\u00e4tab teie kodu puhtaks. Tegemist on puhta tootega, mis ei sisalda s\u00fcnteetilisi lisandeid ega v\u00e4rvaineid.<\/h3>\n<ul>\n<li>100% looduslik mineraalsavi.<\/li>\n<li>Kassid v\u00f5ivad ohutult oma k\u00e4ppasid lakkuda, kui neid kasutatakse.<\/li>\n<li>K\u00f5rge imavus isegi kuni 360% - muudab selle kasutamise \u00e4\u00e4rmiselt kuluefektiivseks.<\/li>\n<li>Klobib kiiresti v\u00e4ikesteks, kindlateks kobarateks, mida on lihtne eemaldada.<\/li>\n<li>\u00d5rn k\u00e4ppadele - v\u00e4ikesed graanulid ei j\u00e4\u00e4 jalgadele k\u00fclge ega \u00e4rrita neid.<\/li>\n<li>La Murr sobib allergilistele ja tundlikele kassidele - ilma s\u00fcnteetiliste lisaainete ja v\u00e4rvaineteta.<\/li>\n<li>H\u00fcgieeniline - tugev liim hoiab uriini klompide sees, et s\u00e4ilitada h\u00fcgieenilisus.<\/li>\n<li>99.5% tolmuvaba - minimaalne tolmumine pesakasti t\u00e4itmisel ja puuduvad j\u00e4ljed k\u00e4ppadel.<\/li>\n<li>Lavendlil\u00f5hn aitab maksimaalselt neutraliseerida kasside uriini ja v\u00e4ljaheidete tekitatud ammoniaagil\u00f5hna.<\/li>\n<\/ul>","protected":false},"excerpt":{"rendered":"<p>La Murr bentonitinis ka\u010di\u0173 kraikas &#8211; nat\u016bralus produktas su levand\u0173 kvapu. Baltasis bentonitas tai nat\u016bralus ir aplinkai draugi\u0161kas kraikas kat\u0117ms, kuris d\u0117l savo unikali\u0173 savybi\u0173 puikiai sulimpa bei atrodo higieni\u0161kai. Levand\u0173 aromatas nat\u016braliai sulaiko nepageidaujamus kvapus, o j\u016bs\u0173 namai maloniai kvepia \u0161vara. Tai &#8211; grynas produktas, be sintetini\u0173 pried\u0173 ir da\u017eikli\u0173. 100% nat\u016bralus mineralinis molis&#8230;.<\/p>","protected":false},"featured_media":26024,"comment_status":"closed","ping_status":"closed","template":"","meta":{"_acf_changed":false,"slim_seo":{"title":"La Murr bentonitinis ka\u010di\u0173 kraikas, levand\u0173 kvapo, 10L - Zooprekes24","description":"La Murr Bentoniit-puru on looduslik toode, millel on lavendlil\u00f5hnaline l\u00f5hn. Valge bentoniit on looduslik ja keskkonnas\u00f5bralik kassipesu, mis t\u00e4nu oma"},"iawp_total_views":861},"product_brand":[],"product_cat":[78,25,9009],"product_tag":[1940,5253],"class_list":{"0":"post-26023","1":"product","2":"type-product","3":"status-publish","4":"has-post-thumbnail","6":"product_cat-higiena-ir-prieziura-katems","7":"product_cat-katems","8":"product_cat-kraikas","9":"product_tag-naturalus-kraikas-katems","10":"product_tag-nedulkantis-kraikas-katems","11":"pa_kraiko-rusis-bentonitas","12":"pa_prekiu-zenklai-la-murr","14":"first","15":"instock","16":"sale","17":"featured","18":"taxable","19":"shipping-taxable","20":"purchasable","21":"product-type-variable"},"acf":[],"_links":{"self":[{"href":"https:\/\/zooprekes24.lt\/et\/wp-json\/wp\/v2\/product\/26023","targetHints":{"allow":["GET"]}}],"collection":[{"href":"https:\/\/zooprekes24.lt\/et\/wp-json\/wp\/v2\/product"}],"about":[{"href":"https:\/\/zooprekes24.lt\/et\/wp-json\/wp\/v2\/types\/product"}],"replies":[{"embeddable":true,"href":"https:\/\/zooprekes24.lt\/et\/wp-json\/wp\/v2\/comments?post=26023"}],"wp:featuredmedia":[{"embeddable":true,"href":"https:\/\/zooprekes24.lt\/et\/wp-json\/wp\/v2\/media\/26024"}],"wp:attachment":[{"href":"https:\/\/zooprekes24.lt\/et\/wp-json\/wp\/v2\/media?parent=26023"}],"wp:term":[{"taxonomy":"product_brand","embeddable":true,"href":"https:\/\/zooprekes24.lt\/et\/wp-json\/wp\/v2\/product_brand?post=26023"},{"taxonomy":"product_cat","embeddable":true,"href":"https:\/\/zooprekes24.lt\/et\/wp-json\/wp\/v2\/product_cat?post=26023"},{"taxonomy":"product_tag","embeddable":true,"href":"https:\/\/zooprekes24.lt\/et\/wp-json\/wp\/v2\/product_tag?post=26023"}],"curies":[{"name":"wp","href":"https:\/\/api.w.org\/{rel}","templated":true}]}}