{"id":26020,"date":"2024-05-09T12:10:09","date_gmt":"2024-05-09T09:10:09","guid":{"rendered":"https:\/\/zooprekes24.lt\/?post_type=product&#038;p=26020"},"modified":"2026-03-16T12:42:06","modified_gmt":"2026-03-16T10:42:06","slug":"la-murr-bentoniidist-kassipesu-koos-aktiivsoega-10l","status":"publish","type":"product","link":"https:\/\/zooprekes24.lt\/et\/produktas\/la-murr-bentonitinis-kaciu-kraikas-su-aktyvinta-anglimi-10l\/","title":{"rendered":"La Murr bentoniidist kassipesu, aktiivs\u00fcsi, 10L"},"content":{"rendered":"<h3>La Murr Bentoniit kassipesu on looduslik toode, mis sisaldab aktiivs\u00fctt. Valge bentoniit on looduslik ja keskkonnas\u00f5bralik <a href=\"https:\/\/zooprekes24.lt\/et\/tooted-2\/katems\/hugieeni-ja-puhastusvahendid-kassidele\/prugi\/\">kassipuru<\/a>, millel on ainulaadsed omadused, mis tagavad t\u00e4iusliku sobivuse ja h\u00fcgieenilise v\u00e4limuse. Aktiivs\u00fcsi on looduslik materjal, mis absorbeerib ja p\u00fc\u00fcab l\u00f5hnad v\u00e4ga t\u00f5husalt. See on puhas toode, mis ei sisalda s\u00fcnteetilisi lisandeid, v\u00e4rvaineid ega l\u00f5hnaaineid.<\/h3>\n<ul>\n<li>100% looduslik mineraalsavi.<\/li>\n<li>Kassid v\u00f5ivad ohutult oma k\u00e4ppasid lakkuda, kui neid kasutatakse.<\/li>\n<li>K\u00f5rge imavus isegi kuni 360% - muudab selle kasutamise \u00e4\u00e4rmiselt kuluefektiivseks.<\/li>\n<li>Klobib kiiresti v\u00e4ikesteks, kindlateks kobarateks, mida on lihtne eemaldada.<\/li>\n<li>\u00d5rn k\u00e4ppadele - v\u00e4ikesed graanulid ei j\u00e4\u00e4 jalgadele k\u00fclge ega \u00e4rrita neid.<\/li>\n<li>La Murr sobib allergilistele ja tundlikele kassidele - ILMA s\u00fcnteetiliste lisaainete, v\u00e4rvainete ja l\u00f5hnaainetega.<\/li>\n<li>H\u00fcgieeniline - tugev liim hoiab uriini klompide sees, et s\u00e4ilitada h\u00fcgieenilisus.<\/li>\n<li>99.5% tolmuvaba - minimaalne tolmumine pesakasti t\u00e4itmisel ja puuduvad j\u00e4ljed k\u00e4ppadel.<\/li>\n<li>Aktiivs\u00fcsi aitab maksimaalselt neutraliseerida kasside uriini ja v\u00e4ljaheidete poolt tekitatud ammoniaagil\u00f5hna.<\/li>\n<\/ul>","protected":false},"excerpt":{"rendered":"<p>La Murr bentonitinis ka\u010di\u0173 kraikas &#8211; nat\u016bralus produktas su aktyvinta anglimi. Baltasis bentonitas tai nat\u016bralus ir aplinkai draugi\u0161kas kraikas kat\u0117ms, kuris d\u0117l savo unikali\u0173 savybi\u0173 puikiai sulimpa bei atrodo higieni\u0161kai. Aktyvinta anglis &#8211; tai nat\u016brali med\u017eiaga, itin efektyviai sugerianti bei sulaikanti nemalonius kvapus. Tai &#8211; grynas produktas, be sintetini\u0173 pried\u0173, da\u017eikli\u0173 bei kvap\u0173. 100% nat\u016bralus&#8230;<\/p>","protected":false},"featured_media":26022,"comment_status":"closed","ping_status":"closed","template":"","meta":{"_acf_changed":false,"slim_seo":{"title":"La Murr bentonitinis ka\u010di\u0173 kraikas, su aktyvinta anglimi, 10L - Zooprekes24","description":"La Murr Bentoniit kassipesu on looduslik toode, mis sisaldab aktiivs\u00fctt. Valge bentoniit on looduslik ja keskkonnas\u00f5bralik kassipesu, mis on loodud selleks, et aidata kasside tervist."},"iawp_total_views":933},"product_brand":[],"product_cat":[78,25,9009],"product_tag":[1940,5253],"class_list":{"0":"post-26020","1":"product","2":"type-product","3":"status-publish","4":"has-post-thumbnail","6":"product_cat-higiena-ir-prieziura-katems","7":"product_cat-katems","8":"product_cat-kraikas","9":"product_tag-naturalus-kraikas-katems","10":"product_tag-nedulkantis-kraikas-katems","11":"pa_kraiko-rusis-bentonitas","12":"pa_prekiu-zenklai-la-murr","14":"first","15":"instock","16":"sale","17":"featured","18":"taxable","19":"shipping-taxable","20":"purchasable","21":"product-type-variable"},"acf":[],"_links":{"self":[{"href":"https:\/\/zooprekes24.lt\/et\/wp-json\/wp\/v2\/product\/26020","targetHints":{"allow":["GET"]}}],"collection":[{"href":"https:\/\/zooprekes24.lt\/et\/wp-json\/wp\/v2\/product"}],"about":[{"href":"https:\/\/zooprekes24.lt\/et\/wp-json\/wp\/v2\/types\/product"}],"replies":[{"embeddable":true,"href":"https:\/\/zooprekes24.lt\/et\/wp-json\/wp\/v2\/comments?post=26020"}],"wp:featuredmedia":[{"embeddable":true,"href":"https:\/\/zooprekes24.lt\/et\/wp-json\/wp\/v2\/media\/26022"}],"wp:attachment":[{"href":"https:\/\/zooprekes24.lt\/et\/wp-json\/wp\/v2\/media?parent=26020"}],"wp:term":[{"taxonomy":"product_brand","embeddable":true,"href":"https:\/\/zooprekes24.lt\/et\/wp-json\/wp\/v2\/product_brand?post=26020"},{"taxonomy":"product_cat","embeddable":true,"href":"https:\/\/zooprekes24.lt\/et\/wp-json\/wp\/v2\/product_cat?post=26020"},{"taxonomy":"product_tag","embeddable":true,"href":"https:\/\/zooprekes24.lt\/et\/wp-json\/wp\/v2\/product_tag?post=26020"}],"curies":[{"name":"wp","href":"https:\/\/api.w.org\/{rel}","templated":true}]}}