{"id":25047,"date":"2024-04-19T13:48:31","date_gmt":"2024-04-19T10:48:31","guid":{"rendered":"https:\/\/zooprekes24.lt\/produktas\/brit-veterinary-diets-urinary-wet-85g\/"},"modified":"2025-07-28T14:39:43","modified_gmt":"2025-07-28T12:39:43","slug":"brit-veterinaardieedid-uriinile-85g","status":"publish","type":"product","link":"https:\/\/zooprekes24.lt\/et\/produktas\/brit-veterinary-diets-urinary-wet-85g\/","title":{"rendered":"Brit Veterinary Diets Urinary &amp; Stress Relief konservitoit kassidele"},"content":{"rendered":"<h3>Brit Veterinary Diets Urinary &amp; Stress Relief on t\u00e4ielik ja tasakaalustatud dieet kuseteede h\u00e4iretega kassidele. Maitsev kalkunitoiduravim.<\/h3>\n<h3><span style=\"color: #a8cfca;\">N\u00e4idustused:<\/span><\/h3>\n<ul>\n<li>Struviidi- ja oksalaatkivide tekke ennetamine.<\/li>\n<li>Toitumisabi stressiga seotud haiguste puhul.<\/li>\n<\/ul>\n<hr \/>\n<ul>\n<li>Rahustab stressirohketes olukordades.<\/li>\n<li>T\u00e4iendatud orgaaniliste mikroelementidega.<\/li>\n<li><a href=\"https:\/\/zooprekes24.lt\/et\/kategorija\/prekes-katems\/kulatoit\/slapias-kaciu-maistas\/\" target=\"_blank\" rel=\"noopener\">Konservid<\/a> sobib igas vanuses kassidele.<\/li>\n<li>Tr\u00fcptofaan - soodustab l\u00f5\u00f5gastumist ja aitab v\u00e4hendada stressi.<\/li>\n<li>Brit Veterinary Diets Urinary &amp; Stress Relief ei kasuta suhkrut, soja v\u00f5i GMOsid.<\/li>\n<li>Parima ja t\u00f5husaima tulemuse saavutamiseks on soovitatav kasutada kombinatsioonis <a href=\"https:\/\/britvetdiets.com\/\" target=\"_blank\" rel=\"noopener\">Briti veterinaarravimid<\/a> kuivtoit.<\/li>\n<\/ul>\n<p><a ref=\"magnificPopup\" href=\"https:\/\/zooprekes24.lt\/wp-content\/uploads\/Brit-Veterinary-Diets-Grain-free-logo.png\"><img loading=\"lazy\" decoding=\"async\" class=\"alignnone wp-image-16429\" src=\"https:\/\/zooprekes24.lt\/wp-content\/uploads\/Brit-Veterinary-Diets-Grain-free-logo.png\" alt=\"Brit Veterinary Diets teraviljavaba logo\" width=\"150\" height=\"151\" \/><\/a><\/p>","protected":false},"excerpt":{"rendered":"<p>Brit Veterinary Diets Urinary &amp; Stress Relief &#8211; visavertis ir subalansuotas dietinis pa\u0161aras skirtas kat\u0117ms su \u0161lapimo tak\u0173 susirgimais. Gardi kalakutienos formul\u0117. Indikacijos: Struvit\u0173 ir oksalatini\u0173 akmen\u0173 susidarymo prevencija. Mitybos palaikymas sergant su stresu susijusiomis ligomis. Ramina stresin\u0117se situacijose. Papildyta organiniais mikroelementais. Konservai tinkami vis\u0173 am\u017eiaus grupi\u0173 kat\u0117ms. Triptofanas &#8211; skatina atsipalaidavim\u0105 ir padeda ma\u017einti&#8230;<\/p>","protected":false},"featured_media":20318,"comment_status":"closed","ping_status":"closed","template":"","meta":{"_acf_changed":false,"slim_seo":{"title":"Brit Veterinary Diets Urinary & Stress Relief konservai kat\u0117ms - Zooprekes24","description":"Brit Veterinary Diets Urinary &amp; Stress Relief on t\u00e4ielik ja tasakaalustatud dieet kuseteede h\u00e4iretega kassidele. Maitsev kalkuniliha"},"iawp_total_views":236},"product_brand":[],"product_cat":[9234,72,83,25,9020,9037],"product_tag":[4971,1643,1644,1646,1650,1850,4783,2173],"class_list":{"0":"post-25047","1":"product","2":"type-product","3":"status-publish","4":"has-post-thumbnail","6":"product_cat-brit-veterinary-diets-katems","7":"product_cat-kaciu-maistas","8":"product_cat-kaciu-prekiu-gamintojai","9":"product_cat-katems","10":"product_cat-slapias-maistas-kaciu-maistas","11":"product_cat-veterinarine-dieta-kaciu-maistas","12":"product_tag-brit-care-konservuotas-edalas-katems","13":"product_tag-brit-care-veterinariniai-konservai","14":"product_tag-brit-konservai-skardineje","15":"product_tag-brit-vd-konservai","16":"product_tag-brit-veterinariniai-konservai","17":"product_tag-kates-slapimo-takams","18":"product_tag-konservai-nuo-struvitu","19":"product_tag-konservuotas-maistas-katems","20":"pa_pasaro-sudetis-kalakutiena","21":"pa_pasaro-sudetis-kepeneles","22":"pa_pasaro-sudetis-vistiena","23":"pa_prekiu-zenklai-brit-veterinary-diets","25":"first","26":"instock","27":"featured","28":"taxable","29":"shipping-taxable","30":"purchasable","31":"product-type-variable"},"acf":[],"_links":{"self":[{"href":"https:\/\/zooprekes24.lt\/et\/wp-json\/wp\/v2\/product\/25047","targetHints":{"allow":["GET"]}}],"collection":[{"href":"https:\/\/zooprekes24.lt\/et\/wp-json\/wp\/v2\/product"}],"about":[{"href":"https:\/\/zooprekes24.lt\/et\/wp-json\/wp\/v2\/types\/product"}],"replies":[{"embeddable":true,"href":"https:\/\/zooprekes24.lt\/et\/wp-json\/wp\/v2\/comments?post=25047"}],"wp:featuredmedia":[{"embeddable":true,"href":"https:\/\/zooprekes24.lt\/et\/wp-json\/wp\/v2\/media\/20318"}],"wp:attachment":[{"href":"https:\/\/zooprekes24.lt\/et\/wp-json\/wp\/v2\/media?parent=25047"}],"wp:term":[{"taxonomy":"product_brand","embeddable":true,"href":"https:\/\/zooprekes24.lt\/et\/wp-json\/wp\/v2\/product_brand?post=25047"},{"taxonomy":"product_cat","embeddable":true,"href":"https:\/\/zooprekes24.lt\/et\/wp-json\/wp\/v2\/product_cat?post=25047"},{"taxonomy":"product_tag","embeddable":true,"href":"https:\/\/zooprekes24.lt\/et\/wp-json\/wp\/v2\/product_tag?post=25047"}],"curies":[{"name":"wp","href":"https:\/\/api.w.org\/{rel}","templated":true}]}}