{"id":25041,"date":"2024-04-19T13:48:21","date_gmt":"2024-04-19T10:48:21","guid":{"rendered":"https:\/\/zooprekes24.lt\/produktas\/brit-veterinary-diets-gastro-wet-85g\/"},"modified":"2025-07-28T14:36:55","modified_gmt":"2025-07-28T12:36:55","slug":"brit-veterinaardieet-gastro-wet-85g","status":"publish","type":"product","link":"https:\/\/zooprekes24.lt\/et\/produktas\/brit-veterinary-diets-gastro-wet-85g\/","title":{"rendered":"Brit Veterinary Diets Gastrointestinal konserveeritud toit kassidele"},"content":{"rendered":"<h3>Brit Veterinary Diets Gastrointestinal on t\u00e4ielik ja tasakaalustatud dieet seedetrakti probleemidega kassidele. Maitsev lambaliha koostis.<\/h3>\n<h3><span style=\"color: #b6b6da;\">N\u00e4idustused:<\/span><\/h3>\n<ul>\n<li>Seedetrakti h\u00e4ired.<\/li>\n<li>Suurenenud k\u00f5hupuhitus.<\/li>\n<li>\u00c4ge ja krooniline pankreatiit.<\/li>\n<li>Eksokriinset pankrease puudulikkust (EPI).<\/li>\n<li>Seedetrakti h\u00e4ired (k\u00f5hulahtisus, oksendamine).<\/li>\n<li>Seedetrakti rahustamine p\u00e4rast k\u00f5hulahtisust v\u00f5i oksendamist.<\/li>\n<\/ul>\n<hr \/>\n<ul>\n<li>T\u00e4iendatud orgaaniliste mikroelementidega.<\/li>\n<li><a href=\"https:\/\/zooprekes24.lt\/et\/kategorija\/prekes-katems\/kulatoit\/slapias-kaciu-maistas\/\" target=\"_blank\" rel=\"noopener\">Konservid<\/a> sobib igas vanuses kassidele.<\/li>\n<li>P\u00e4rm ja kliinoptiloliit - toetavad seedetrakti.<\/li>\n<li>Brit Veterinary Diets Gastrointestinal ei kasuta suhkrut, soja v\u00f5i GMOsid.<\/li>\n<li>Parima ja t\u00f5husaima tulemuse saavutamiseks on soovitatav kasutada kombinatsioonis <a href=\"https:\/\/britvetdiets.com\/\" target=\"_blank\" rel=\"noopener\">Briti veterinaarravimid<\/a> kuivtoit.<\/li>\n<\/ul>\n<p><a ref=\"magnificPopup\" href=\"https:\/\/zooprekes24.lt\/wp-content\/uploads\/Brit-Veterinary-Diets-Grain-free-logo.png\"><img loading=\"lazy\" decoding=\"async\" class=\"alignnone wp-image-16429\" src=\"https:\/\/zooprekes24.lt\/wp-content\/uploads\/Brit-Veterinary-Diets-Grain-free-logo.png\" alt=\"Brit Veterinary Diets teraviljavaba logo\" width=\"150\" height=\"151\" \/><\/a><\/p>","protected":false},"excerpt":{"rendered":"<p>Brit Veterinary Diets Gastrointestinal &#8211; visavertis ir subalansuotas dietinis pa\u0161aras skirtas kat\u0117ms su skrand\u017eio ir \u017earnyno problemomis. Gardi \u0117rienos formul\u0117. Indikacijos: Vir\u0161kinimo sutrikimai. Padid\u0117j\u0119s viduri\u0173 p\u016btimas. \u016aminis ir l\u0117tinis pankreatitas. Egzokrininis kasos nepakankamumas (EPI). Vir\u0161kinimo trakto sutrikimai (viduriavimas, v\u0117mimas). Vir\u0161kinimo trakto raminimas po viduriavimo ar v\u0117mimo. Papildyta organiniais mikroelementais. Konservai tinkami vis\u0173 am\u017eiaus grupi\u0173 kat\u0117ms&#8230;.<\/p>","protected":false},"featured_media":21057,"comment_status":"closed","ping_status":"closed","template":"","meta":{"_acf_changed":false,"slim_seo":{"title":"Brit Veterinary Diets Gastrointestinal konservai kat\u0117ms - Zooprekes24","description":"Brit Veterinary Diets Gastrointestinal on t\u00e4ielik ja tasakaalustatud dieet seedetrakti probleemidega kassidele. Maitsev lambaliha koostis."},"iawp_total_views":198},"product_brand":[],"product_cat":[9234,72,83,25,9020,9037],"product_tag":[4971,1643,1644,1646,1650,5004,2173],"class_list":{"0":"post-25041","1":"product","2":"type-product","3":"status-publish","4":"has-post-thumbnail","6":"product_cat-brit-veterinary-diets-katems","7":"product_cat-kaciu-maistas","8":"product_cat-kaciu-prekiu-gamintojai","9":"product_cat-katems","10":"product_cat-slapias-maistas-kaciu-maistas","11":"product_cat-veterinarine-dieta-kaciu-maistas","12":"product_tag-brit-care-konservuotas-edalas-katems","13":"product_tag-brit-care-veterinariniai-konservai","14":"product_tag-brit-konservai-skardineje","15":"product_tag-brit-vd-konservai","16":"product_tag-brit-veterinariniai-konservai","17":"product_tag-kaciu-inkstu-nepakankamumas","18":"product_tag-konservuotas-maistas-katems","19":"pa_pasaro-sudetis-eriena","20":"pa_pasaro-sudetis-kepeneles","21":"pa_pasaro-sudetis-vistiena","22":"pa_prekiu-zenklai-brit-veterinary-diets","24":"first","25":"instock","26":"featured","27":"taxable","28":"shipping-taxable","29":"purchasable","30":"product-type-variable"},"acf":[],"_links":{"self":[{"href":"https:\/\/zooprekes24.lt\/et\/wp-json\/wp\/v2\/product\/25041","targetHints":{"allow":["GET"]}}],"collection":[{"href":"https:\/\/zooprekes24.lt\/et\/wp-json\/wp\/v2\/product"}],"about":[{"href":"https:\/\/zooprekes24.lt\/et\/wp-json\/wp\/v2\/types\/product"}],"replies":[{"embeddable":true,"href":"https:\/\/zooprekes24.lt\/et\/wp-json\/wp\/v2\/comments?post=25041"}],"wp:featuredmedia":[{"embeddable":true,"href":"https:\/\/zooprekes24.lt\/et\/wp-json\/wp\/v2\/media\/21057"}],"wp:attachment":[{"href":"https:\/\/zooprekes24.lt\/et\/wp-json\/wp\/v2\/media?parent=25041"}],"wp:term":[{"taxonomy":"product_brand","embeddable":true,"href":"https:\/\/zooprekes24.lt\/et\/wp-json\/wp\/v2\/product_brand?post=25041"},{"taxonomy":"product_cat","embeddable":true,"href":"https:\/\/zooprekes24.lt\/et\/wp-json\/wp\/v2\/product_cat?post=25041"},{"taxonomy":"product_tag","embeddable":true,"href":"https:\/\/zooprekes24.lt\/et\/wp-json\/wp\/v2\/product_tag?post=25041"}],"curies":[{"name":"wp","href":"https:\/\/api.w.org\/{rel}","templated":true}]}}