{"id":25029,"date":"2024-04-19T13:48:21","date_gmt":"2024-04-19T10:48:21","guid":{"rendered":"https:\/\/zooprekes24.lt\/produktas\/josera-kitten-chicken-konservai-kaciukams\/"},"modified":"2026-04-13T12:38:55","modified_gmt":"2026-04-13T10:38:55","slug":"josera-kassipoegade-kanakonserv-kassipoegadele","status":"publish","type":"product","link":"https:\/\/zooprekes24.lt\/et\/produktas\/josera-kitten-chicken-konservai-kaciukams\/","title":{"rendered":"Josera Kitten Chicken Konservid kassipoegadele"},"content":{"rendered":"<h3>Josera Kitten Chicken &#8211; visavertis \u0161lapias maistas ka\u010diukams su sultinga vi\u0161tiena. Naudingas augintinio \u0161lapimo tak\u0173 ir skrand\u017eio veiklai. Be gr\u016bd\u0173.<\/h3>\n<ul>\n<li>Pritaikytas ka\u010diukams iki 1 met\u0173 am\u017eiaus.<\/li>\n<li>Palaiko sveik\u0105 ka\u010diuk\u0173 augim\u0105 ir vystym\u0105si.<\/li>\n<li>Galimyb\u0117 rinktis i\u0161 dviej\u0173 skardini\u0173 dyd\u017ei\u0173 85 g arba 200 g.<\/li>\n<li>La\u0161i\u0161\u0173 aliejus suteikia verting\u0173 Omega-3 ir Omega-6 riebal\u0173 r\u016bg\u0161\u010di\u0173.<\/li>\n<li>Su specialiomis augalin\u0117mis skaidulomis i\u0161 gyslo\u010dio s\u0117kl\u0173, padedan\u010diomis i\u0161vengti plauk\u0173 kamuoliuk\u0173 susidarymo.<\/li>\n<li><a href=\"https:\/\/www.josera.lt\/\">Josera Kitten Chicken<\/a>\u00a0sukurtas atsi\u017evelgiant \u012f <a href=\"https:\/\/zooprekes24.lt\/kategorija\/prekes-katems\/kaciu-maistas\/?filters=kates-amzius[384]\" target=\"_blank\" rel=\"noopener\">ka\u010diuk\u0173<\/a> poreikius tad ne tik apr\u016bpina jauno gyv\u016bno organizm\u0105 reikalingais mineralais ir vitaminais, bet ir yra optimalus kasdien\u0117s dietos be gr\u016bd\u0173 pasirinkimas sveikoms ir jautrioms kat\u0117ms.<\/li>\n<\/ul>\n","protected":false},"excerpt":{"rendered":"<p>Josera Kitten Chicken &#8211; visavertis \u0161lapias maistas ka\u010diukams su sultinga vi\u0161tiena. Naudingas augintinio \u0161lapimo tak\u0173 ir skrand\u017eio veiklai. Be gr\u016bd\u0173. Pritaikytas ka\u010diukams iki 1 met\u0173 am\u017eiaus. Palaiko sveik\u0105 ka\u010diuk\u0173 augim\u0105 ir vystym\u0105si. Galimyb\u0117 rinktis i\u0161 dviej\u0173 skardini\u0173 dyd\u017ei\u0173 85 g arba 200 g. La\u0161i\u0161\u0173 aliejus suteikia verting\u0173 Omega-3 ir Omega-6 riebal\u0173 r\u016bg\u0161\u010di\u0173. Su specialiomis augalin\u0117mis&#8230;<\/p>","protected":false},"featured_media":21044,"comment_status":"closed","ping_status":"closed","template":"","meta":{"_acf_changed":false,"slim_seo":{"title":"Josera Kitten Chicken konservai ka\u010diukams - Zooprekes24","description":"Josera Kitten Chicken - t\u00e4isv\u00e4\u00e4rtuslik niisketoit kassipoegadele mahlase kanaga. Hea lemmiklooma kuseteede ja mao jaoks. Teraviljavaba. Kohandatud"},"iawp_total_views":425},"product_brand":[],"product_cat":[9027,9081,72,83,25,9020],"product_tag":[6851,6883],"class_list":{"0":"post-25029","1":"product","2":"type-product","3":"status-publish","4":"has-post-thumbnail","6":"product_cat-begrudis-maistas-kaciu-maistas","7":"product_cat-josera-kaciu-prekiu-gamintojai","8":"product_cat-kaciu-maistas","9":"product_cat-kaciu-prekiu-gamintojai","10":"product_cat-katems","11":"product_cat-slapias-maistas-kaciu-maistas","12":"product_tag-josera-pasaras-katems","13":"product_tag-josera-slapias-edalas-katems","14":"pa_pasaro-sudetis-darzoves","15":"pa_pasaro-sudetis-kalakutiena","16":"pa_pasaro-sudetis-kepeneles","17":"pa_pasaro-sudetis-paukstiena","18":"pa_pasaro-sudetis-sirdys","19":"pa_pasaro-sudetis-vistiena","20":"pa_prekiu-zenklai-josera","22":"first","23":"outofstock","24":"featured","25":"taxable","26":"shipping-taxable","27":"purchasable","28":"product-type-variable"},"acf":[],"_links":{"self":[{"href":"https:\/\/zooprekes24.lt\/et\/wp-json\/wp\/v2\/product\/25029","targetHints":{"allow":["GET"]}}],"collection":[{"href":"https:\/\/zooprekes24.lt\/et\/wp-json\/wp\/v2\/product"}],"about":[{"href":"https:\/\/zooprekes24.lt\/et\/wp-json\/wp\/v2\/types\/product"}],"replies":[{"embeddable":true,"href":"https:\/\/zooprekes24.lt\/et\/wp-json\/wp\/v2\/comments?post=25029"}],"wp:featuredmedia":[{"embeddable":true,"href":"https:\/\/zooprekes24.lt\/et\/wp-json\/wp\/v2\/media\/21044"}],"wp:attachment":[{"href":"https:\/\/zooprekes24.lt\/et\/wp-json\/wp\/v2\/media?parent=25029"}],"wp:term":[{"taxonomy":"product_brand","embeddable":true,"href":"https:\/\/zooprekes24.lt\/et\/wp-json\/wp\/v2\/product_brand?post=25029"},{"taxonomy":"product_cat","embeddable":true,"href":"https:\/\/zooprekes24.lt\/et\/wp-json\/wp\/v2\/product_cat?post=25029"},{"taxonomy":"product_tag","embeddable":true,"href":"https:\/\/zooprekes24.lt\/et\/wp-json\/wp\/v2\/product_tag?post=25029"}],"curies":[{"name":"wp","href":"https:\/\/api.w.org\/{rel}","templated":true}]}}