{"id":25026,"date":"2024-04-19T13:48:21","date_gmt":"2024-04-19T10:48:21","guid":{"rendered":"https:\/\/zooprekes24.lt\/produktas\/josera-senior-chicken-konservai-katems\/"},"modified":"2026-03-02T15:03:24","modified_gmt":"2026-03-02T13:03:24","slug":"josera-senior-kana-konservtoit-kassidele","status":"publish","type":"product","link":"https:\/\/zooprekes24.lt\/et\/produktas\/josera-senior-chicken-konservai-katems\/","title":{"rendered":"Josera Senior Chicken konserveeritud kassidele"},"content":{"rendered":"<h3>Josera Senior Chicken &#8211; visavertis \u0161lapias maistas vyresnio am\u017eiaus kat\u0117ms su sultinga vi\u0161tiena. Padeda sustiprinti raumenis ir sul\u0117tinti l\u0105steli\u0173 sen\u0117jimo procesus. Be gr\u016bd\u0173.<\/h3>\n<ul>\n<li>Su ma\u017eesniu fosforo kiekiu.<\/li>\n<li>Pritaikytas kat\u0117ms senjor\u0117ms.<\/li>\n<li>Galimyb\u0117 rinktis i\u0161 dviej\u0173 skardini\u0173 dyd\u017ei\u0173 85 g arba 200 g.<\/li>\n<li>La\u0161i\u0161\u0173 aliejus suteikia verting\u0173 Omega-3 ir Omega-6 riebal\u0173 r\u016bg\u0161\u010di\u0173.<\/li>\n<li>Sud\u0117tyje yra l-karnitino ir antioksidant\u0173, kurie stiprina raumenis ir sul\u0117tina l\u0105steli\u0173 sen\u0117jimo procesus.<\/li>\n<li>Su specialiomis augalin\u0117mis skaidulomis i\u0161 gyslo\u010dio s\u0117kl\u0173, padedan\u010diomis i\u0161vengti plauk\u0173 kamuoliuk\u0173 susidarymo.<\/li>\n<li><a href=\"https:\/\/www.josera.lt\/\">Josera Senior Chicken<\/a>\u00a0sukurtas atsi\u017evelgiant \u012f <a href=\"https:\/\/zooprekes24.lt\/kategorija\/prekes-katems\/kaciu-maistas\/slapias-kaciu-maistas\/?filters=kates-amzius[381]\">vyresnio am\u017eiaus ka\u010di\u0173<\/a> poreikius tad ne tik apr\u016bpina kat\u0117s organizm\u0105 reikalingais mineralais ir vitaminais, bet ir yra optimalus kasdien\u0117s dietos be gr\u016bd\u0173 pasirinkimas sveikoms ir jautrioms kat\u0117ms.<\/li>\n<\/ul>\n","protected":false},"excerpt":{"rendered":"<p>Josera Senior Chicken on t\u00e4isv\u00e4\u00e4rtuslik niiske toit eakatele kassidele mahlase kanaga. Aitab tugevdada lihaseid ja aeglustada rakkude vananemist. Teraviljavaba. Madalama fosforisisaldusega. Sobib vanemate kasside jaoks. Saadaval kahes purgi suuruses 85 g v\u00f5i 200 g. L\u00f5he\u00f5li annab v\u00e4\u00e4rtuslikke Omega-3 ja Omega-6 rasvhappeid. Sisaldab l-karnitiini ja antioks\u00fcdante,...<\/p>","protected":false},"featured_media":21040,"comment_status":"closed","ping_status":"closed","template":"","meta":{"_acf_changed":false,"slim_seo":{"title":"Josera Senior Chicken konservai kat\u0117ms - Zooprekes24","description":"Josera Senior Chicken on t\u00e4isv\u00e4\u00e4rtuslik niiske toit eakatele kassidele mahlase kanaga. Aitab tugevdada lihaseid ja aeglustada rakkude vananemise kiirust"},"iawp_total_views":102},"product_brand":[],"product_cat":[9027,9081,72,83,25,9020],"product_tag":[6851,6883],"class_list":{"0":"post-25026","1":"product","2":"type-product","3":"status-publish","4":"has-post-thumbnail","6":"product_cat-begrudis-maistas-kaciu-maistas","7":"product_cat-josera-kaciu-prekiu-gamintojai","8":"product_cat-kaciu-maistas","9":"product_cat-kaciu-prekiu-gamintojai","10":"product_cat-katems","11":"product_cat-slapias-maistas-kaciu-maistas","12":"product_tag-josera-pasaras-katems","13":"product_tag-josera-slapias-edalas-katems","14":"pa_pasaro-sudetis-darzoves","15":"pa_pasaro-sudetis-kalakutiena","16":"pa_pasaro-sudetis-kepeneles","17":"pa_pasaro-sudetis-paukstiena","18":"pa_pasaro-sudetis-sirdys","19":"pa_pasaro-sudetis-vistiena","20":"pa_prekiu-zenklai-josera","22":"first","23":"instock","24":"featured","25":"taxable","26":"shipping-taxable","27":"purchasable","28":"product-type-variable"},"acf":[],"_links":{"self":[{"href":"https:\/\/zooprekes24.lt\/et\/wp-json\/wp\/v2\/product\/25026","targetHints":{"allow":["GET"]}}],"collection":[{"href":"https:\/\/zooprekes24.lt\/et\/wp-json\/wp\/v2\/product"}],"about":[{"href":"https:\/\/zooprekes24.lt\/et\/wp-json\/wp\/v2\/types\/product"}],"replies":[{"embeddable":true,"href":"https:\/\/zooprekes24.lt\/et\/wp-json\/wp\/v2\/comments?post=25026"}],"wp:featuredmedia":[{"embeddable":true,"href":"https:\/\/zooprekes24.lt\/et\/wp-json\/wp\/v2\/media\/21040"}],"wp:attachment":[{"href":"https:\/\/zooprekes24.lt\/et\/wp-json\/wp\/v2\/media?parent=25026"}],"wp:term":[{"taxonomy":"product_brand","embeddable":true,"href":"https:\/\/zooprekes24.lt\/et\/wp-json\/wp\/v2\/product_brand?post=25026"},{"taxonomy":"product_cat","embeddable":true,"href":"https:\/\/zooprekes24.lt\/et\/wp-json\/wp\/v2\/product_cat?post=25026"},{"taxonomy":"product_tag","embeddable":true,"href":"https:\/\/zooprekes24.lt\/et\/wp-json\/wp\/v2\/product_tag?post=25026"}],"curies":[{"name":"wp","href":"https:\/\/api.w.org\/{rel}","templated":true}]}}