{"id":24957,"date":"2024-04-19T13:47:28","date_gmt":"2024-04-19T10:47:28","guid":{"rendered":"https:\/\/zooprekes24.lt\/produktas\/belocat-tofu-kaciu-kraikas-citrinu-kvapo\/"},"modified":"2024-06-19T15:16:57","modified_gmt":"2024-06-19T12:16:57","slug":"belocat-tofu-pardipuru-sidruni-maitsega","status":"publish","type":"product","link":"https:\/\/zooprekes24.lt\/et\/produktas\/belocat-tofu-kaciu-kraikas-citrinu-kvapo\/","title":{"rendered":"Belocat Tofu kassipesu, sidruni l\u00f5hnaga"},"content":{"rendered":"<h3>Belocat Tofu on \u00fcks uusimaid looduslikke allapanu sordid kassidele. Valmistatud 100% looduslikust hernekiust, ilma s\u00fcnteetiliste lisaainete ja v\u00e4rvaineteta. <a href=\"https:\/\/zooprekes24.lt\/et\/?s=Kraikas&amp;post_type=product&amp;product_cat=0\" target=\"_blank\" rel=\"noopener noreferrer\">Kassipesu<\/a> imab kiiresti niiskust ja neutraliseerib ebameeldivaid l\u00f5hnu. Samuti on see eriti \u00f5rn kasside tundlikele jalgadele. Kui see allapanu m\u00e4rjaks saab, klompideerub see k\u00f5vaks klombiks, mille saate h\u00f5lpsasti ja kiiresti kassi tualetist eemaldada.<\/h3>\n<ul>\n<li>V\u00e4rske sidrunil\u00f5hn, mis neutraliseerib suurep\u00e4raselt ebameeldivaid l\u00f5hnu.<\/li>\n<li>Teie lemmiklooma jalad j\u00e4\u00e4vad alati puhtaks, ei j\u00e4ta j\u00e4lgi ja teie kodu on t\u00e4iesti puhas.<\/li>\n<li>Loodusliku koostise t\u00f5ttu on allapanu biolagunev ja vees lahustuv. V\u00f5ib ohutult WC-st alla loputada.<\/li>\n<li>Pr\u00fcgi on t\u00e4iesti keskkonnas\u00f5bralik. Toode on biolagunev ning seda saab kompostida ja kasutada loodusliku v\u00e4etisena.<\/li>\n<li>Belocat voodipesu peamine koostisosa on hernekiud. See ei sisalda s\u00fcnteetilisi lisandeid ega v\u00e4rvaineid ning on seet\u00f5ttu mittetoksiline ja 100% ohutu kassidele.<\/li>\n<li>Tofupesu valmistamiseks ei kasutata puitu, seega ei raiuta puid, kaitstes seega keskkonda. T\u00e4nu unikaalsetele koostisosadele ei sulata allapanu, seega on see ohutu nii lemmikloomadele kui ka nende omanikele.<\/li>\n<\/ul>","protected":false},"excerpt":{"rendered":"<p>Belocat Tofu &#8211; tai vienas naujausi\u0173 nat\u016brali\u0173 kraik\u0173 r\u016b\u0161i\u0173, skirt\u0173 kat\u0117ms. Pagamintas i\u0161 100% nat\u016bralios \u017eirni\u0173\u00a0l\u0105stelienos, be\u00a0joki\u0173 sintetini\u0173 pried\u0173 ir da\u017eikli\u0173. Ka\u010di\u0173 kraikas greitai sugeria dr\u0117gm\u0119 ir neutralizuoja nemalonius kvapus. Be to, jis ypa\u010d \u0161velnus jautrioms kat\u0117s p\u0117dut\u0117ms.\u00a0Gav\u0119s dr\u0117gm\u0117s \u0161is kraikas su\u0161oka \u012f\u00a0kietus grumstelius,\u00a0kuriuos i\u0161 kat\u0117s tualeto pa\u0161alinsite lengvai ir greitai. Gaivaus citrin\u0173 kvapo, kuris&#8230;<\/p>","protected":false},"featured_media":21014,"comment_status":"closed","ping_status":"closed","template":"","meta":{"_acf_changed":false,"slim_seo":{"title":"Belocat Tofu ka\u010di\u0173 kraikas, Citrin\u0173 kvapo - Zooprekes24","description":"Belocat Tofu on \u00fcks uusimaid looduslikke allapanu sordid kassidele. Valmistatud 100% looduslikust hernekiust, ilma s\u00fcnteetiliste lisaainete ja v\u00e4rvaineteta."},"iawp_total_views":131},"product_brand":[],"product_cat":[9080,78,83,25,9009],"product_tag":[],"class_list":{"0":"post-24957","1":"product","2":"type-product","3":"status-publish","4":"has-post-thumbnail","6":"product_cat-belocat-katems","7":"product_cat-higiena-ir-prieziura-katems","8":"product_cat-kaciu-prekiu-gamintojai","9":"product_cat-katems","10":"product_cat-kraikas","11":"pa_kraiko-rusis-tofu","12":"pa_prekiu-zenklai-belocat","14":"first","15":"instock","16":"sale","17":"featured","18":"taxable","19":"shipping-taxable","20":"purchasable","21":"product-type-variable"},"acf":[],"_links":{"self":[{"href":"https:\/\/zooprekes24.lt\/et\/wp-json\/wp\/v2\/product\/24957","targetHints":{"allow":["GET"]}}],"collection":[{"href":"https:\/\/zooprekes24.lt\/et\/wp-json\/wp\/v2\/product"}],"about":[{"href":"https:\/\/zooprekes24.lt\/et\/wp-json\/wp\/v2\/types\/product"}],"replies":[{"embeddable":true,"href":"https:\/\/zooprekes24.lt\/et\/wp-json\/wp\/v2\/comments?post=24957"}],"wp:featuredmedia":[{"embeddable":true,"href":"https:\/\/zooprekes24.lt\/et\/wp-json\/wp\/v2\/media\/21014"}],"wp:attachment":[{"href":"https:\/\/zooprekes24.lt\/et\/wp-json\/wp\/v2\/media?parent=24957"}],"wp:term":[{"taxonomy":"product_brand","embeddable":true,"href":"https:\/\/zooprekes24.lt\/et\/wp-json\/wp\/v2\/product_brand?post=24957"},{"taxonomy":"product_cat","embeddable":true,"href":"https:\/\/zooprekes24.lt\/et\/wp-json\/wp\/v2\/product_cat?post=24957"},{"taxonomy":"product_tag","embeddable":true,"href":"https:\/\/zooprekes24.lt\/et\/wp-json\/wp\/v2\/product_tag?post=24957"}],"curies":[{"name":"wp","href":"https:\/\/api.w.org\/{rel}","templated":true}]}}