{"id":24779,"date":"2024-04-19T13:45:01","date_gmt":"2024-04-19T10:45:01","guid":{"rendered":"https:\/\/zooprekes24.lt\/produktas\/josera-josidog-game-in-sauce-sunims\/"},"modified":"2026-03-02T15:04:38","modified_gmt":"2026-03-02T13:04:38","slug":"josera-josidog-mang-kastmes-sunims","status":"publish","type":"product","link":"https:\/\/zooprekes24.lt\/et\/produktas\/josera-josidog-game-in-sauce-sunims\/","title":{"rendered":"Josera JosiDog Game in Sauce konserveeritud toit koertele"},"content":{"rendered":"<h3>Josera JosiDog Game in Sauce &#8211; visavertis, \u0161lapias maistas su \u017ev\u0117riena pada\u017ee vis\u0173 veisli\u0173 suaugusiems \u0161unims.<strong>\u00a0<\/strong>Be cukraus, da\u017eikli\u0173 ir konservant\u0173.<\/h3>\n<ul>\n<li>Idealiai tinka kasdienei mitybai.<\/li>\n<li>Vitaminas D3 padeda palaikyti stipri\u0173 kaul\u0173 vystym\u0105si.<\/li>\n<li>Vitaminas E prisideda prie augintinio l\u0105steli\u0173 apsaugos gerinimo.<\/li>\n<li>Be dirbtini\u0173 produkt\u0173:\u00a0da\u017eikli\u0173, kvapi\u0173j\u0173 med\u017eiag\u0173 ar konservant\u0173.<\/li>\n<li>Smulk\u016bs gabal\u0117liai su gard\u017eiu pada\u017eu ir \u017ev\u0117riena patiks net i\u0161rankiausiems gurmanams.<\/li>\n<li><a href=\"https:\/\/www.josera.lt\/\">Josera JosiDog Game in Sauce<\/a>\u00a0sukurtas atsi\u017evelgiant \u012f <a href=\"https:\/\/zooprekes24.lt\/kategorija\/prekes-sunims\/sunu-maistas\/slapias-maistas-sunims\/?filters=suns-amzius[236]\">suaugusi\u0173 \u0161un\u0173<\/a> poreikius tad ne tik apr\u016bpina \u0161uns organizm\u0105 reikalingais mineralais ir vitaminais, bet ir yra be cukraus, da\u017eikli\u0173 ir konservant\u0173.<\/li>\n<\/ul>\n","protected":false},"excerpt":{"rendered":"<p>Josera JosiDog Game in Sauce &#8211; visavertis, \u0161lapias maistas su \u017ev\u0117riena pada\u017ee vis\u0173 veisli\u0173 suaugusiems \u0161unims.\u00a0Be cukraus, da\u017eikli\u0173 ir konservant\u0173. Idealiai tinka kasdienei mitybai. Vitaminas D3 padeda palaikyti stipri\u0173 kaul\u0173 vystym\u0105si. Vitaminas E prisideda prie augintinio l\u0105steli\u0173 apsaugos gerinimo. Be dirbtini\u0173 produkt\u0173:\u00a0da\u017eikli\u0173, kvapi\u0173j\u0173 med\u017eiag\u0173 ar konservant\u0173. Smulk\u016bs gabal\u0117liai su gard\u017eiu pada\u017eu ir \u017ev\u0117riena patiks net&#8230;<\/p>","protected":false},"featured_media":20858,"comment_status":"closed","ping_status":"closed","template":"","meta":{"_acf_changed":false,"slim_seo":{"title":"Josera JosiDog Game in Sauce konservai \u0161unims - Zooprekes24","description":"Josera JosiDog Game in Sauce on t\u00e4isv\u00e4\u00e4rtuslik m\u00e4rgtoit ulukite kastmega t\u00e4iskasvanud koertele k\u00f5ikidest t\u00f5ugudest.   Ilma suhkru-, v\u00e4rvi- ja s\u00e4ilitusainetevaba. Ideaalne k\u00f5ikidele koerat\u00fc\u00fcpidele."},"iawp_total_views":54},"product_brand":[],"product_cat":[9063,9004,8999,29,31],"product_tag":[6704],"class_list":{"0":"post-24779","1":"product","2":"type-product","3":"status-publish","4":"has-post-thumbnail","6":"product_cat-josera","7":"product_cat-slapias-maistas","8":"product_cat-sunims","9":"product_cat-sunu-maistas","10":"product_cat-sunu-prekiu-gamintojai","11":"product_tag-josera-pasaras-sunims","12":"pa_pasaro-sudetis-stirniena-elniena","13":"pa_prekiu-zenklai-josera","14":"pa_suns-amzius-suaugusiems","15":"pa_veisles-dydis-didelems-veislems","16":"pa_veisles-dydis-mazoms-veislems","17":"pa_veisles-dydis-vidutinems-veislems","18":"pa_veisles-dydis-visu-dydziu-veislems","20":"first","21":"instock","22":"featured","23":"taxable","24":"shipping-taxable","25":"purchasable","26":"product-type-variable"},"acf":[],"_links":{"self":[{"href":"https:\/\/zooprekes24.lt\/et\/wp-json\/wp\/v2\/product\/24779","targetHints":{"allow":["GET"]}}],"collection":[{"href":"https:\/\/zooprekes24.lt\/et\/wp-json\/wp\/v2\/product"}],"about":[{"href":"https:\/\/zooprekes24.lt\/et\/wp-json\/wp\/v2\/types\/product"}],"replies":[{"embeddable":true,"href":"https:\/\/zooprekes24.lt\/et\/wp-json\/wp\/v2\/comments?post=24779"}],"wp:featuredmedia":[{"embeddable":true,"href":"https:\/\/zooprekes24.lt\/et\/wp-json\/wp\/v2\/media\/20858"}],"wp:attachment":[{"href":"https:\/\/zooprekes24.lt\/et\/wp-json\/wp\/v2\/media?parent=24779"}],"wp:term":[{"taxonomy":"product_brand","embeddable":true,"href":"https:\/\/zooprekes24.lt\/et\/wp-json\/wp\/v2\/product_brand?post=24779"},{"taxonomy":"product_cat","embeddable":true,"href":"https:\/\/zooprekes24.lt\/et\/wp-json\/wp\/v2\/product_cat?post=24779"},{"taxonomy":"product_tag","embeddable":true,"href":"https:\/\/zooprekes24.lt\/et\/wp-json\/wp\/v2\/product_tag?post=24779"}],"curies":[{"name":"wp","href":"https:\/\/api.w.org\/{rel}","templated":true}]}}