{"id":24762,"date":"2024-04-19T13:45:01","date_gmt":"2024-04-19T10:45:01","guid":{"rendered":"https:\/\/zooprekes24.lt\/produktas\/brit-care-hypoallergenic-adult-small-lamb\/"},"modified":"2024-06-20T17:52:25","modified_gmt":"2024-06-20T14:52:25","slug":"brit-care-hupoallergeenne-taiskasvanud-vaike-lambaliha","status":"publish","type":"product","link":"https:\/\/zooprekes24.lt\/et\/produktas\/brit-care-hypoallergenic-adult-small-lamb\/","title":{"rendered":"Brit Care Hypoallergenic Adult Small Breed Lamb &amp; Rice kuivtoit koertele"},"content":{"rendered":"<h3>V\u00e4ikesed ja k\u00e4\u00e4bust\u00f5ugud vajavad k\u00f5rge energiasisaldusega toitu, mis vastab nende aktiivsete ja temperamentsete lemmikloomade toitumisvajadusele, s\u00f6\u00f6tes v\u00e4ikeseid portsjoneid. See Brit Care Hypoallergenic Adult Small Breed Lamb &amp; Rice kuivtoit on ideaalne valik t\u00e4iskasvanud v\u00e4ikest t\u00f5ugu koertele. T\u00e4nu oma ainulaadsele koostisele aitab see s\u00e4ilitada tervislikku seedes\u00fcsteemi, parandada f\u00fc\u00fcsilist vormi ja arendada tugevat immuuns\u00fcsteemi.<\/h3>\n<ul>\n<li>L\u00f5he\u00f5li, mis toetab n\u00e4rvis\u00fcsteemi, tervet nahka ja l\u00e4ikivat karvkatte.<\/li>\n<li>K\u00f5rge valgu- ja rasvasisaldusega, et rahuldada v\u00e4ikeste t\u00f5ugu koerte suuremat energiavajadust.<\/li>\n<li>Frukto-oligosahhariidid ja manno-oligosahhariidid toetavad soolestiku mikrofloorat. Oluline immuuns\u00fcsteemi jaoks.<\/li>\n<li><a href=\"https:\/\/krmivo-brit.cz\/cs\" target=\"_blank\" rel=\"noopener\">Brit Care<\/a> H\u00fcpoallergeenne <a href=\"https:\/\/zooprekes24.lt\/et\/?s=adult+small+breed&amp;post_type=product\" target=\"_blank\" rel=\"noopener\">T\u00e4iskasvanud v\u00e4iket\u00f5ugu<\/a> Toit parandab ainevahetust, on puhastav ja p\u00f5letikuvastane, samuti parandab see maksafunktsiooni ja taastumist.<\/li>\n<\/ul>","protected":false},"excerpt":{"rendered":"<p>Ma\u017e\u0173 ir nyk\u0161tukini\u0173 veisli\u0173 \u0161unims reikia \u0117dalo su dideliu energijos kiekiu, kuriuo \u0161eriant ma\u017eomis porcijomis, b\u016bt\u0173 patenkintas aktyvi\u0173 ir temperamenting\u0173 \u0161i\u0173 augintini\u0173 maisto med\u017eiag\u0173 poreikis. \u0160is hipoalerginis Brit Care Hypoallergenic Adult Small Breed Lamb &amp; Rice sausas maistas yra puikus pasirinkimas suaugusiems ma\u017e\u0173 veisli\u0173 \u0161unims. Unikalios formul\u0117s d\u0117ka \u0117dalas gali pad\u0117ti palaikyti sveik\u0105 vir\u0161kinimo sistem\u0105,&#8230;<\/p>","protected":false},"featured_media":27592,"comment_status":"closed","ping_status":"closed","template":"","meta":{"_acf_changed":false,"slim_seo":{"title":"Brit Care Hypoallergenic Adult Small Breed Lamb & Rice sausas maistas \u0161unims - Zooprekes24","description":"V\u00e4ikesed ja k\u00e4\u00e4bust\u00f5ugud vajavad suure energiakogusega toitu, mis v\u00e4ikestes portsjonites s\u00f6\u00f6duna vastab nende aktiivse ja temperamentse loomuse vajadustele."},"iawp_total_views":389},"product_brand":[],"product_cat":[9029,9002,8999,29,31],"product_tag":[177,200],"class_list":{"0":"post-24762","1":"product","2":"type-product","3":"status-publish","4":"has-post-thumbnail","6":"product_cat-brit-care","7":"product_cat-sausas-maistas","8":"product_cat-sunims","9":"product_cat-sunu-maistas","10":"product_cat-sunu-prekiu-gamintojai","11":"product_tag-edalas-sunims","12":"product_tag-super-premium-maistas-sunims","13":"pa_pasaro-sudetis-eriena","14":"pa_pasaro-sudetis-ryziai","15":"pa_pasaro-sudetis-vaisiai","16":"pa_prekiu-zenklai-brit-care","17":"pa_suns-amzius-suaugusiems","18":"pa_veisles-dydis-mazoms-veislems","20":"first","21":"instock","22":"featured","23":"taxable","24":"shipping-taxable","25":"purchasable","26":"product-type-variable"},"acf":[],"_links":{"self":[{"href":"https:\/\/zooprekes24.lt\/et\/wp-json\/wp\/v2\/product\/24762","targetHints":{"allow":["GET"]}}],"collection":[{"href":"https:\/\/zooprekes24.lt\/et\/wp-json\/wp\/v2\/product"}],"about":[{"href":"https:\/\/zooprekes24.lt\/et\/wp-json\/wp\/v2\/types\/product"}],"replies":[{"embeddable":true,"href":"https:\/\/zooprekes24.lt\/et\/wp-json\/wp\/v2\/comments?post=24762"}],"wp:featuredmedia":[{"embeddable":true,"href":"https:\/\/zooprekes24.lt\/et\/wp-json\/wp\/v2\/media\/27592"}],"wp:attachment":[{"href":"https:\/\/zooprekes24.lt\/et\/wp-json\/wp\/v2\/media?parent=24762"}],"wp:term":[{"taxonomy":"product_brand","embeddable":true,"href":"https:\/\/zooprekes24.lt\/et\/wp-json\/wp\/v2\/product_brand?post=24762"},{"taxonomy":"product_cat","embeddable":true,"href":"https:\/\/zooprekes24.lt\/et\/wp-json\/wp\/v2\/product_cat?post=24762"},{"taxonomy":"product_tag","embeddable":true,"href":"https:\/\/zooprekes24.lt\/et\/wp-json\/wp\/v2\/product_tag?post=24762"}],"curies":[{"name":"wp","href":"https:\/\/api.w.org\/{rel}","templated":true}]}}