{"id":24759,"date":"2024-04-19T13:45:01","date_gmt":"2024-04-19T10:45:01","guid":{"rendered":"https:\/\/zooprekes24.lt\/produktas\/orijen-small-breed-puppy\/"},"modified":"2026-03-31T15:08:51","modified_gmt":"2026-03-31T13:08:51","slug":"orijen-vaike-tougu-kutsikas","status":"publish","type":"product","link":"https:\/\/zooprekes24.lt\/et\/produktas\/orijen-small-breed-puppy\/","title":{"rendered":"Orijen Small Breed Puppy kuivtoit kutsikatele"},"content":{"rendered":"<h3>Orijen Small Breed Puppy sisaldab 85 % kvaliteetseid loomseid koostisosi, nagu v\u00e4rske v\u00f5i toores kana, l\u00f5he ja kalkun, sealhulgas ja <a href=\"https:\/\/www.orijenpetfoods.co.uk\/why-orijen\/biologically-appropriate\/\" target=\"_blank\" rel=\"noopener noreferrer\">WholePrey\u2122<\/a> (terve saak) loomsed koostisosad, nagu n\u00e4iteks elundid ja luud. Toit on valmistatud saagi k\u00f5ige toitvamatest ja mahlakamatest osadest, et tagada lemmikloomale vajalik toitumine. Tulemus on v\u00f5rreldamatu <a href=\"https:\/\/zooprekes24.lt\/et\/kategorija\/prekes-sunims\/koeratoit\/sausas-maistas-sunims\/\" target=\"_blank\" rel=\"noopener\">kuivtoit oma koerale.<\/a><\/h3>\n<div class=\"food-feature\">\n<ul>\n<li>Graanulid on kaetud k\u00fclmkuivatatud maksaga, mis annab suurep\u00e4rase maitse.<\/li>\n<li>J\u00f5hvikatest, mustikatest ja taimsetest ainetest saadud antioks\u00fcdandid aitavad toetada immuuns\u00fcsteemi.<\/li>\n<li>Esimesed 5 koostisosa on v\u00e4rske v\u00f5i toores kana, l\u00f5he, kalkun, meril\u00f5he ja heeringas.<\/li>\n<li>85 % kvaliteetsed kodulinnuliha- ja kala koostisosad, mis on oluliste valkude, vitamiinide ja mineraalainete allikad.<\/li>\n<li>Loomsetest koostisosadest saadud tasakaalustatud valk ja mineraalid aitavad kutsikatel arendada tugevaid lihaseid ja luid.<\/li>\n<li>Autentne Orijen Small Breed Puppy WholePrey dieet, milles kasutatakse saagi toitvaid osi, sealhulgas liha, elundid ja luud.<\/li>\n<\/ul>\n<\/div>","protected":false},"excerpt":{"rendered":"<p>Orijen Small Breed Puppy maisto sud\u0117tyje &#8211; 85 % kokybi\u0161k\u0173 gyv\u016bnini\u0173 ingredient\u0173, toki\u0173 kaip \u0161vie\u017eia arba neapdorota vi\u0161tiena, la\u0161i\u0161a ir kalakutiena \u012fskaitant ir WholePrey\u2122 (viso grobio) gyv\u016bninius ingredientus, tokius kaip organai ir kaulai. Maistas gaminamas i\u0161 maistingiausi\u0173, sultingiausi\u0173 grobio dali\u0173, kad b\u016bt\u0173 u\u017etikrinta augintiniui reikalinga mityba. Rezultatas &#8211; nepakartojamas sausas maistas J\u016bs\u0173 \u0161uniui. Granul\u0117s padengtos&#8230;<\/p>","protected":false},"featured_media":20841,"comment_status":"closed","ping_status":"closed","template":"","meta":{"_acf_changed":false,"slim_seo":{"title":"Orijen Small Breed Puppy sausas maistas \u0161uniukams - Zooprekes24","description":"Orijen Small Breed Puppy sisaldab 85 % kvaliteetseid loomseid koostisosi, nagu v\u00e4rske v\u00f5i toores kana, l\u00f5he ja kalkun, sealhulgas ja"},"iawp_total_views":85},"product_brand":[],"product_cat":[9001,9011,9002,8999,29,31],"product_tag":[175,176,177,260,200],"class_list":{"0":"post-24759","1":"product","2":"type-product","3":"status-publish","4":"has-post-thumbnail","6":"product_cat-begrudis-maistas","7":"product_cat-orijen","8":"product_cat-sausas-maistas","9":"product_cat-sunims","10":"product_cat-sunu-maistas","11":"product_cat-sunu-prekiu-gamintojai","12":"product_tag-begrudis-maistas-sunims","13":"product_tag-begrudis-sunu-maistas","14":"product_tag-edalas-sunims","15":"product_tag-maistas-alergiskiems-sunims","16":"product_tag-super-premium-maistas-sunims","17":"pa_pasaro-sudetis-darzoves","18":"pa_pasaro-sudetis-kalakutiena","19":"pa_pasaro-sudetis-kepeneles","20":"pa_pasaro-sudetis-kiausiniai","21":"pa_pasaro-sudetis-lasisa","22":"pa_pasaro-sudetis-sirdys","23":"pa_pasaro-sudetis-uogos","24":"pa_pasaro-sudetis-vaisiai","25":"pa_pasaro-sudetis-vistiena","26":"pa_pasaro-sudetis-zuvis","27":"pa_prekiu-zenklai-orijen","28":"pa_suns-amzius-jauniems","29":"pa_veisles-dydis-mazoms-veislems","31":"first","32":"instock","33":"featured","34":"taxable","35":"shipping-taxable","36":"purchasable","37":"product-type-variable"},"acf":[],"_links":{"self":[{"href":"https:\/\/zooprekes24.lt\/et\/wp-json\/wp\/v2\/product\/24759","targetHints":{"allow":["GET"]}}],"collection":[{"href":"https:\/\/zooprekes24.lt\/et\/wp-json\/wp\/v2\/product"}],"about":[{"href":"https:\/\/zooprekes24.lt\/et\/wp-json\/wp\/v2\/types\/product"}],"replies":[{"embeddable":true,"href":"https:\/\/zooprekes24.lt\/et\/wp-json\/wp\/v2\/comments?post=24759"}],"wp:featuredmedia":[{"embeddable":true,"href":"https:\/\/zooprekes24.lt\/et\/wp-json\/wp\/v2\/media\/20841"}],"wp:attachment":[{"href":"https:\/\/zooprekes24.lt\/et\/wp-json\/wp\/v2\/media?parent=24759"}],"wp:term":[{"taxonomy":"product_brand","embeddable":true,"href":"https:\/\/zooprekes24.lt\/et\/wp-json\/wp\/v2\/product_brand?post=24759"},{"taxonomy":"product_cat","embeddable":true,"href":"https:\/\/zooprekes24.lt\/et\/wp-json\/wp\/v2\/product_cat?post=24759"},{"taxonomy":"product_tag","embeddable":true,"href":"https:\/\/zooprekes24.lt\/et\/wp-json\/wp\/v2\/product_tag?post=24759"}],"curies":[{"name":"wp","href":"https:\/\/api.w.org\/{rel}","templated":true}]}}