{"id":24756,"date":"2024-04-19T13:44:50","date_gmt":"2024-04-19T10:44:50","guid":{"rendered":"https:\/\/zooprekes24.lt\/produktas\/orijen-small-breed-marine-fish\/"},"modified":"2026-03-31T15:14:28","modified_gmt":"2026-03-31T13:14:28","slug":"orijen-vaike-tougu-merekalad","status":"publish","type":"product","link":"https:\/\/zooprekes24.lt\/et\/produktas\/orijen-small-breed-marine-fish\/","title":{"rendered":"Orijen Small Breed Marine Fish kuivtoit koertele"},"content":{"rendered":"<h3>Orijen Small Breed Marine Fish sisaldab 85 % kvaliteetseid loomseid koostisosi, nagu l\u00f5he ja heeringas, sealhulgas ja <a href=\"https:\/\/www.orijenpetfoods.co.uk\/why-orijen\/biologically-appropriate\/\" target=\"_blank\" rel=\"noopener noreferrer\">WholePrey\u2122<\/a> (terve saak) loomsed koostisosad, nagu n\u00e4iteks elundid ja luud. Toit on valmistatud saagi k\u00f5ige toitvamatest ja mahlakamatest osadest, et tagada lemmikloomale vajalik toitumine. Tulemus on v\u00f5rreldamatu <a href=\"https:\/\/zooprekes24.lt\/et\/kategorija\/prekes-sunims\/koeratoit\/sausas-maistas-sunims\/\" target=\"_blank\" rel=\"noopener\">kuivtoit oma koerale.<\/a><\/h3>\n<div class=\"food-feature\">\n<ul>\n<li>Vaba teraviljast ja linnuliha koostisosadest.<\/li>\n<li>Merekalad sisaldavad v\u00e4hem rasva ja aitavad seega s\u00e4ilitada tervislikku kehakaalu.<\/li>\n<li>Rikkalikult oomega-3 ja oomega-6 rasvhappeid, mis toetavad naha ja karvkatte tervist.<\/li>\n<li>85 % kvaliteetsed kala koostisosad, mis on oluliste valkude, vitamiinide ja mineraalide allikas.<\/li>\n<li>Esimesed 6 koostisosa on toores l\u00f5he, heeringas, merilest, merluusi, meriahven ja merikeel.<\/li>\n<li>Autentne Orijen Small Breed Marine Fish WholePrey dieet, mis kasutab saagi toitvaid osi, sealhulgas liha, elundid ja luud.<\/li>\n<\/ul>\n<\/div>","protected":false},"excerpt":{"rendered":"<p>Orijen Small Breed Marine Fish maisto sud\u0117tyje &#8211; 85 % kokybi\u0161k\u0173 gyv\u016bnini\u0173 ingredient\u0173, toki\u0173 kaip la\u0161i\u0161a ir silk\u0117 \u012fskaitant ir WholePrey\u2122 (viso grobio) gyv\u016bninius ingredientus, tokius kaip organai ir kaulai. Maistas gaminamas i\u0161 maistingiausi\u0173, sultingiausi\u0173 grobio dali\u0173, kad b\u016bt\u0173 u\u017etikrinta augintiniui reikalinga mityba. Rezultatas &#8211; nepakartojamas sausas maistas J\u016bs\u0173 \u0161uniui. Be gr\u016bd\u0173 ir pauk\u0161tienos ingredient\u0173&#8230;.<\/p>","protected":false},"featured_media":20839,"comment_status":"closed","ping_status":"closed","template":"","meta":{"_acf_changed":false,"slim_seo":{"title":"Orijen Small Breed Marine Fish sausas maistas \u0161unims - Zooprekes24","description":"Orijen Small Breed Marine Fish sisaldab 85 % kvaliteetseid loomseid koostisosi, nagu l\u00f5he ja heeringas, sealhulgas WholePrey\u2122 (terve saakloom)."},"iawp_total_views":113},"product_brand":[],"product_cat":[9001,9011,9002,8999,29,31],"product_tag":[175,176,177,260,200],"class_list":{"0":"post-24756","1":"product","2":"type-product","3":"status-publish","4":"has-post-thumbnail","6":"product_cat-begrudis-maistas","7":"product_cat-orijen","8":"product_cat-sausas-maistas","9":"product_cat-sunims","10":"product_cat-sunu-maistas","11":"product_cat-sunu-prekiu-gamintojai","12":"product_tag-begrudis-maistas-sunims","13":"product_tag-begrudis-sunu-maistas","14":"product_tag-edalas-sunims","15":"product_tag-maistas-alergiskiems-sunims","16":"product_tag-super-premium-maistas-sunims","17":"pa_pasaro-sudetis-darzoves","18":"pa_pasaro-sudetis-juros-gerybes","19":"pa_pasaro-sudetis-lasisa","20":"pa_pasaro-sudetis-uogos","21":"pa_pasaro-sudetis-vaisiai","22":"pa_pasaro-sudetis-zuvis","23":"pa_prekiu-zenklai-orijen","24":"pa_suns-amzius-jauniems","25":"pa_suns-amzius-senjorams","26":"pa_suns-amzius-suaugusiems","27":"pa_suns-amzius-visiems-amziams","28":"pa_veisles-dydis-mazoms-veislems","30":"first","31":"instock","32":"featured","33":"taxable","34":"shipping-taxable","35":"purchasable","36":"product-type-variable"},"acf":[],"_links":{"self":[{"href":"https:\/\/zooprekes24.lt\/et\/wp-json\/wp\/v2\/product\/24756","targetHints":{"allow":["GET"]}}],"collection":[{"href":"https:\/\/zooprekes24.lt\/et\/wp-json\/wp\/v2\/product"}],"about":[{"href":"https:\/\/zooprekes24.lt\/et\/wp-json\/wp\/v2\/types\/product"}],"replies":[{"embeddable":true,"href":"https:\/\/zooprekes24.lt\/et\/wp-json\/wp\/v2\/comments?post=24756"}],"wp:featuredmedia":[{"embeddable":true,"href":"https:\/\/zooprekes24.lt\/et\/wp-json\/wp\/v2\/media\/20839"}],"wp:attachment":[{"href":"https:\/\/zooprekes24.lt\/et\/wp-json\/wp\/v2\/media?parent=24756"}],"wp:term":[{"taxonomy":"product_brand","embeddable":true,"href":"https:\/\/zooprekes24.lt\/et\/wp-json\/wp\/v2\/product_brand?post=24756"},{"taxonomy":"product_cat","embeddable":true,"href":"https:\/\/zooprekes24.lt\/et\/wp-json\/wp\/v2\/product_cat?post=24756"},{"taxonomy":"product_tag","embeddable":true,"href":"https:\/\/zooprekes24.lt\/et\/wp-json\/wp\/v2\/product_tag?post=24756"}],"curies":[{"name":"wp","href":"https:\/\/api.w.org\/{rel}","templated":true}]}}