{"id":24750,"date":"2024-04-19T13:44:50","date_gmt":"2024-04-19T10:44:50","guid":{"rendered":"https:\/\/zooprekes24.lt\/produktas\/kimo-tofu-kraikas-katems-green-tea\/"},"modified":"2026-04-13T10:52:30","modified_gmt":"2026-04-13T08:52:30","slug":"kimo-tofu-pesu-kassidele-roheline-tee","status":"publish","type":"product","link":"https:\/\/zooprekes24.lt\/et\/produktas\/kimo-tofu-kraikas-katems-green-tea\/","title":{"rendered":"Kimo Tofu kassipesu, rohelise tee l\u00f5hnaga"},"content":{"rendered":"<h3>Kimo Tofu kassipesu - valmistatud 100% looduslikust kiudainest ja kemikaalivaba, see on lemmikloomadele ohutu. See <a href=\"https:\/\/zooprekes24.lt\/et\/?s=Kraikas&amp;post_type=product&amp;product_cat=0\" target=\"_blank\" rel=\"noopener\">kassipuru<\/a> kolmekordne imamisv\u00f5ime, mis imab t\u00f5husalt uriini, vedelikke ja ebameeldivaid l\u00f5hnu. Allapanu on keskkonnas\u00f5bralik ja biolagunev, mist\u00f5ttu on seda lihtne k\u00e4sitseda, kuna seda saab otse WC-sse alla loputada.<\/h3>\n<ul>\n<li>V\u00e4hem tolmu.<\/li>\n<li>Suurep\u00e4rane l\u00f5hnakontroll.<\/li>\n<li>Looduslik ja kemikaalivaba.<\/li>\n<li>Imab kiiresti niiskust ja kleepub.<\/li>\n<li>V\u00f5ib loputada tualetis, keskkonnas\u00f5bralik.<\/li>\n<\/ul>","protected":false},"excerpt":{"rendered":"<p>Kimo Tofu kraikas kat\u0117ms &#8211; pagamintas i\u0161 100% nat\u016brali\u0173 maistini\u0173 skaidul\u0173 ir be chemini\u0173 med\u017eiag\u0173 tod\u0117l yra saugus augintiniui. \u0160is ka\u010di\u0173 kraikas tris kartus vir\u0161ija absorbcijos greit\u012f, efektyviai sugeria \u0161lapim\u0105, skys\u010dius bei nemalonius kvapus. Kraikas yra draugi\u0161kas gamtai ir biologi\u0161kai skaidus, tod\u0117l j\u012f patogu tvarkyti, kadangi galima nuleisti tiesiai \u012f tualet\u0105. Ma\u017eiau dulki\u0173. Puiki kvap\u0173&#8230;<\/p>","protected":false},"featured_media":20837,"comment_status":"closed","ping_status":"closed","template":"","meta":{"_acf_changed":false,"slim_seo":{"title":"Kimo Tofu kraikas kat\u0117ms, \u017ealiosios arbatos kvapo - Zooprekes24","description":"Kimo Tofu kassipesu - valmistatud 100% looduslikust kiudainest ja kemikaalivaba, mis muudab selle lemmikloomadele ohutuks. See kassipesu on kolmekordne v"},"iawp_total_views":376},"product_brand":[],"product_cat":[78,25,9009],"product_tag":[],"class_list":{"0":"post-24750","1":"product","2":"type-product","3":"status-publish","4":"has-post-thumbnail","6":"product_cat-higiena-ir-prieziura-katems","7":"product_cat-katems","8":"product_cat-kraikas","9":"pa_kraiko-rusis-tofu","10":"pa_prekiu-zenklai-kimo","12":"first","13":"instock","14":"sale","15":"featured","16":"taxable","17":"shipping-taxable","18":"purchasable","19":"product-type-variable"},"acf":[],"_links":{"self":[{"href":"https:\/\/zooprekes24.lt\/et\/wp-json\/wp\/v2\/product\/24750","targetHints":{"allow":["GET"]}}],"collection":[{"href":"https:\/\/zooprekes24.lt\/et\/wp-json\/wp\/v2\/product"}],"about":[{"href":"https:\/\/zooprekes24.lt\/et\/wp-json\/wp\/v2\/types\/product"}],"replies":[{"embeddable":true,"href":"https:\/\/zooprekes24.lt\/et\/wp-json\/wp\/v2\/comments?post=24750"}],"wp:featuredmedia":[{"embeddable":true,"href":"https:\/\/zooprekes24.lt\/et\/wp-json\/wp\/v2\/media\/20837"}],"wp:attachment":[{"href":"https:\/\/zooprekes24.lt\/et\/wp-json\/wp\/v2\/media?parent=24750"}],"wp:term":[{"taxonomy":"product_brand","embeddable":true,"href":"https:\/\/zooprekes24.lt\/et\/wp-json\/wp\/v2\/product_brand?post=24750"},{"taxonomy":"product_cat","embeddable":true,"href":"https:\/\/zooprekes24.lt\/et\/wp-json\/wp\/v2\/product_cat?post=24750"},{"taxonomy":"product_tag","embeddable":true,"href":"https:\/\/zooprekes24.lt\/et\/wp-json\/wp\/v2\/product_tag?post=24750"}],"curies":[{"name":"wp","href":"https:\/\/api.w.org\/{rel}","templated":true}]}}