{"id":24744,"date":"2024-04-19T13:44:50","date_gmt":"2024-04-19T10:44:50","guid":{"rendered":"https:\/\/zooprekes24.lt\/produktas\/fitmin-nutritional-programme-beef-dog-wet\/"},"modified":"2026-02-05T15:18:39","modified_gmt":"2026-02-05T13:18:39","slug":"fitmin-toitumisprogramm-veiseliha-koerale-marg","status":"publish","type":"product","link":"https:\/\/zooprekes24.lt\/et\/produktas\/fitmin-nutritional-programme-beef-dog-wet\/","title":{"rendered":"Fitmin Toitumisprogramm t\u00e4iskasvanud loomaliha pasteet konserveeritud koertele"},"content":{"rendered":"<h3>Fitmin Nutritional Programme Adult Beef Pate on m\u00e4rgtoit k\u00f5ikide t\u00f5ugude t\u00e4iskasvanud koertele, mis sisaldab palju v\u00e4rsket veiseliha. Rikastatud linaseemne\u00f5liga. T\u00e4istoit koertele.<\/h3>\n<ul>\n<li>H\u00e4bitu.<\/li>\n<li>Liha suurep\u00e4rane kvaliteet ja hoolikas t\u00f6\u00f6tlemine tagavad eriti maitsva maitse ja l\u00f5hna.<\/li>\n<li>See on ideaalne t\u00e4iendus kuivtoidule, aidates parandada toidu tarbimist ja tagada vajaliku vedeliku tarbimist.<\/li>\n<li>Linaseemne\u00f5li aitab kaasa positiivsele seedetraktile ja parandab koera karvkatte kvaliteeti.<\/li>\n<li><a href=\"https:\/\/zooprekes24.lt\/et\/kategorija\/prekes-sunims\/koeratoodete-tootjad\/fitmin-toitumisprogramm\/\" target=\"_blank\" rel=\"noopener\">Fitmin toitumisprogramm<\/a> Adult Beef Pate Konservid - <a href=\"https:\/\/www.youtube.com\/watch?v=1yoQTbErEss&amp;feature=emb_title\" target=\"_blank\" rel=\"noopener\">Gluteenivaba, sojavaba, GMO-vaba, s\u00e4ilitusaine- ja v\u00e4rvainevaba.<\/a><\/li>\n<\/ul>","protected":false},"excerpt":{"rendered":"<p>Fitmin Nutritional Programme Adult Beef Pate &#8211; \u0161lapias \u0117dalas vis\u0173 veisli\u0173 suaugusiems \u0161unims su dideliu \u0161vie\u017eios jautienos kiekiu. Sud\u0117tis praturtinta lin\u0173 s\u0117men\u0173 aliejumi. Visavertis pa\u0161aras \u0161unims. Begr\u016bdis. Puikios kokyb\u0117s m\u0117sa ir kruop\u0161tus perdirbimas garantuoja ypatingai gard\u0173 skon\u012f ir aromat\u0105. Idealiai papildo saus\u0105 maist\u0105, padeda pagerinti jo suvartojim\u0105 bei suteikia reikiamus skys\u010dius. Lin\u0173 s\u0117men\u0173 aliejus prisideda&#8230;<\/p>","protected":false},"featured_media":20835,"comment_status":"closed","ping_status":"closed","template":"","meta":{"_acf_changed":false,"slim_seo":{"title":"Fitmin Nutritional Programme Adult Beef Pate konservai \u0161unims - Zooprekes24","description":"Fitmin Nutritional Programme Adult Beef Pate on m\u00e4rgtoit k\u00f5ikide t\u00f5ugude t\u00e4iskasvanud koertele, mis sisaldab rohkelt v\u00e4rsket veiseliha. Rikastatud linaseemnetega"},"iawp_total_views":43},"product_brand":[],"product_cat":[9001,9044,9004,8999,29,31],"product_tag":[418],"class_list":{"0":"post-24744","1":"product","2":"type-product","3":"status-publish","4":"has-post-thumbnail","6":"product_cat-begrudis-maistas","7":"product_cat-fitmin-nutritional-programme","8":"product_cat-slapias-maistas","9":"product_cat-sunims","10":"product_cat-sunu-maistas","11":"product_cat-sunu-prekiu-gamintojai","12":"product_tag-konservuotas-maistas-sunims","13":"pa_pasaro-sudetis-jautiena","14":"pa_pasaro-sudetis-kepeneles","15":"pa_pasaro-sudetis-sirdys","16":"pa_prekiu-zenklai-fitmin-nutritional-programme","17":"pa_suns-amzius-suaugusiems","18":"pa_veisles-dydis-didelems-veislems","19":"pa_veisles-dydis-mazoms-veislems","20":"pa_veisles-dydis-vidutinems-veislems","21":"pa_veisles-dydis-visu-dydziu-veislems","23":"first","24":"outofstock","25":"featured","26":"taxable","27":"shipping-taxable","28":"purchasable","29":"product-type-variable"},"acf":[],"_links":{"self":[{"href":"https:\/\/zooprekes24.lt\/et\/wp-json\/wp\/v2\/product\/24744","targetHints":{"allow":["GET"]}}],"collection":[{"href":"https:\/\/zooprekes24.lt\/et\/wp-json\/wp\/v2\/product"}],"about":[{"href":"https:\/\/zooprekes24.lt\/et\/wp-json\/wp\/v2\/types\/product"}],"replies":[{"embeddable":true,"href":"https:\/\/zooprekes24.lt\/et\/wp-json\/wp\/v2\/comments?post=24744"}],"wp:featuredmedia":[{"embeddable":true,"href":"https:\/\/zooprekes24.lt\/et\/wp-json\/wp\/v2\/media\/20835"}],"wp:attachment":[{"href":"https:\/\/zooprekes24.lt\/et\/wp-json\/wp\/v2\/media?parent=24744"}],"wp:term":[{"taxonomy":"product_brand","embeddable":true,"href":"https:\/\/zooprekes24.lt\/et\/wp-json\/wp\/v2\/product_brand?post=24744"},{"taxonomy":"product_cat","embeddable":true,"href":"https:\/\/zooprekes24.lt\/et\/wp-json\/wp\/v2\/product_cat?post=24744"},{"taxonomy":"product_tag","embeddable":true,"href":"https:\/\/zooprekes24.lt\/et\/wp-json\/wp\/v2\/product_tag?post=24744"}],"curies":[{"name":"wp","href":"https:\/\/api.w.org\/{rel}","templated":true}]}}