{"id":24741,"date":"2024-04-19T13:44:50","date_gmt":"2024-04-19T10:44:50","guid":{"rendered":"https:\/\/zooprekes24.lt\/produktas\/fitmin-nutritional-programme-chic-dog-wet\/"},"modified":"2024-09-10T15:39:18","modified_gmt":"2024-09-10T12:39:18","slug":"fitmin-toitumisprogramm-sikk-koer-marg","status":"publish","type":"product","link":"https:\/\/zooprekes24.lt\/et\/produktas\/fitmin-nutritional-programme-chic-dog-wet\/","title":{"rendered":"Fitmin Toitumisprogramm Adult Chicken Pate konserveeritud koertele"},"content":{"rendered":"<h3>Fitmin Nutritional Programme Adult Chicken Pate on m\u00e4rgtoit k\u00f5ikide t\u00f5ugude t\u00e4iskasvanud koertele, mis sisaldab palju v\u00e4rsket kana. Rikastatud metsamarjade ja maitsetaimedega. T\u00e4istoit koertele.<\/h3>\n<ul>\n<li>H\u00e4bitu.<\/li>\n<li>Koostises olevad metsamarjad aitavad kaasa koera seedetrakti positiivsele toimimisele.<\/li>\n<li>Liha suurep\u00e4rane kvaliteet ja hoolikas t\u00f6\u00f6tlemine tagavad eriti maitsva maitse ja l\u00f5hna.<\/li>\n<li>See on ideaalne t\u00e4iendus kuivtoidule, aidates parandada toidu tarbimist ja tagada vajaliku vedeliku tarbimist.<\/li>\n<li><a href=\"https:\/\/zooprekes24.lt\/et\/kategorija\/prekes-sunims\/koeratoodete-tootjad\/fitmin-toitumisprogramm\/\" target=\"_blank\" rel=\"noopener\">Fitmin toitumisprogramm<\/a> T\u00e4iskasvanute kanapasteet - <a href=\"https:\/\/www.youtube.com\/watch?v=1yoQTbErEss&amp;feature=emb_title\" target=\"_blank\" rel=\"noopener\">Gluteenivaba, sojavaba, GMO-vaba, s\u00e4ilitusaine- ja v\u00e4rvainevaba.<\/a><\/li>\n<\/ul>","protected":false},"excerpt":{"rendered":"<p>Fitmin Nutritional Programme Adult Chicken Pate &#8211; \u0161lapias \u0117dalas vis\u0173 veisli\u0173 suaugusiems \u0161unims su dideliu \u0161vie\u017eios vi\u0161tienos kiekiu. Sud\u0117tis praturtinta laukin\u0117mis mi\u0161ko uogomis bei \u017eolel\u0117mis. Visavertis pa\u0161aras \u0161unims. Begr\u016bdis. Sud\u0117tyje esan\u010dios mi\u0161ko uogos prisideda prie teigiamos \u0161uns vir\u0161kinimo trakto veiklos. Puikios kokyb\u0117s m\u0117sa ir kruop\u0161tus perdirbimas garantuoja ypatingai gard\u0173 skon\u012f ir aromat\u0105. Idealiai papildo saus\u0105&#8230;<\/p>","protected":false},"featured_media":20834,"comment_status":"closed","ping_status":"closed","template":"","meta":{"_acf_changed":false,"slim_seo":{"title":"Fitmin Nutritional Programme Adult Chicken Pate konservai \u0161unims - Zooprekes24","description":"Fitmin Nutritional Programme Adult Chicken Pate on m\u00e4rgtoit k\u00f5ikide t\u00f5ugude t\u00e4iskasvanud koertele, mis sisaldab palju v\u00e4rsket kana. Rikastatud loodusliku"},"iawp_total_views":17},"product_brand":[],"product_cat":[9001,9044,9004,8999,29,31],"product_tag":[418],"class_list":{"0":"post-24741","1":"product","2":"type-product","3":"status-publish","4":"has-post-thumbnail","6":"product_cat-begrudis-maistas","7":"product_cat-fitmin-nutritional-programme","8":"product_cat-slapias-maistas","9":"product_cat-sunims","10":"product_cat-sunu-maistas","11":"product_cat-sunu-prekiu-gamintojai","12":"product_tag-konservuotas-maistas-sunims","13":"pa_pasaro-sudetis-kepeneles","14":"pa_pasaro-sudetis-sirdys","15":"pa_pasaro-sudetis-vaisiai","16":"pa_pasaro-sudetis-vistiena","17":"pa_prekiu-zenklai-fitmin-nutritional-programme","18":"pa_suns-amzius-suaugusiems","19":"pa_veisles-dydis-didelems-veislems","20":"pa_veisles-dydis-mazoms-veislems","21":"pa_veisles-dydis-vidutinems-veislems","22":"pa_veisles-dydis-visu-dydziu-veislems","24":"first","25":"outofstock","26":"featured","27":"taxable","28":"shipping-taxable","29":"purchasable","30":"product-type-variable"},"acf":[],"_links":{"self":[{"href":"https:\/\/zooprekes24.lt\/et\/wp-json\/wp\/v2\/product\/24741","targetHints":{"allow":["GET"]}}],"collection":[{"href":"https:\/\/zooprekes24.lt\/et\/wp-json\/wp\/v2\/product"}],"about":[{"href":"https:\/\/zooprekes24.lt\/et\/wp-json\/wp\/v2\/types\/product"}],"replies":[{"embeddable":true,"href":"https:\/\/zooprekes24.lt\/et\/wp-json\/wp\/v2\/comments?post=24741"}],"wp:featuredmedia":[{"embeddable":true,"href":"https:\/\/zooprekes24.lt\/et\/wp-json\/wp\/v2\/media\/20834"}],"wp:attachment":[{"href":"https:\/\/zooprekes24.lt\/et\/wp-json\/wp\/v2\/media?parent=24741"}],"wp:term":[{"taxonomy":"product_brand","embeddable":true,"href":"https:\/\/zooprekes24.lt\/et\/wp-json\/wp\/v2\/product_brand?post=24741"},{"taxonomy":"product_cat","embeddable":true,"href":"https:\/\/zooprekes24.lt\/et\/wp-json\/wp\/v2\/product_cat?post=24741"},{"taxonomy":"product_tag","embeddable":true,"href":"https:\/\/zooprekes24.lt\/et\/wp-json\/wp\/v2\/product_tag?post=24741"}],"curies":[{"name":"wp","href":"https:\/\/api.w.org\/{rel}","templated":true}]}}