{"id":24692,"date":"2024-04-19T13:43:09","date_gmt":"2024-04-19T10:43:09","guid":{"rendered":"https:\/\/zooprekes24.lt\/produktas\/josera-meat-lovers-duck-konservai-sunims\/"},"modified":"2026-03-02T15:06:52","modified_gmt":"2026-03-02T13:06:52","slug":"josera-meat-lovers-pardikonservid-koertele","status":"publish","type":"product","link":"https:\/\/zooprekes24.lt\/et\/produktas\/josera-meat-lovers-duck-konservai-sunims\/","title":{"rendered":"Josera Meat Lovers Duck with Pumpkin Konservitoit koertele"},"content":{"rendered":"<h3>Josera Meat Lovers Duck with Pumpkin &#8211; visavertis \u0161lapias maistas vis\u0173 veisli\u0173 suaugusiems \u0161unims su antiena ir moli\u016bgais. Be cukraus, gr\u016bd\u0173, da\u017eikli\u0173 ir konservant\u0173.<\/h3>\n<ul>\n<li>100% klimatui neutrali produkcija.<\/li>\n<li>Sud\u0117tyje yra ypa\u010d daug m\u0117sos (65%).<\/li>\n<li>Moli\u016bgas ir bulv\u0117s praturtina pa\u0161ar\u0105 naudingomis med\u017eiagomis.<\/li>\n<li>Be dirbtini\u0173 produkt\u0173:\u00a0da\u017eikli\u0173, kvapi\u0173j\u0173 med\u017eiag\u0173 ar konservant\u0173.<\/li>\n<li>Skardin\u0117je J\u016bs\u0173 augintinio laukia sultingos antienos, vi\u0161tienos ir jautienos derinys.<\/li>\n<li><a href=\"https:\/\/www.josera.lt\/\">Josera Meat Lovers Duck with Pumpkin<\/a> sukurtas atsi\u017evelgiant \u012f <a href=\"https:\/\/zooprekes24.lt\/kategorija\/prekes-sunims\/sunu-maistas\/sausas-maistas-sunims\/?filters=suns-amzius[236]\">suaugusi\u0173 \u0161un\u0173<\/a> poreikius tad ne tik apr\u016bpina \u0161uns organizm\u0105 reikalingais mineralais ir vitaminais, bet ir yra be cukraus, gr\u016bd\u0173, da\u017eikli\u0173 ir konservant\u0173.<\/li>\n<\/ul>\n","protected":false},"excerpt":{"rendered":"<p>Josera Meat Lovers Duck with Pumpkin &#8211; visavertis \u0161lapias maistas vis\u0173 veisli\u0173 suaugusiems \u0161unims su antiena ir moli\u016bgais. Be cukraus, gr\u016bd\u0173, da\u017eikli\u0173 ir konservant\u0173. 100% klimatui neutrali produkcija. Sud\u0117tyje yra ypa\u010d daug m\u0117sos (65%). Moli\u016bgas ir bulv\u0117s praturtina pa\u0161ar\u0105 naudingomis med\u017eiagomis. Be dirbtini\u0173 produkt\u0173:\u00a0da\u017eikli\u0173, kvapi\u0173j\u0173 med\u017eiag\u0173 ar konservant\u0173. Skardin\u0117je J\u016bs\u0173 augintinio laukia sultingos antienos, vi\u0161tienos&#8230;<\/p>","protected":false},"featured_media":20792,"comment_status":"closed","ping_status":"closed","template":"","meta":{"_acf_changed":false,"slim_seo":{"title":"Josera Meat Lovers Duck with Pumpkin konservai \u0161unims - Zooprekes24","description":"Josera Meat Lovers Duck with Pumpkin - visavertis \u0161lapias maistas vis\u0173 veisli\u0173 suaugusiems \u0161unims su antiena ir moli\u016bgais. Be cukraus, gr\u016bd\u0173, da\u017eikli\u0173 ir konser"},"iawp_total_views":11},"product_brand":[],"product_cat":[9001,9063,9004,8999,29,31],"product_tag":[6815,6704],"class_list":{"0":"post-24692","1":"product","2":"type-product","3":"status-publish","4":"has-post-thumbnail","6":"product_cat-begrudis-maistas","7":"product_cat-josera","8":"product_cat-slapias-maistas","9":"product_cat-sunims","10":"product_cat-sunu-maistas","11":"product_cat-sunu-prekiu-gamintojai","12":"product_tag-josera-meatlovers","13":"product_tag-josera-pasaras-sunims","14":"pa_pasaro-sudetis-antiena","15":"pa_pasaro-sudetis-bulves","16":"pa_pasaro-sudetis-darzoves","17":"pa_pasaro-sudetis-jautiena","18":"pa_pasaro-sudetis-kepeneles","19":"pa_pasaro-sudetis-sirdys","20":"pa_pasaro-sudetis-vistiena","21":"pa_prekiu-zenklai-josera","22":"pa_suns-amzius-suaugusiems","23":"pa_veisles-dydis-didelems-veislems","24":"pa_veisles-dydis-mazoms-veislems","25":"pa_veisles-dydis-vidutinems-veislems","26":"pa_veisles-dydis-visu-dydziu-veislems","28":"first","29":"instock","30":"featured","31":"taxable","32":"shipping-taxable","33":"purchasable","34":"product-type-variable"},"acf":[],"_links":{"self":[{"href":"https:\/\/zooprekes24.lt\/et\/wp-json\/wp\/v2\/product\/24692","targetHints":{"allow":["GET"]}}],"collection":[{"href":"https:\/\/zooprekes24.lt\/et\/wp-json\/wp\/v2\/product"}],"about":[{"href":"https:\/\/zooprekes24.lt\/et\/wp-json\/wp\/v2\/types\/product"}],"replies":[{"embeddable":true,"href":"https:\/\/zooprekes24.lt\/et\/wp-json\/wp\/v2\/comments?post=24692"}],"wp:featuredmedia":[{"embeddable":true,"href":"https:\/\/zooprekes24.lt\/et\/wp-json\/wp\/v2\/media\/20792"}],"wp:attachment":[{"href":"https:\/\/zooprekes24.lt\/et\/wp-json\/wp\/v2\/media?parent=24692"}],"wp:term":[{"taxonomy":"product_brand","embeddable":true,"href":"https:\/\/zooprekes24.lt\/et\/wp-json\/wp\/v2\/product_brand?post=24692"},{"taxonomy":"product_cat","embeddable":true,"href":"https:\/\/zooprekes24.lt\/et\/wp-json\/wp\/v2\/product_cat?post=24692"},{"taxonomy":"product_tag","embeddable":true,"href":"https:\/\/zooprekes24.lt\/et\/wp-json\/wp\/v2\/product_tag?post=24692"}],"curies":[{"name":"wp","href":"https:\/\/api.w.org\/{rel}","templated":true}]}}