{"id":24516,"date":"2024-04-19T13:37:39","date_gmt":"2024-04-19T10:37:39","guid":{"rendered":"https:\/\/zooprekes24.lt\/produktas\/advance-sterilized-hairball-katems\/"},"modified":"2025-01-20T16:39:46","modified_gmt":"2025-01-20T14:39:46","slug":"eelsteriliseeritud-karvapallide-katems","status":"publish","type":"product","link":"https:\/\/zooprekes24.lt\/et\/produktas\/advance-sterilized-hairball-katems\/","title":{"rendered":"Advance Steriliseeritud karvapallide kuivtoit kassidele"},"content":{"rendered":"<h3>Advance Sterilized Hairball &#8211; visavertis, subalansuotas ka\u010di\u0173 maistas, specialiai sukurtas suaugusioms, sterilizuotoms kat\u0117ms turin\u010dioms vir\u0161kinimo problem\u0173, kurias sukelia susiformav\u0119 plauk\u0173 gumuliukai vir\u0161kinimo trakte.<\/h3>\n<ul>\n<li>Mineral\u0173 ir specifini\u0173 ingredient\u0173 derinys palaiko optimal\u0173 \u0161lapimo pH.<\/li>\n<li>Avi\u017e\u0173 pluo\u0161tas, \u017eirni\u0173 skaidulos ir salyklo ekstraktas padeda u\u017ekirsti keli\u0105 plauk\u0173 slinkimui.<\/li>\n<li>Kalakutiena ir mie\u017eiai &#8211; pagrindiniai lengvai vir\u0161kinam\u0173 baltym\u0173 ir angliavandeni\u0173 \u0161altiniai.<\/li>\n<li>Skaidulos ir L-karnitinas padeda metabolizuoti riebalus ir kontroliuoti <a href=\"https:\/\/zooprekes24.lt\/kategorija\/prekes-katems\/kaciu-maistas\/sausas-kaciu-maistas\/?filters=paskirtis[607]\" target=\"_blank\" rel=\"noopener\">sterilizuotos kat\u0117s<\/a> k\u016bno svor\u012f.<\/li>\n<li>Sud\u0117tyje esantys pirofosfatai ma\u017eina dant\u0173 akmen\u0173 kaupimosi rizik\u0105 ir u\u017etikrina normal\u0173 burnos ertm\u0117s kvap\u0105.<\/li>\n<li><a href=\"https:\/\/www.advancepetfood.com\/en\/dog\/product-feature\/\" target=\"_blank\" rel=\"noopener\">Advance Sterilized Hairball<\/a> sukurtas atsi\u017evelgiant \u012f specifinius suaugusi\u0173, sterilizuot\u0173 ka\u010di\u0173 poreikius tad ne tik stiprina nat\u016brali\u0105 kat\u0117s organizmo apsaug\u0105 bet ir padeda palaikyti sveik\u0105 raumen\u0173 mas\u0119, gerina dant\u0173 ir \u017earnyno sveikat\u0105 bei puosel\u0117ja odos ir kailio kokyb\u0119.<\/li>\n<\/ul>\n","protected":false},"excerpt":{"rendered":"<p>Advance Sterilized Hairball &#8211; visavertis, subalansuotas ka\u010di\u0173 maistas, specialiai sukurtas suaugusioms, sterilizuotoms kat\u0117ms turin\u010dioms vir\u0161kinimo problem\u0173, kurias sukelia susiformav\u0119 plauk\u0173 gumuliukai vir\u0161kinimo trakte. Mineral\u0173 ir specifini\u0173 ingredient\u0173 derinys palaiko optimal\u0173 \u0161lapimo pH. Avi\u017e\u0173 pluo\u0161tas, \u017eirni\u0173 skaidulos ir salyklo ekstraktas padeda u\u017ekirsti keli\u0105 plauk\u0173 slinkimui. Kalakutiena ir mie\u017eiai &#8211; pagrindiniai lengvai vir\u0161kinam\u0173 baltym\u0173 ir angliavandeni\u0173 \u0161altiniai&#8230;.<\/p>","protected":false},"featured_media":34318,"comment_status":"closed","ping_status":"closed","template":"","meta":{"_acf_changed":false,"slim_seo":{"title":"Advance Sterilized Hairball sausas maistas kat\u0117ms - Zooprekes24","description":"Advance Sterilized Hairball on t\u00e4isv\u00e4\u00e4rtuslik, tasakaalustatud kassitoit, mis on spetsiaalselt koostatud t\u00e4iskasvanud, steriliseeritud kassidele, kellel on seedeprobleemid, mis"},"iawp_total_views":155},"product_brand":[],"product_cat":[9060,72,83,25,9016],"product_tag":[6509],"class_list":{"0":"post-24516","1":"product","2":"type-product","3":"status-publish","4":"has-post-thumbnail","6":"product_cat-advance-kaciu-prekiu-gamintojai","7":"product_cat-kaciu-maistas","8":"product_cat-kaciu-prekiu-gamintojai","9":"product_cat-katems","10":"product_cat-sausas-maistas-kaciu-maistas","11":"product_tag-advance-steril-hairball-maistas-katei","12":"pa_pasaro-sudetis-darzoves","13":"pa_pasaro-sudetis-kalakutiena","14":"pa_prekiu-zenklai-advance","16":"first","17":"instock","18":"featured","19":"taxable","20":"shipping-taxable","21":"purchasable","22":"product-type-variable"},"acf":[],"_links":{"self":[{"href":"https:\/\/zooprekes24.lt\/et\/wp-json\/wp\/v2\/product\/24516","targetHints":{"allow":["GET"]}}],"collection":[{"href":"https:\/\/zooprekes24.lt\/et\/wp-json\/wp\/v2\/product"}],"about":[{"href":"https:\/\/zooprekes24.lt\/et\/wp-json\/wp\/v2\/types\/product"}],"replies":[{"embeddable":true,"href":"https:\/\/zooprekes24.lt\/et\/wp-json\/wp\/v2\/comments?post=24516"}],"wp:featuredmedia":[{"embeddable":true,"href":"https:\/\/zooprekes24.lt\/et\/wp-json\/wp\/v2\/media\/34318"}],"wp:attachment":[{"href":"https:\/\/zooprekes24.lt\/et\/wp-json\/wp\/v2\/media?parent=24516"}],"wp:term":[{"taxonomy":"product_brand","embeddable":true,"href":"https:\/\/zooprekes24.lt\/et\/wp-json\/wp\/v2\/product_brand?post=24516"},{"taxonomy":"product_cat","embeddable":true,"href":"https:\/\/zooprekes24.lt\/et\/wp-json\/wp\/v2\/product_cat?post=24516"},{"taxonomy":"product_tag","embeddable":true,"href":"https:\/\/zooprekes24.lt\/et\/wp-json\/wp\/v2\/product_tag?post=24516"}],"curies":[{"name":"wp","href":"https:\/\/api.w.org\/{rel}","templated":true}]}}