{"id":24506,"date":"2024-04-19T13:36:28","date_gmt":"2024-04-19T10:36:28","guid":{"rendered":"https:\/\/zooprekes24.lt\/produktas\/advance-adult-sensitive-maistas-katems\/"},"modified":"2026-01-30T14:23:48","modified_gmt":"2026-01-30T12:23:48","slug":"advance-adult-sensitive-kassitoit","status":"publish","type":"product","link":"https:\/\/zooprekes24.lt\/et\/produktas\/advance-adult-sensitive-maistas-katems\/","title":{"rendered":"Advance Adult Sensitive sausas maistas kat\u0117ms 10 kg"},"content":{"rendered":"<h3>Advance Adult Sensitive &#8211; visavertis, subalansuotas ka\u010di\u0173 maistas, specialiai sukurtas suaugusioms kat\u0117ms turin\u010dioms jautr\u0173 \u017earnyn\u0105.<\/h3>\n<ul>\n<li>Omega 3 ir Omega 6 riebal\u0173 r\u016bg\u0161tys padeda i\u0161laikyti sveik\u0105 od\u0105 ir blizgant\u012f kail\u012f.<\/li>\n<li>La\u0161i\u0161a ir ry\u017eiai &#8211; pagrindiniai lengvai vir\u0161kinam\u0173 baltym\u0173 ir angliavandeni\u0173 \u0161altiniai.<\/li>\n<li>Vieno baltymo formul\u0117 puikiai tiks jautr\u0173 skrand\u012f turin\u010dioms kat\u0117ms taip pat ir alergi\u0161kiems augintiniams susiduriantiems su odos problemomis.<\/li>\n<li><a href=\"https:\/\/www.advancepetfood.com\/en\/dog\/product-feature\/\" target=\"_blank\" rel=\"noopener\">Advance Adult Sensitive<\/a> sukurtas atsi\u017evelgiant \u012f specifinius <a href=\"https:\/\/zooprekes24.lt\/kategorija\/prekes-katems\/kaciu-maistas\/sausas-kaciu-maistas\/?filters=kates-amzius[381]\" target=\"_blank\" rel=\"noopener\">suaugusi\u0173, jautri\u0173 ka\u010di\u0173<\/a> poreikius tad ne tik stiprina nat\u016brali\u0105 kat\u0117s organizmo apsaug\u0105 bet ir padeda palaikyti sveik\u0105 raumen\u0173 mas\u0119, gerina dant\u0173 ir \u017earnyno sveikat\u0105 bei puosel\u0117ja odos ir kailio kokyb\u0119.<\/li>\n<\/ul>\n","protected":false},"excerpt":{"rendered":"<p>Advance Adult Sensitive &#8211; visavertis, subalansuotas ka\u010di\u0173 maistas, specialiai sukurtas suaugusioms kat\u0117ms turin\u010dioms jautr\u0173 \u017earnyn\u0105. Omega 3 ir Omega 6 riebal\u0173 r\u016bg\u0161tys padeda i\u0161laikyti sveik\u0105 od\u0105 ir blizgant\u012f kail\u012f. La\u0161i\u0161a ir ry\u017eiai &#8211; pagrindiniai lengvai vir\u0161kinam\u0173 baltym\u0173 ir angliavandeni\u0173 \u0161altiniai. Vieno baltymo formul\u0117 puikiai tiks jautr\u0173 skrand\u012f turin\u010dioms kat\u0117ms taip pat ir alergi\u0161kiems augintiniams susiduriantiems&#8230;<\/p>","protected":false},"featured_media":34294,"comment_status":"closed","ping_status":"closed","template":"","meta":{"_acf_changed":false,"slim_seo":{"title":"Advance Adult Sensitive sausas maistas kat\u0117ms 10 kg - Zooprekes24","description":"Advance Adult Sensitive on t\u00e4isv\u00e4\u00e4rtuslik ja tasakaalustatud kassitoit, mis on spetsiaalselt koostatud tundliku soolestikuga t\u00e4iskasvanud kassidele. Omega 3 ja Omega 6 rasvad"},"iawp_total_views":94},"product_brand":[],"product_cat":[9060,72,83,25,9016],"product_tag":[6502],"class_list":{"0":"post-24506","1":"product","2":"type-product","3":"status-publish","4":"has-post-thumbnail","6":"product_cat-advance-kaciu-prekiu-gamintojai","7":"product_cat-kaciu-maistas","8":"product_cat-kaciu-prekiu-gamintojai","9":"product_cat-katems","10":"product_cat-sausas-maistas-kaciu-maistas","11":"product_tag-advance-maistas-jautriai-katei","12":"pa_pasaro-sudetis-lasisa","13":"pa_pasaro-sudetis-ryziai","14":"pa_prekiu-zenklai-advance","16":"first","17":"instock","18":"featured","19":"taxable","20":"shipping-taxable","21":"purchasable","22":"product-type-simple"},"acf":[],"_links":{"self":[{"href":"https:\/\/zooprekes24.lt\/et\/wp-json\/wp\/v2\/product\/24506","targetHints":{"allow":["GET"]}}],"collection":[{"href":"https:\/\/zooprekes24.lt\/et\/wp-json\/wp\/v2\/product"}],"about":[{"href":"https:\/\/zooprekes24.lt\/et\/wp-json\/wp\/v2\/types\/product"}],"replies":[{"embeddable":true,"href":"https:\/\/zooprekes24.lt\/et\/wp-json\/wp\/v2\/comments?post=24506"}],"wp:featuredmedia":[{"embeddable":true,"href":"https:\/\/zooprekes24.lt\/et\/wp-json\/wp\/v2\/media\/34294"}],"wp:attachment":[{"href":"https:\/\/zooprekes24.lt\/et\/wp-json\/wp\/v2\/media?parent=24506"}],"wp:term":[{"taxonomy":"product_brand","embeddable":true,"href":"https:\/\/zooprekes24.lt\/et\/wp-json\/wp\/v2\/product_brand?post=24506"},{"taxonomy":"product_cat","embeddable":true,"href":"https:\/\/zooprekes24.lt\/et\/wp-json\/wp\/v2\/product_cat?post=24506"},{"taxonomy":"product_tag","embeddable":true,"href":"https:\/\/zooprekes24.lt\/et\/wp-json\/wp\/v2\/product_tag?post=24506"}],"curies":[{"name":"wp","href":"https:\/\/api.w.org\/{rel}","templated":true}]}}