{"id":24493,"date":"2024-04-19T13:36:28","date_gmt":"2024-04-19T10:36:28","guid":{"rendered":"https:\/\/zooprekes24.lt\/produktas\/advance-sterilized-adult-maistas-katems\/"},"modified":"2026-01-30T14:27:23","modified_gmt":"2026-01-30T12:27:23","slug":"eelnevalt-steriliseeritud-taiskasvanud-kassitoit","status":"publish","type":"product","link":"https:\/\/zooprekes24.lt\/et\/produktas\/advance-sterilized-adult-maistas-katems\/","title":{"rendered":"Advance Steriliseeritud t\u00e4iskasvanud kasside kuivtoit"},"content":{"rendered":"<h3>Advance Sterilized Adult &#8211; visavertis, subalansuotas ka\u010di\u0173 pa\u0161aras, specialiai sukurtas suaugusioms sterilizuotoms kat\u0117ms.<\/h3>\n<ul>\n<li>Kalakutiena &#8211; lengvai vir\u0161kinamas baltym\u0173 \u0161altinis.<\/li>\n<li>Skaidulos ir L-karnitinas padeda metabolizuoti riebalus ir kontroliuoti <a href=\"https:\/\/zooprekes24.lt\/kategorija\/prekes-katems\/kaciu-maistas\/sausas-kaciu-maistas\/?filters=paskirtis[607]\" target=\"_blank\" rel=\"noopener\">sterilizuotos kat\u0117s<\/a> k\u016bno svor\u012f.<\/li>\n<li>Mineral\u0173 ir specifini\u0173 ingredient\u0173 derinys palaiko optimal\u0173 \u0161lapimo pH, ma\u017eina struvit\u0173 susidarymo rizik\u0105.<\/li>\n<li>Sud\u0117tyje esantys pirofosfatai ma\u017eina dant\u0173 akmen\u0173 kaupimosi rizik\u0105 ir u\u017etikrina normal\u0173 burnos ertm\u0117s kvap\u0105.<\/li>\n<li><a href=\"https:\/\/www.advancepetfood.com\/en\/dog\/product-feature\/\" target=\"_blank\" rel=\"noopener\">Advance Sterilized Adult<\/a>\u00a0sukurtas atsi\u017evelgiant \u012f specifinius suaugusi\u0173, sterilizuot\u0173 ka\u010di\u0173 poreikius tad ne tik stiprina nat\u016brali\u0105 kat\u0117s organizmo apsaug\u0105 bet ir padeda palaikyti sveik\u0105 raumen\u0173 mas\u0119, gerina dant\u0173 ir \u017earnyno sveikat\u0105 bei puosel\u0117ja odos ir kailio kokyb\u0119.<\/li>\n<\/ul>\n","protected":false},"excerpt":{"rendered":"<p>Advance Sterilized Adult &#8211; visavertis, subalansuotas ka\u010di\u0173 pa\u0161aras, specialiai sukurtas suaugusioms sterilizuotoms kat\u0117ms. Kalakutiena &#8211; lengvai vir\u0161kinamas baltym\u0173 \u0161altinis. Skaidulos ir L-karnitinas padeda metabolizuoti riebalus ir kontroliuoti sterilizuotos kat\u0117s k\u016bno svor\u012f. Mineral\u0173 ir specifini\u0173 ingredient\u0173 derinys palaiko optimal\u0173 \u0161lapimo pH, ma\u017eina struvit\u0173 susidarymo rizik\u0105. Sud\u0117tyje esantys pirofosfatai ma\u017eina dant\u0173 akmen\u0173 kaupimosi rizik\u0105 ir u\u017etikrina normal\u0173&#8230;<\/p>","protected":false},"featured_media":34296,"comment_status":"closed","ping_status":"closed","template":"","meta":{"_acf_changed":false,"slim_seo":{"title":"Advance Sterilized Adult sausas maistas kat\u0117ms - Zooprekes24","description":"Advance Sterilized Adult on t\u00e4isv\u00e4\u00e4rtuslik, tasakaalustatud kassitoit, mis on spetsiaalselt koostatud t\u00e4iskasvanud steriliseeritud kassidele. T\u00fcrgi - kergesti seeditav valk"},"iawp_total_views":183},"product_brand":[],"product_cat":[9060,72,83,25,9016],"product_tag":[6498,1966,1928],"class_list":{"0":"post-24493","1":"product","2":"type-product","3":"status-publish","4":"has-post-thumbnail","6":"product_cat-advance-kaciu-prekiu-gamintojai","7":"product_cat-kaciu-maistas","8":"product_cat-kaciu-prekiu-gamintojai","9":"product_cat-katems","10":"product_cat-sausas-maistas-kaciu-maistas","11":"product_tag-advance-sausas-maistas-sterilizuotoms-katems","12":"product_tag-maistas-kastruotam-katinui","13":"product_tag-maistas-sterilizuotai-katei","14":"pa_pasaro-sudetis-darzoves","15":"pa_pasaro-sudetis-kalakutiena","16":"pa_prekiu-zenklai-advance","18":"first","19":"instock","20":"featured","21":"taxable","22":"shipping-taxable","23":"purchasable","24":"product-type-variable"},"acf":[],"_links":{"self":[{"href":"https:\/\/zooprekes24.lt\/et\/wp-json\/wp\/v2\/product\/24493","targetHints":{"allow":["GET"]}}],"collection":[{"href":"https:\/\/zooprekes24.lt\/et\/wp-json\/wp\/v2\/product"}],"about":[{"href":"https:\/\/zooprekes24.lt\/et\/wp-json\/wp\/v2\/types\/product"}],"replies":[{"embeddable":true,"href":"https:\/\/zooprekes24.lt\/et\/wp-json\/wp\/v2\/comments?post=24493"}],"wp:featuredmedia":[{"embeddable":true,"href":"https:\/\/zooprekes24.lt\/et\/wp-json\/wp\/v2\/media\/34296"}],"wp:attachment":[{"href":"https:\/\/zooprekes24.lt\/et\/wp-json\/wp\/v2\/media?parent=24493"}],"wp:term":[{"taxonomy":"product_brand","embeddable":true,"href":"https:\/\/zooprekes24.lt\/et\/wp-json\/wp\/v2\/product_brand?post=24493"},{"taxonomy":"product_cat","embeddable":true,"href":"https:\/\/zooprekes24.lt\/et\/wp-json\/wp\/v2\/product_cat?post=24493"},{"taxonomy":"product_tag","embeddable":true,"href":"https:\/\/zooprekes24.lt\/et\/wp-json\/wp\/v2\/product_tag?post=24493"}],"curies":[{"name":"wp","href":"https:\/\/api.w.org\/{rel}","templated":true}]}}