{"id":24488,"date":"2024-04-19T13:36:28","date_gmt":"2024-04-19T10:36:28","guid":{"rendered":"https:\/\/zooprekes24.lt\/produktas\/advance-junior-sterilized-maistas-katems\/"},"modified":"2025-01-20T16:22:29","modified_gmt":"2025-01-20T14:22:29","slug":"advance-junior-steriliseeritud-kassitoit","status":"publish","type":"product","link":"https:\/\/zooprekes24.lt\/et\/produktas\/advance-junior-sterilized-maistas-katems\/","title":{"rendered":"Advance Junior Steriliseeritud kuivtoit kassidele"},"content":{"rendered":"<h3>Advance Junior Sterilized &#8211; visavertis, subalansuotas ka\u010di\u0173 pa\u0161aras, specialiai sukurtas jaunoms sterilizuotoms kat\u0117ms (iki 2 met\u0173 am\u017eiaus).<\/h3>\n<ul>\n<li>Vi\u0161tiena ir ry\u017eiai &#8211; pagrindiniai lengvai vir\u0161kinam\u0173 baltym\u0173 ir angliavandeni\u0173 \u0161altiniai.<\/li>\n<li>Skaidulos ir L-karnitinas padeda metabolizuoti riebalus ir kontroliuoti <a href=\"https:\/\/zooprekes24.lt\/kategorija\/prekes-katems\/kaciu-maistas\/sausas-kaciu-maistas\/?filters=paskirtis[607]\" target=\"_blank\" rel=\"noopener\">sterilizuotos kat\u0117s<\/a> k\u016bno svor\u012f.<\/li>\n<li>Mineral\u0173 ir specifini\u0173 ingredient\u0173 derinys palaiko optimal\u0173 \u0161lapimo pH, ma\u017eina struvit\u0173 susidarymo rizik\u0105.<\/li>\n<li><a href=\"https:\/\/www.advancepetfood.com\/en\/dog\/product-feature\/\" target=\"_blank\" rel=\"noopener\">Advance Junior Sterilized<\/a> maisto sud\u0117tyje esantis didelis maistini\u0173 med\u017eiag\u0173 kiekis u\u017etikrina optimal\u0173 augintinio augim\u0105 ir vystym\u0105si.<\/li>\n<\/ul>\n","protected":false},"excerpt":{"rendered":"<p>Advance Junior Sterilized &#8211; visavertis, subalansuotas ka\u010di\u0173 pa\u0161aras, specialiai sukurtas jaunoms sterilizuotoms kat\u0117ms (iki 2 met\u0173 am\u017eiaus). Vi\u0161tiena ir ry\u017eiai &#8211; pagrindiniai lengvai vir\u0161kinam\u0173 baltym\u0173 ir angliavandeni\u0173 \u0161altiniai. Skaidulos ir L-karnitinas padeda metabolizuoti riebalus ir kontroliuoti sterilizuotos kat\u0117s k\u016bno svor\u012f. Mineral\u0173 ir specifini\u0173 ingredient\u0173 derinys palaiko optimal\u0173 \u0161lapimo pH, ma\u017eina struvit\u0173 susidarymo rizik\u0105. Advance Junior&#8230;<\/p>","protected":false},"featured_media":34306,"comment_status":"closed","ping_status":"closed","template":"","meta":{"_acf_changed":false,"slim_seo":{"title":"Advance Junior Sterilized sausas maistas kat\u0117ms - Zooprekes24","description":"Advance Junior Sterilized - visavertis, subalansuotas ka\u010di\u0173 pa\u0161aras, specialiai sukurtas jaunoms sterilizuotoms kat\u0117ms (iki 2 met\u0173 am\u017eiaus). Vi\u0161tiena ir ry\u017eiai"},"iawp_total_views":84},"product_brand":[],"product_cat":[9060,72,83,25,9016],"product_tag":[6494,6496,1966,1928],"class_list":{"0":"post-24488","1":"product","2":"type-product","3":"status-publish","4":"has-post-thumbnail","6":"product_cat-advance-kaciu-prekiu-gamintojai","7":"product_cat-kaciu-maistas","8":"product_cat-kaciu-prekiu-gamintojai","9":"product_cat-katems","10":"product_cat-sausas-maistas-kaciu-maistas","11":"product_tag-advance-maistas-sterelizuotai-katei","12":"product_tag-advance-sterelizuotoms-katems","13":"product_tag-maistas-kastruotam-katinui","14":"product_tag-maistas-sterilizuotai-katei","15":"pa_pasaro-sudetis-ryziai","16":"pa_pasaro-sudetis-vistiena","17":"pa_prekiu-zenklai-advance","19":"first","20":"instock","21":"featured","22":"taxable","23":"shipping-taxable","24":"purchasable","25":"product-type-variable"},"acf":[],"_links":{"self":[{"href":"https:\/\/zooprekes24.lt\/et\/wp-json\/wp\/v2\/product\/24488","targetHints":{"allow":["GET"]}}],"collection":[{"href":"https:\/\/zooprekes24.lt\/et\/wp-json\/wp\/v2\/product"}],"about":[{"href":"https:\/\/zooprekes24.lt\/et\/wp-json\/wp\/v2\/types\/product"}],"replies":[{"embeddable":true,"href":"https:\/\/zooprekes24.lt\/et\/wp-json\/wp\/v2\/comments?post=24488"}],"wp:featuredmedia":[{"embeddable":true,"href":"https:\/\/zooprekes24.lt\/et\/wp-json\/wp\/v2\/media\/34306"}],"wp:attachment":[{"href":"https:\/\/zooprekes24.lt\/et\/wp-json\/wp\/v2\/media?parent=24488"}],"wp:term":[{"taxonomy":"product_brand","embeddable":true,"href":"https:\/\/zooprekes24.lt\/et\/wp-json\/wp\/v2\/product_brand?post=24488"},{"taxonomy":"product_cat","embeddable":true,"href":"https:\/\/zooprekes24.lt\/et\/wp-json\/wp\/v2\/product_cat?post=24488"},{"taxonomy":"product_tag","embeddable":true,"href":"https:\/\/zooprekes24.lt\/et\/wp-json\/wp\/v2\/product_tag?post=24488"}],"curies":[{"name":"wp","href":"https:\/\/api.w.org\/{rel}","templated":true}]}}