{"id":24474,"date":"2024-04-19T13:36:28","date_gmt":"2024-04-19T10:36:28","guid":{"rendered":"https:\/\/zooprekes24.lt\/produktas\/advance-kitten-sausas-maistas-kaciukams\/"},"modified":"2025-01-20T15:51:06","modified_gmt":"2025-01-20T13:51:06","slug":"advance-kitten-kuivtoit-kassipoegadele-2","status":"publish","type":"product","link":"https:\/\/zooprekes24.lt\/et\/produktas\/advance-kitten-sausas-maistas-kaciukams\/","title":{"rendered":"Advance Kitten kuivtoit kassipoegadele"},"content":{"rendered":"<h3>Advance Kitten &#8211; \u00a0visavertis, auk\u0161\u010diausios klas\u0117s ka\u010di\u0173 pa\u0161aras, specialiai sukurtas ka\u010diukams (nuo 2 savai\u010di\u0173 iki 12 m\u0117nesi\u0173) bei vaikingoms ir laktuojan\u010dioms kat\u0117ms.<\/h3>\n<ul>\n<li>Mineral\u0173 ir specifini\u0173 ingredient\u0173 derinys palaiko optimal\u0173 \u0161lapimo pH.<\/li>\n<li>Vi\u0161tiena ir ry\u017eiai &#8211; pagrindiniai lengvai vir\u0161kinam\u0173 baltym\u0173 ir angliavandeni\u0173 \u0161altiniai.<\/li>\n<li>Omega 3 kartu su taurino amino r\u016bg\u0161timi padeda vystytis ka\u010diuk\u0173 smegenims ir reg\u0117jimui.<\/li>\n<li>Didelis maistini\u0173 med\u017eiag\u0173 (baltym\u0173, vitamin\u0173, mineral\u0173, Omega 3 ir 6) kiekis, u\u017etikrina optimal\u0173 gyv\u016bno augim\u0105 ir vystym\u0105si.<\/li>\n<li><a href=\"https:\/\/www.advancepetfood.com\/en\/dog\/product-feature\/\" target=\"_blank\" rel=\"noopener\">Advance Kitten <\/a>maisto sud\u0117tyje esantys nukleotidai, kuri\u0173 mitybos profilis yra toks pat kaip motinos pieno, <a href=\"https:\/\/zooprekes24.lt\/kategorija\/prekes-katems\/kaciu-maistas\/sausas-kaciu-maistas\/?filters=kates-amzius[384]|paskirtis[608]\" target=\"_blank\" rel=\"noopener\">padeda stiprinti ka\u010diuko imunin\u0119 sistem\u0105<\/a> ir nat\u016bralius apsauginius barjerus, saugo jo sveikat\u0105 ir u\u017etikrina sveik\u0105 augim\u0105.<\/li>\n<\/ul>\n","protected":false},"excerpt":{"rendered":"<p>Advance Kitten &#8211; \u00a0visavertis, auk\u0161\u010diausios klas\u0117s ka\u010di\u0173 pa\u0161aras, specialiai sukurtas ka\u010diukams (nuo 2 savai\u010di\u0173 iki 12 m\u0117nesi\u0173) bei vaikingoms ir laktuojan\u010dioms kat\u0117ms. Mineral\u0173 ir specifini\u0173 ingredient\u0173 derinys palaiko optimal\u0173 \u0161lapimo pH. Vi\u0161tiena ir ry\u017eiai &#8211; pagrindiniai lengvai vir\u0161kinam\u0173 baltym\u0173 ir angliavandeni\u0173 \u0161altiniai. Omega 3 kartu su taurino amino r\u016bg\u0161timi padeda vystytis ka\u010diuk\u0173 smegenims ir reg\u0117jimui&#8230;.<\/p>","protected":false},"featured_media":34292,"comment_status":"closed","ping_status":"closed","template":"","meta":{"_acf_changed":false,"slim_seo":{"title":"Advance Kitten sausas maistas ka\u010diukams - Zooprekes24","description":"Advance Kitten on t\u00e4iusliku kvaliteediga kassitoit, mis on spetsiaalselt m\u00f5eldud kassipoegadele (2 n\u00e4dalat kuni 12 kuud) ning imetavatele ja lakteerivatele kassidele."},"iawp_total_views":218},"product_brand":[],"product_cat":[9060,72,83,25,9016],"product_tag":[],"class_list":{"0":"post-24474","1":"product","2":"type-product","3":"status-publish","4":"has-post-thumbnail","6":"product_cat-advance-kaciu-prekiu-gamintojai","7":"product_cat-kaciu-maistas","8":"product_cat-kaciu-prekiu-gamintojai","9":"product_cat-katems","10":"product_cat-sausas-maistas-kaciu-maistas","11":"pa_pasaro-sudetis-ryziai","12":"pa_pasaro-sudetis-vistiena","13":"pa_prekiu-zenklai-advance","15":"first","16":"instock","17":"featured","18":"taxable","19":"shipping-taxable","20":"purchasable","21":"product-type-variable"},"acf":[],"_links":{"self":[{"href":"https:\/\/zooprekes24.lt\/et\/wp-json\/wp\/v2\/product\/24474","targetHints":{"allow":["GET"]}}],"collection":[{"href":"https:\/\/zooprekes24.lt\/et\/wp-json\/wp\/v2\/product"}],"about":[{"href":"https:\/\/zooprekes24.lt\/et\/wp-json\/wp\/v2\/types\/product"}],"replies":[{"embeddable":true,"href":"https:\/\/zooprekes24.lt\/et\/wp-json\/wp\/v2\/comments?post=24474"}],"wp:featuredmedia":[{"embeddable":true,"href":"https:\/\/zooprekes24.lt\/et\/wp-json\/wp\/v2\/media\/34292"}],"wp:attachment":[{"href":"https:\/\/zooprekes24.lt\/et\/wp-json\/wp\/v2\/media?parent=24474"}],"wp:term":[{"taxonomy":"product_brand","embeddable":true,"href":"https:\/\/zooprekes24.lt\/et\/wp-json\/wp\/v2\/product_brand?post=24474"},{"taxonomy":"product_cat","embeddable":true,"href":"https:\/\/zooprekes24.lt\/et\/wp-json\/wp\/v2\/product_cat?post=24474"},{"taxonomy":"product_tag","embeddable":true,"href":"https:\/\/zooprekes24.lt\/et\/wp-json\/wp\/v2\/product_tag?post=24474"}],"curies":[{"name":"wp","href":"https:\/\/api.w.org\/{rel}","templated":true}]}}