{"id":24462,"date":"2024-04-19T13:34:30","date_gmt":"2024-04-19T10:34:30","guid":{"rendered":"https:\/\/zooprekes24.lt\/produktas\/advance-sensitive-lamb-rice\/"},"modified":"2026-01-30T14:44:58","modified_gmt":"2026-01-30T12:44:58","slug":"eelnevalt-tundlik-lambaliha-riis","status":"publish","type":"product","link":"https:\/\/zooprekes24.lt\/et\/produktas\/advance-sensitive-lamb-rice\/","title":{"rendered":"Advance Sensitive Lamb &#038; Rice sausas maistas \u0161unims 12 kg"},"content":{"rendered":"<h3>Advance Sensitive Lamb &amp; Rice &#8211; visavertis, subalansuotas \u0161un\u0173 pa\u0161aras, specialiai sukurtas vidutini\u0173 ir dideli\u0173 veisli\u0173 suaugusiems \u0161unims, turintiems jautri\u0105 vir\u0161kinimo sistem\u0105.<\/h3>\n<ul>\n<li>\u0116riena ir ry\u017eiai &#8211; pagrindiniai lengvai vir\u0161kinam\u0173 baltym\u0173 ir angliavandeni\u0173 \u0161altiniai.<\/li>\n<li>Omega 3 ir Omega 6 kartu su biotinu ir cinku padeda i\u0161laikyti sveik\u0105 od\u0105 ir blizgant\u012f kail\u012f.<\/li>\n<li><a href=\"https:\/\/www.advancepetfood.com\/en\/dog\/product-feature\/\" target=\"_blank\" rel=\"noopener\">Advance Sensitive Lamb &amp; Rice<\/a> sud\u0117tyje esantis optimalus baltym\u0173 kiekis padeda i\u0161laikyti ideali\u0105 \u0161uns raumen\u0173 mas\u0119.<\/li>\n<li>Vieno baltymo formul\u0117 puikiai tiks <a href=\"https:\/\/zooprekes24.lt\/kategorija\/prekes-sunims\/sunu-maistas\/sausas-maistas-sunims\/?filters=veisles-dydis[238]|suns-amzius[236]|paskirtis[672]\" target=\"_blank\" rel=\"noopener\">jautr\u0173 skrand\u012f turintiems \u0161unims<\/a> taip pat ir alergi\u0161kiems augintiniams susiduriantiems su odos problemomis.<\/li>\n<\/ul>\n","protected":false},"excerpt":{"rendered":"<p>Advance Sensitive Lamb &amp; Rice &#8211; visavertis, subalansuotas \u0161un\u0173 pa\u0161aras, specialiai sukurtas vidutini\u0173 ir dideli\u0173 veisli\u0173 suaugusiems \u0161unims, turintiems jautri\u0105 vir\u0161kinimo sistem\u0105. \u0116riena ir ry\u017eiai &#8211; pagrindiniai lengvai vir\u0161kinam\u0173 baltym\u0173 ir angliavandeni\u0173 \u0161altiniai. Omega 3 ir Omega 6 kartu su biotinu ir cinku padeda i\u0161laikyti sveik\u0105 od\u0105 ir blizgant\u012f kail\u012f. Advance Sensitive Lamb &amp; Rice&#8230;<\/p>","protected":false},"featured_media":27224,"comment_status":"closed","ping_status":"closed","template":"","meta":{"_acf_changed":false,"slim_seo":{"title":"Advance Sensitive Lamb & Rice sausas maistas \u0161unims 12 kg - Zooprekes24","description":"Advance Sensitive Lamb &amp; Rice on t\u00e4isv\u00e4\u00e4rtuslik ja tasakaalustatud koeratoit, mis on spetsiaalselt koostatud keskmise ja suurekasvuliste t\u00e4iskasvanud koerte jaoks, kes on tundlikud."},"iawp_total_views":98},"product_brand":[],"product_cat":[9059,9002,8999,29,31],"product_tag":[6471,6472,6330],"class_list":{"0":"post-24462","1":"product","2":"type-product","3":"status-publish","4":"has-post-thumbnail","6":"product_cat-advance","7":"product_cat-sausas-maistas","8":"product_cat-sunims","9":"product_cat-sunu-maistas","10":"product_cat-sunu-prekiu-gamintojai","11":"product_tag-advance-maistas-sunims-su-eriena-ir-ryziais","12":"product_tag-advance-sensitiv-su-eriena-sunims","13":"product_tag-edalas-jautru-virskinima-turintiems-sunims","14":"pa_pasaro-sudetis-eriena","15":"pa_pasaro-sudetis-ryziai","16":"pa_prekiu-zenklai-advance","17":"pa_suns-amzius-suaugusiems","18":"pa_veisles-dydis-didelems-veislems","19":"pa_veisles-dydis-vidutinems-veislems","21":"first","22":"instock","23":"featured","24":"taxable","25":"shipping-taxable","26":"purchasable","27":"product-type-simple"},"acf":[],"_links":{"self":[{"href":"https:\/\/zooprekes24.lt\/et\/wp-json\/wp\/v2\/product\/24462","targetHints":{"allow":["GET"]}}],"collection":[{"href":"https:\/\/zooprekes24.lt\/et\/wp-json\/wp\/v2\/product"}],"about":[{"href":"https:\/\/zooprekes24.lt\/et\/wp-json\/wp\/v2\/types\/product"}],"replies":[{"embeddable":true,"href":"https:\/\/zooprekes24.lt\/et\/wp-json\/wp\/v2\/comments?post=24462"}],"wp:featuredmedia":[{"embeddable":true,"href":"https:\/\/zooprekes24.lt\/et\/wp-json\/wp\/v2\/media\/27224"}],"wp:attachment":[{"href":"https:\/\/zooprekes24.lt\/et\/wp-json\/wp\/v2\/media?parent=24462"}],"wp:term":[{"taxonomy":"product_brand","embeddable":true,"href":"https:\/\/zooprekes24.lt\/et\/wp-json\/wp\/v2\/product_brand?post=24462"},{"taxonomy":"product_cat","embeddable":true,"href":"https:\/\/zooprekes24.lt\/et\/wp-json\/wp\/v2\/product_cat?post=24462"},{"taxonomy":"product_tag","embeddable":true,"href":"https:\/\/zooprekes24.lt\/et\/wp-json\/wp\/v2\/product_tag?post=24462"}],"curies":[{"name":"wp","href":"https:\/\/api.w.org\/{rel}","templated":true}]}}