{"id":24431,"date":"2024-04-19T13:34:30","date_gmt":"2024-04-19T10:34:30","guid":{"rendered":"https:\/\/zooprekes24.lt\/produktas\/advance-medium-adult-sausas-maistas\/"},"modified":"2024-06-12T18:10:47","modified_gmt":"2024-06-12T15:10:47","slug":"advance-medium-taiskasvanud-kuivtoit","status":"publish","type":"product","link":"https:\/\/zooprekes24.lt\/et\/produktas\/advance-medium-adult-sausas-maistas\/","title":{"rendered":"Advance Medium t\u00e4iskasvanud kuivtoit koertele"},"content":{"rendered":"<h3>Advance Medium Adult &#8211; visavertis, subalansuotas \u0161un\u0173 pa\u0161aras, specialiai sukurtas vidutini\u0173 veisli\u0173 suaugusiems \u0161unims.<\/h3>\n<ul>\n<li>Omega 3 ir Omega 6 riebal\u0173 r\u016bg\u0161tys padeda i\u0161laikyti sveik\u0105 od\u0105 ir blizgant\u012f kail\u012f.<\/li>\n<li>Vi\u0161tiena ir ry\u017eiai &#8211; pagrindiniai lengvai vir\u0161kinam\u0173 baltym\u0173 ir angliavandeni\u0173 \u0161altiniai.<\/li>\n<li>Optimalus baltym\u0173 kiekis padeda <a href=\"https:\/\/zooprekes24.lt\/kategorija\/prekes-sunims\/sunu-maistas\/sausas-maistas-sunims\/?filters=veisles-dydis[261]\" target=\"_blank\" rel=\"noopener\">vidutin\u0117s veisl\u0117s augintiniui<\/a> i\u0161laikyti ideali\u0105 raumen\u0173 mas\u0119.<\/li>\n<li>Sud\u0117tyje esantys pirofosfatai ma\u017eina dant\u0173 akmen\u0173 kaupimosi rizik\u0105 ir u\u017etikrina normal\u0173 burnos ertm\u0117s kvap\u0105.<\/li>\n<li><a href=\"https:\/\/www.advancepetfood.com\/en\/dog\/product-feature\/\" target=\"_blank\" rel=\"noopener\">Advance Medium Adult<\/a> sukurtas atsi\u017evelgiant \u012f specifinius vidutini\u0173 veisli\u0173 \u0161un\u0173 poreikius tad ne tik stiprina nat\u016brali\u0105 \u0161uns organizmo apsaug\u0105 bet ir padeda palaikyti sveik\u0105 raumen\u0173 mas\u0119, gerina dant\u0173 ir \u017earnyno sveikat\u0105 bei puosel\u0117ja odos ir kailio kokyb\u0119.<\/li>\n<\/ul>\n","protected":false},"excerpt":{"rendered":"<p>Advance Medium Adult &#8211; visavertis, subalansuotas \u0161un\u0173 pa\u0161aras, specialiai sukurtas vidutini\u0173 veisli\u0173 suaugusiems \u0161unims. Omega 3 ir Omega 6 riebal\u0173 r\u016bg\u0161tys padeda i\u0161laikyti sveik\u0105 od\u0105 ir blizgant\u012f kail\u012f. Vi\u0161tiena ir ry\u017eiai &#8211; pagrindiniai lengvai vir\u0161kinam\u0173 baltym\u0173 ir angliavandeni\u0173 \u0161altiniai. Optimalus baltym\u0173 kiekis padeda vidutin\u0117s veisl\u0117s augintiniui i\u0161laikyti ideali\u0105 raumen\u0173 mas\u0119. Sud\u0117tyje esantys pirofosfatai ma\u017eina dant\u0173&#8230;<\/p>","protected":false},"featured_media":27189,"comment_status":"closed","ping_status":"closed","template":"","meta":{"_acf_changed":false,"slim_seo":{"title":"Advance Medium Adult sausas maistas \u0161unims - Zooprekes24","description":"Advance Medium Adult on t\u00e4isv\u00e4\u00e4rtuslik ja tasakaalustatud koeratoit, mis on spetsiaalselt koostatud t\u00e4iskasvanud keskmist t\u00f5ugu koertele. Omega 3 ja Omega 6 rasvhapped aitavad"},"iawp_total_views":62},"product_brand":[],"product_cat":[9059,9002,8999,29,31],"product_tag":[],"class_list":{"0":"post-24431","1":"product","2":"type-product","3":"status-publish","4":"has-post-thumbnail","6":"product_cat-advance","7":"product_cat-sausas-maistas","8":"product_cat-sunims","9":"product_cat-sunu-maistas","10":"product_cat-sunu-prekiu-gamintojai","11":"pa_pasaro-sudetis-ryziai","12":"pa_pasaro-sudetis-vistiena","13":"pa_prekiu-zenklai-advance","14":"pa_suns-amzius-suaugusiems","15":"pa_veisles-dydis-vidutinems-veislems","17":"first","18":"instock","19":"featured","20":"taxable","21":"shipping-taxable","22":"purchasable","23":"product-type-variable"},"acf":[],"_links":{"self":[{"href":"https:\/\/zooprekes24.lt\/et\/wp-json\/wp\/v2\/product\/24431","targetHints":{"allow":["GET"]}}],"collection":[{"href":"https:\/\/zooprekes24.lt\/et\/wp-json\/wp\/v2\/product"}],"about":[{"href":"https:\/\/zooprekes24.lt\/et\/wp-json\/wp\/v2\/types\/product"}],"replies":[{"embeddable":true,"href":"https:\/\/zooprekes24.lt\/et\/wp-json\/wp\/v2\/comments?post=24431"}],"wp:featuredmedia":[{"embeddable":true,"href":"https:\/\/zooprekes24.lt\/et\/wp-json\/wp\/v2\/media\/27189"}],"wp:attachment":[{"href":"https:\/\/zooprekes24.lt\/et\/wp-json\/wp\/v2\/media?parent=24431"}],"wp:term":[{"taxonomy":"product_brand","embeddable":true,"href":"https:\/\/zooprekes24.lt\/et\/wp-json\/wp\/v2\/product_brand?post=24431"},{"taxonomy":"product_cat","embeddable":true,"href":"https:\/\/zooprekes24.lt\/et\/wp-json\/wp\/v2\/product_cat?post=24431"},{"taxonomy":"product_tag","embeddable":true,"href":"https:\/\/zooprekes24.lt\/et\/wp-json\/wp\/v2\/product_tag?post=24431"}],"curies":[{"name":"wp","href":"https:\/\/api.w.org\/{rel}","templated":true}]}}