{"id":24414,"date":"2024-04-19T13:33:17","date_gmt":"2024-04-19T10:33:17","guid":{"rendered":"https:\/\/zooprekes24.lt\/produktas\/advance-puppy-medium-sausas-maistas\/"},"modified":"2024-06-12T16:49:05","modified_gmt":"2024-06-12T13:49:05","slug":"advance-puppy-medium-kuivtoit","status":"publish","type":"product","link":"https:\/\/zooprekes24.lt\/et\/produktas\/advance-puppy-medium-sausas-maistas\/","title":{"rendered":"Advance Puppy Medium kuivtoit kutsikatele"},"content":{"rendered":"<h3>Advance Puppy Medium &#8211; visavertis, subalansuotas \u0161un\u0173 pa\u0161aras, specialiai sukurtas vidutini\u0173 veisli\u0173 \u0161uniukams (nuo 2 iki 15 m\u0117nesi\u0173 am\u017eiaus, nuo 10 iki 30 kg suaugusio svorio) ir laktuojan\u010dioms kal\u0117ms.<\/h3>\n<ul>\n<li>Vi\u0161tiena ir ry\u017eiai &#8211; pagrindiniai lengvai vir\u0161kinam\u0173 baltym\u0173 ir angliavandeni\u0173 \u0161altiniai.<\/li>\n<li>Omega 3 riebal\u0173 r\u016bg\u0161tys padeda tinkamai vystytis \u0161uniuk\u0173 nervinei sistemai bei reg\u0117jimui.<\/li>\n<li>Imunoglobulinai, nukleotidai ir didelis kiekis baltym\u0173 palaiko nat\u016brali\u0105 <a href=\"https:\/\/zooprekes24.lt\/kategorija\/prekes-sunims\/sunu-maistas\/sausas-maistas-sunims\/?filters=suns-amzius[235]\">\u0161uniuko<\/a> organizmo apsaug\u0105.<\/li>\n<li>Sud\u0117tyje esantis kalcis, fosforas bei vitaminas D u\u017etikrina tinkam\u0105 augintinio kaul\u0173 augim\u0105 ir vystym\u0105si.<\/li>\n<li><a href=\"https:\/\/www.advancepetfood.com\/en\/dog\/product-feature\/\" target=\"_blank\" rel=\"noopener\">Advance Puppy Medium<\/a> maisto granul\u0117s dydis specialiai pritaikytas vidutini\u0173 veisli\u0173 \u0161uniuk\u0173 \u017eandikauliams.<\/li>\n<li>Auk\u0161\u010diausios klas\u0117s produktas, sukurtas siekiant patenkinti specifinius vidutini\u0173 veisli\u0173 \u0161un\u0173 mitybos poreikius, skatinti j\u0173 vir\u0161kinimo ir imunin\u0117s sistemos vystym\u0105si, stiprinti nat\u016brali\u0105 organizmo apsaug\u0105 bei u\u017etrikrinti tinkam\u0105 kaul\u0173 augim\u0105.<\/li>\n<\/ul>\n","protected":false},"excerpt":{"rendered":"<p>Advance Puppy Medium &#8211; visavertis, subalansuotas \u0161un\u0173 pa\u0161aras, specialiai sukurtas vidutini\u0173 veisli\u0173 \u0161uniukams (nuo 2 iki 15 m\u0117nesi\u0173 am\u017eiaus, nuo 10 iki 30 kg suaugusio svorio) ir laktuojan\u010dioms kal\u0117ms. Vi\u0161tiena ir ry\u017eiai &#8211; pagrindiniai lengvai vir\u0161kinam\u0173 baltym\u0173 ir angliavandeni\u0173 \u0161altiniai. Omega 3 riebal\u0173 r\u016bg\u0161tys padeda tinkamai vystytis \u0161uniuk\u0173 nervinei sistemai bei reg\u0117jimui. Imunoglobulinai, nukleotidai ir&#8230;<\/p>","protected":false},"featured_media":27167,"comment_status":"closed","ping_status":"closed","template":"","meta":{"_acf_changed":false,"slim_seo":{"title":"Advance Puppy Medium sausas maistas \u0161uniukams - Zooprekes24","description":"Advance Puppy Medium on t\u00e4isv\u00e4\u00e4rtuslik ja tasakaalustatud koeratoit, mis on spetsiaalselt m\u00f5eldud keskmise suurusega kutsikatele (2-15 kuu vanused, 10-30 kg)."},"iawp_total_views":74},"product_brand":[],"product_cat":[9059,9002,8999,29,31],"product_tag":[6312],"class_list":{"0":"post-24414","1":"product","2":"type-product","3":"status-publish","4":"has-post-thumbnail","6":"product_cat-advance","7":"product_cat-sausas-maistas","8":"product_cat-sunims","9":"product_cat-sunu-maistas","10":"product_cat-sunu-prekiu-gamintojai","11":"product_tag-maistas-laktuojancioms-kalems","12":"pa_pasaro-sudetis-ryziai","13":"pa_pasaro-sudetis-vistiena","14":"pa_prekiu-zenklai-advance","15":"pa_suns-amzius-jauniems","16":"pa_veisles-dydis-vidutinems-veislems","18":"first","19":"instock","20":"featured","21":"taxable","22":"shipping-taxable","23":"purchasable","24":"product-type-variable"},"acf":[],"_links":{"self":[{"href":"https:\/\/zooprekes24.lt\/et\/wp-json\/wp\/v2\/product\/24414","targetHints":{"allow":["GET"]}}],"collection":[{"href":"https:\/\/zooprekes24.lt\/et\/wp-json\/wp\/v2\/product"}],"about":[{"href":"https:\/\/zooprekes24.lt\/et\/wp-json\/wp\/v2\/types\/product"}],"replies":[{"embeddable":true,"href":"https:\/\/zooprekes24.lt\/et\/wp-json\/wp\/v2\/comments?post=24414"}],"wp:featuredmedia":[{"embeddable":true,"href":"https:\/\/zooprekes24.lt\/et\/wp-json\/wp\/v2\/media\/27167"}],"wp:attachment":[{"href":"https:\/\/zooprekes24.lt\/et\/wp-json\/wp\/v2\/media?parent=24414"}],"wp:term":[{"taxonomy":"product_brand","embeddable":true,"href":"https:\/\/zooprekes24.lt\/et\/wp-json\/wp\/v2\/product_brand?post=24414"},{"taxonomy":"product_cat","embeddable":true,"href":"https:\/\/zooprekes24.lt\/et\/wp-json\/wp\/v2\/product_cat?post=24414"},{"taxonomy":"product_tag","embeddable":true,"href":"https:\/\/zooprekes24.lt\/et\/wp-json\/wp\/v2\/product_tag?post=24414"}],"curies":[{"name":"wp","href":"https:\/\/api.w.org\/{rel}","templated":true}]}}