{"id":24397,"date":"2024-04-19T13:33:17","date_gmt":"2024-04-19T10:33:17","guid":{"rendered":"https:\/\/zooprekes24.lt\/produktas\/advance-mother-dog-initial-sausas-maistas\/"},"modified":"2026-03-16T15:10:46","modified_gmt":"2026-03-16T13:10:46","slug":"eelnevalt-ema-beebi-koera-kuivtoit","status":"publish","type":"product","link":"https:\/\/zooprekes24.lt\/et\/produktas\/advance-mother-baby-dog-sausas-maistas\/","title":{"rendered":"Advance Mother &amp; Baby Dog sausas maistas \u0161uniukams 3 kg"},"content":{"rendered":"<h3>Advance Mother &amp; Baby Dog &#8211; visavertis, auk\u0161\u010diausios klas\u0117s \u0161un\u0173 pa\u0161aras, specialiai sukurtas \u0161uniukams (nuo 3 savai\u010di\u0173 iki 2 m\u0117nesi\u0173) bei vaikingoms ir laktuojan\u010dioms kal\u0117ms.<\/h3>\n<ul>\n<li>Kalcis, fosforas ir vitaminas D u\u017etikrina tinkam\u0105 kaul\u0173 augim\u0105 ir vystym\u0105si.<\/li>\n<li>Vi\u0161tiena ir ry\u017eiai &#8211; pagrindiniai lengvai vir\u0161kinam\u0173 baltym\u0173 ir angliavandeni\u0173 \u0161altiniai.<\/li>\n<li>Omega 3 riebal\u0173 r\u016bg\u0161tys padeda tinkamai vystytis \u0161uniuk\u0173 nervinei sistemai bei reg\u0117jimui.<\/li>\n<li>Didelis energijos, baltym\u0173, vitamin\u0173 ir mineral\u0173 kiekis, u\u017etikrina optimal\u0173 augim\u0105 ir vystym\u0105si, kuris ypa\u010d svarbus <a href=\"https:\/\/zooprekes24.lt\/kategorija\/prekes-sunims\/sunu-maistas\/sausas-maistas-sunims\/?filters=suns-amzius[235]\">jaunam \u0161uniukui<\/a>.<\/li>\n<li><a href=\"https:\/\/www.advancepetfood.com\/en\/dog\/product-feature\/\" target=\"_blank\" rel=\"noopener\">Advance Mother Dog &amp; Initial<\/a> maisto sud\u0117tyje esantys nukleotidai, kuri\u0173 mitybos profilis yra toks pat kaip motinos pieno, padeda stiprinti \u0161uniuko imunin\u0119 sistem\u0105 ir nat\u016bralius apsauginius barjerus, saugo jo sveikat\u0105 ir u\u017etikrina sveik\u0105 augim\u0105.<\/li>\n<\/ul>\n","protected":false},"excerpt":{"rendered":"<p>Advance Mother &amp; Baby Dog &#8211; visavertis, auk\u0161\u010diausios klas\u0117s \u0161un\u0173 pa\u0161aras, specialiai sukurtas \u0161uniukams (nuo 3 savai\u010di\u0173 iki 2 m\u0117nesi\u0173) bei vaikingoms ir laktuojan\u010dioms kal\u0117ms. Kalcis, fosforas ir vitaminas D u\u017etikrina tinkam\u0105 kaul\u0173 augim\u0105 ir vystym\u0105si. Vi\u0161tiena ir ry\u017eiai &#8211; pagrindiniai lengvai vir\u0161kinam\u0173 baltym\u0173 ir angliavandeni\u0173 \u0161altiniai. Omega 3 riebal\u0173 r\u016bg\u0161tys padeda tinkamai vystytis \u0161uniuk\u0173&#8230;<\/p>","protected":false},"featured_media":27162,"comment_status":"closed","ping_status":"closed","template":"","meta":{"_acf_changed":false,"slim_seo":{"title":"Advance Mother &amp; Baby Dog sausas maistas \u0161uniukams 3 kg - Zooprekes24","description":"Advance Mother &amp; Baby Dog on t\u00e4isv\u00e4\u00e4rtuslik koeratoit, mis on spetsiaalselt m\u00f5eldud kutsikatele (3 n\u00e4dalat kuni 2 kuud) ning kutsikatele ja kassipoegadele."},"iawp_total_views":45},"product_brand":[],"product_cat":[9059,9002,8999,29,31],"product_tag":[6312],"class_list":{"0":"post-24397","1":"product","2":"type-product","3":"status-publish","4":"has-post-thumbnail","6":"product_cat-advance","7":"product_cat-sausas-maistas","8":"product_cat-sunims","9":"product_cat-sunu-maistas","10":"product_cat-sunu-prekiu-gamintojai","11":"product_tag-maistas-laktuojancioms-kalems","12":"pa_pasaro-sudetis-darzoves","13":"pa_pasaro-sudetis-kepeneles","14":"pa_pasaro-sudetis-ryziai","15":"pa_pasaro-sudetis-uogos","16":"pa_pasaro-sudetis-vaisiai","17":"pa_pasaro-sudetis-vistiena","18":"pa_prekiu-zenklai-advance","19":"pa_suns-amzius-jauniems","20":"pa_veisles-dydis-didelems-veislems","21":"pa_veisles-dydis-mazoms-veislems","22":"pa_veisles-dydis-vidutinems-veislems","23":"pa_veisles-dydis-visu-dydziu-veislems","25":"first","26":"outofstock","27":"featured","28":"taxable","29":"shipping-taxable","30":"purchasable","31":"product-type-simple"},"acf":[],"_links":{"self":[{"href":"https:\/\/zooprekes24.lt\/et\/wp-json\/wp\/v2\/product\/24397","targetHints":{"allow":["GET"]}}],"collection":[{"href":"https:\/\/zooprekes24.lt\/et\/wp-json\/wp\/v2\/product"}],"about":[{"href":"https:\/\/zooprekes24.lt\/et\/wp-json\/wp\/v2\/types\/product"}],"replies":[{"embeddable":true,"href":"https:\/\/zooprekes24.lt\/et\/wp-json\/wp\/v2\/comments?post=24397"}],"wp:featuredmedia":[{"embeddable":true,"href":"https:\/\/zooprekes24.lt\/et\/wp-json\/wp\/v2\/media\/27162"}],"wp:attachment":[{"href":"https:\/\/zooprekes24.lt\/et\/wp-json\/wp\/v2\/media?parent=24397"}],"wp:term":[{"taxonomy":"product_brand","embeddable":true,"href":"https:\/\/zooprekes24.lt\/et\/wp-json\/wp\/v2\/product_brand?post=24397"},{"taxonomy":"product_cat","embeddable":true,"href":"https:\/\/zooprekes24.lt\/et\/wp-json\/wp\/v2\/product_cat?post=24397"},{"taxonomy":"product_tag","embeddable":true,"href":"https:\/\/zooprekes24.lt\/et\/wp-json\/wp\/v2\/product_tag?post=24397"}],"curies":[{"name":"wp","href":"https:\/\/api.w.org\/{rel}","templated":true}]}}