{"id":24344,"date":"2024-04-19T13:32:41","date_gmt":"2024-04-19T10:32:41","guid":{"rendered":"https:\/\/zooprekes24.lt\/produktas\/brit-care-sustainable-adult-medium-breed\/"},"modified":"2024-06-27T14:59:21","modified_gmt":"2024-06-27T11:59:21","slug":"briti-hooldus-jatkusuutlik-taiskasvanud-keskmise-tou","status":"publish","type":"product","link":"https:\/\/zooprekes24.lt\/et\/produktas\/brit-care-sustainable-adult-medium-breed\/","title":{"rendered":"Brit Care Sustainable Adult Medium Breed Chicken &amp; Insect kuivtoit koertele"},"content":{"rendered":"<h3>Brit Care Sustainable Adult Medium Breed Chicken &amp; Insect - Super Premium, j\u00e4tkusuutlik ja keskkonnas\u00f5bralik kuivtoit, mis on spetsiaalselt koostatud tervisliku seedimise, stressi juhtimise, parema f\u00fc\u00fcsilise vormi ja immuunsuse toetamiseks. Ideaalne t\u00e4iskasvanud keskmise suurusega koertele. Sisaldab kergesti seeditavaid ja toitvaid valke koos t\u00e4ielike aminohapetega, mis tagavad suurep\u00e4rase lihastoonuse ja terved koed. Gluteenivaba retsept sobib k\u00f5igile keskmise suurusega koertele ilma kaalut\u00f5usu ohuta.<\/h3>\n<ul>\n<li>L-tr\u00fcptofaan rahustab stressiolukordi ja mokkapalavik v\u00e4hendab lemmikloomade \u00e4revust.<\/li>\n<li>K\u00f5rge oomega-3 rasvhapete sisaldus\u00a0<a href=\"https:\/\/zooprekes24.lt\/et\/toode\/fitmin-purity-lassi-oli-300ml\/\" target=\"_blank\" rel=\"noopener\">Annab koera karvkattele s\u00e4ra<\/a> ja hoolitseda naha tervise eest.<\/li>\n<li><a href=\"https:\/\/brit-petfood.com\/en\/company-profile\" target=\"_blank\" rel=\"noopener\">Brit Care<\/a> Sustainable Adult Medium Breed on keskkonnas\u00f5bralik toit, mis on valmistatud j\u00e4tkusuutlikest valkudest ja koostisosadest, millel on 35 % v\u00e4hem negatiivset m\u00f5ju keskkonnale.<\/li>\n<\/ul>","protected":false},"excerpt":{"rendered":"<p>Brit Care Sustainable Adult Medium Breed Chicken &amp; Insect &#8211; Super Premium, tvarus ir draugi\u0161kas gamtai sausas maistas specialiai sukurtas sveikam vir\u0161kinimui, streso valdymui, geresnei fizinei b\u016bklei ir imuniteto palaikymui. Idealiai tinka suaugusiems vidutini\u0173 veisli\u0173 \u0161unims. Sud\u0117tyje yra lengvai vir\u0161kinam\u0173 ir maisting\u0173 baltym\u0173 su visavert\u0117mis amino r\u016bg\u0161timis, u\u017etikrinan\u010diomis puik\u0173 raumen\u0173 tonus\u0105 ir sveikus audinius. Receptas&#8230;<\/p>","protected":false},"featured_media":27842,"comment_status":"closed","ping_status":"closed","template":"","meta":{"_acf_changed":false,"slim_seo":{"title":"Brit Care Sustainable Adult Medium Breed Chicken & Insect sausas maistas \u0161unims - Zooprekes24","description":"Brit Care Sustainable Adult Medium Breed Chicken &amp; Insect - Super Premium, j\u00e4tkusuutlik ja keskkonnas\u00f5bralik kuivtoit, mis on spetsiaalselt koostatud tervisliku seedimise jaoks."},"iawp_total_views":63},"product_brand":[],"product_cat":[9029,9002,8999,29,31],"product_tag":[176,6089,177,200],"class_list":{"0":"post-24344","1":"product","2":"type-product","3":"status-publish","4":"has-post-thumbnail","6":"product_cat-brit-care","7":"product_cat-sausas-maistas","8":"product_cat-sunims","9":"product_cat-sunu-maistas","10":"product_cat-sunu-prekiu-gamintojai","11":"product_tag-begrudis-sunu-maistas","12":"product_tag-brit-care-vidutiniu-veisliu-sunims","13":"product_tag-edalas-sunims","14":"product_tag-super-premium-maistas-sunims","15":"pa_pasaro-sudetis-vabzdziai","16":"pa_pasaro-sudetis-vaisiai","17":"pa_pasaro-sudetis-vistiena","18":"pa_prekiu-zenklai-brit-care","19":"pa_suns-amzius-suaugusiems","20":"pa_veisles-dydis-vidutinems-veislems","22":"first","23":"instock","24":"taxable","25":"shipping-taxable","26":"purchasable","27":"product-type-variable"},"acf":[],"_links":{"self":[{"href":"https:\/\/zooprekes24.lt\/et\/wp-json\/wp\/v2\/product\/24344","targetHints":{"allow":["GET"]}}],"collection":[{"href":"https:\/\/zooprekes24.lt\/et\/wp-json\/wp\/v2\/product"}],"about":[{"href":"https:\/\/zooprekes24.lt\/et\/wp-json\/wp\/v2\/types\/product"}],"replies":[{"embeddable":true,"href":"https:\/\/zooprekes24.lt\/et\/wp-json\/wp\/v2\/comments?post=24344"}],"wp:featuredmedia":[{"embeddable":true,"href":"https:\/\/zooprekes24.lt\/et\/wp-json\/wp\/v2\/media\/27842"}],"wp:attachment":[{"href":"https:\/\/zooprekes24.lt\/et\/wp-json\/wp\/v2\/media?parent=24344"}],"wp:term":[{"taxonomy":"product_brand","embeddable":true,"href":"https:\/\/zooprekes24.lt\/et\/wp-json\/wp\/v2\/product_brand?post=24344"},{"taxonomy":"product_cat","embeddable":true,"href":"https:\/\/zooprekes24.lt\/et\/wp-json\/wp\/v2\/product_cat?post=24344"},{"taxonomy":"product_tag","embeddable":true,"href":"https:\/\/zooprekes24.lt\/et\/wp-json\/wp\/v2\/product_tag?post=24344"}],"curies":[{"name":"wp","href":"https:\/\/api.w.org\/{rel}","templated":true}]}}