{"id":24337,"date":"2024-04-19T13:32:41","date_gmt":"2024-04-19T10:32:41","guid":{"rendered":"https:\/\/zooprekes24.lt\/produktas\/brit-veterinary-diets-joint-dog-dry\/"},"modified":"2025-07-28T14:39:14","modified_gmt":"2025-07-28T12:39:14","slug":"brit-veterinaardieet-uhine-koera-kuivtoit","status":"publish","type":"product","link":"https:\/\/zooprekes24.lt\/et\/produktas\/brit-veterinary-diets-joint-dog-dry\/","title":{"rendered":"Brit Veterinary Diets Joint &amp; Mobility kuivtoit koertele"},"content":{"rendered":"<h3>Brit Veterinary Diets Joint &amp; Mobility on t\u00e4isv\u00e4\u00e4rtuslik ja tasakaalustatud dieettoit, mis on m\u00f5eldud koerte liikuvuse toetamiseks ja valu v\u00e4hendamiseks.<\/h3>\n<h3><span style=\"color: #b0b0b0;\">Kasutamiseks sobiv kuivtoit:<\/span><\/h3>\n<ul>\n<li>Degeneratiivsete liigesehaigustega (osteoartriit, osteoartriit) lemmikloomad.<\/li>\n<li>Rasvunud ja \u00fclekaalulistele koertele.<\/li>\n<li>P\u00e4rast ortopeedilist operatsiooni.<\/li>\n<li><a href=\"https:\/\/zooprekes24.lt\/et\/kategorija\/prekes-sunims\/koeratoit\/sausas-maistas-sunims\/\" target=\"_blank\" rel=\"noopener\">Kuivtoit<\/a> sobib igas vanuses ja t\u00f5ugu koertele.<\/li>\n<li>Brit Veterinary Diets Joint &amp; Mobility ei kasuta gluteeni, soja ega GMOsid.<\/li>\n<li>Parima ja t\u00f5husaima tulemuse saavutamiseks on soovitatav kasutada kombinatsioonis <a href=\"https:\/\/britvetdiets.com\/\" target=\"_blank\" rel=\"noopener\">Briti veterinaarravimid<\/a> m\u00e4rg toit.<\/li>\n<\/ul>\n<p><a ref=\"magnificPopup\" href=\"https:\/\/zooprekes24.lt\/wp-content\/uploads\/Brit-Veterinary-Diets-Grain-free-logo.png\"><img loading=\"lazy\" decoding=\"async\" class=\"alignnone wp-image-16429\" src=\"https:\/\/zooprekes24.lt\/wp-content\/uploads\/Brit-Veterinary-Diets-Grain-free-logo.png\" alt=\"Brit Veterinary Diets teraviljavaba logo\" width=\"150\" height=\"151\" \/><\/a><\/p>","protected":false},"excerpt":{"rendered":"<p>Brit Veterinary Diets Joint &amp; Mobility &#8211; visavertis ir subalansuotas dietinis pa\u0161aras skirtas \u0161un\u0173 mobilumui palaikyti ir skausmui suma\u017einti. Sausas maistas tinkamas naudojimui: Augintiniams sergantiems degeneracin\u0117mis s\u0105nari\u0173 ligomis (osteoartroz\u0117, osteoartritas). Nutukusiems \u0161unims turintiems antsvorio. Po ortopedinio chirurginio gydymo. Sausas maistas tinkamas vis\u0173 am\u017eiaus grupi\u0173 ir veisli\u0173 \u0161unims. Brit Veterinary Diets Joint &amp; Mobility sud\u0117tyje n\u0117ra&#8230;<\/p>","protected":false},"featured_media":20572,"comment_status":"closed","ping_status":"closed","template":"","meta":{"_acf_changed":false,"slim_seo":{"title":"Brit Veterinary Diets Joint & Mobility sausas maistas \u0161unims - Zooprekes24","description":"Brit Veterinary Diets Joint &amp; Mobility on t\u00e4isv\u00e4\u00e4rtuslik ja tasakaalustatud dieettoit, mis on m\u00f5eldud koerte liikuvuse toetamiseks ja valu v\u00e4hendamiseks. Kuivtoit"},"iawp_total_views":69},"product_brand":[],"product_cat":[9232,8999,29,31,9035],"product_tag":[4788,4790,4792],"class_list":{"0":"post-24337","1":"product","2":"type-product","3":"status-publish","4":"has-post-thumbnail","6":"product_cat-brit-veterinary-diets-sunims","7":"product_cat-sunims","8":"product_cat-sunu-maistas","9":"product_cat-sunu-prekiu-gamintojai","10":"product_cat-veterinarine-dieta","11":"product_tag-brit-obesiti-maistas-sunims","12":"product_tag-brit-vet-nutukusiam-suniui","13":"product_tag-brit-veterinarinis-maistas-nutukusiems-sunims","14":"pa_pasaro-sudetis-darzoves","15":"pa_pasaro-sudetis-kepeneles","16":"pa_pasaro-sudetis-vaisiai","17":"pa_pasaro-sudetis-zuvis","18":"pa_prekiu-zenklai-brit-veterinary-diets","19":"pa_suns-amzius-jauniems","20":"pa_suns-amzius-senjorams","21":"pa_suns-amzius-suaugusiems","22":"pa_suns-amzius-visiems-amziams","23":"pa_veisles-dydis-didelems-veislems","24":"pa_veisles-dydis-mazoms-veislems","25":"pa_veisles-dydis-vidutinems-veislems","26":"pa_veisles-dydis-visu-dydziu-veislems","28":"first","29":"instock","30":"featured","31":"taxable","32":"shipping-taxable","33":"purchasable","34":"product-type-variable"},"acf":[],"_links":{"self":[{"href":"https:\/\/zooprekes24.lt\/et\/wp-json\/wp\/v2\/product\/24337","targetHints":{"allow":["GET"]}}],"collection":[{"href":"https:\/\/zooprekes24.lt\/et\/wp-json\/wp\/v2\/product"}],"about":[{"href":"https:\/\/zooprekes24.lt\/et\/wp-json\/wp\/v2\/types\/product"}],"replies":[{"embeddable":true,"href":"https:\/\/zooprekes24.lt\/et\/wp-json\/wp\/v2\/comments?post=24337"}],"wp:featuredmedia":[{"embeddable":true,"href":"https:\/\/zooprekes24.lt\/et\/wp-json\/wp\/v2\/media\/20572"}],"wp:attachment":[{"href":"https:\/\/zooprekes24.lt\/et\/wp-json\/wp\/v2\/media?parent=24337"}],"wp:term":[{"taxonomy":"product_brand","embeddable":true,"href":"https:\/\/zooprekes24.lt\/et\/wp-json\/wp\/v2\/product_brand?post=24337"},{"taxonomy":"product_cat","embeddable":true,"href":"https:\/\/zooprekes24.lt\/et\/wp-json\/wp\/v2\/product_cat?post=24337"},{"taxonomy":"product_tag","embeddable":true,"href":"https:\/\/zooprekes24.lt\/et\/wp-json\/wp\/v2\/product_tag?post=24337"}],"curies":[{"name":"wp","href":"https:\/\/api.w.org\/{rel}","templated":true}]}}