{"id":24331,"date":"2024-04-19T13:32:32","date_gmt":"2024-04-19T10:32:32","guid":{"rendered":"https:\/\/zooprekes24.lt\/produktas\/brit-veterinary-diets-renal-dog-dry\/"},"modified":"2025-07-28T14:32:32","modified_gmt":"2025-07-28T12:32:32","slug":"brit-veterinaardieet-koera-kuivtoit","status":"publish","type":"product","link":"https:\/\/zooprekes24.lt\/et\/produktas\/brit-veterinary-diets-renal-dog-dry\/","title":{"rendered":"Brit Veterinary Diets Renal kuivtoit koertele"},"content":{"rendered":"<h3>Brit Veterinary Diets Renal on t\u00e4ielik ja tasakaalustatud dieet neerupuudulikkusega koertele.<\/h3>\n<h3><span style=\"color: #dda594;\">Kasutamiseks sobiv kuivtoit:<\/span><\/h3>\n<ul>\n<li>Krooniline neerupuudulikkus (\u00fcks ravi ja ravi toetusmeetmetest).<\/li>\n<li>Kardiorenaalse s\u00fcndroomi korral (s\u00fcdame- ja neerufunktsiooni parandamine).<\/li>\n<li>Urolitiaas (soolte ja kuseteede kivide korral).<\/li>\n<li><a href=\"https:\/\/zooprekes24.lt\/et\/kategorija\/prekes-sunims\/koeratoit\/sausas-maistas-sunims\/\" target=\"_blank\" rel=\"noopener\">Kuivtoit<\/a> sobib igas vanuses ja t\u00f5ugu koertele.<\/li>\n<li>Brit Veterinary Diets Renal ei kasuta gluteeni, soja ega GMOsid.<\/li>\n<li>Parima ja t\u00f5husaima tulemuse saavutamiseks on soovitatav kasutada kombinatsioonis <a href=\"https:\/\/britvetdiets.com\/\" target=\"_blank\" rel=\"noopener\">Briti veterinaarravimid<\/a> m\u00e4rg toit.<\/li>\n<\/ul>\n<p><a ref=\"magnificPopup\" href=\"https:\/\/zooprekes24.lt\/wp-content\/uploads\/Brit-Veterinary-Diets-Grain-free-logo.png\"><img loading=\"lazy\" decoding=\"async\" class=\"alignnone wp-image-16429\" src=\"https:\/\/zooprekes24.lt\/wp-content\/uploads\/Brit-Veterinary-Diets-Grain-free-logo.png\" alt=\"Brit Veterinary Diets teraviljavaba logo\" width=\"150\" height=\"151\" \/><\/a><\/p>","protected":false},"excerpt":{"rendered":"<p>Brit Veterinary Diets Renal &#8211; visavertis ir subalansuotas dietinis pa\u0161aras skirtas \u0161unims sergantiems inkst\u0173 nepakankamumu. Sausas maistas tinkamas naudojimui: Turint l\u0117tin\u012f inkst\u0173 nepakankamum\u0105 (viena i\u0161 palaikom\u0173j\u0173 priemoni\u0173 gydyme ir terapijoje). Esant kardiorenaliniui sindromui (\u0161irdies ir inkst\u0173 funkcijai gerinti). Urolitiazei gydyti (inskt\u0173 ir \u0161lapimo tak\u0173 akmenlig\u0117s atvejais). Sausas maistas tinkamas vis\u0173 am\u017eiaus grupi\u0173 ir veisli\u0173 \u0161unims&#8230;.<\/p>","protected":false},"featured_media":20570,"comment_status":"closed","ping_status":"closed","template":"","meta":{"_acf_changed":false,"slim_seo":{"title":"Brit Veterinary Diets Renal sausas maistas \u0161unims - Zooprekes24","description":"Brit Veterinary Diets Renal - visavertis ir subalansuotas dietinis pa\u0161aras skirtas \u0161unims sergantiems inkst\u0173 nepakankamumu. Sausas maistas tinkamas naudojimui:"},"iawp_total_views":69},"product_brand":[],"product_cat":[9232,8999,29,31,9035],"product_tag":[4805],"class_list":{"0":"post-24331","1":"product","2":"type-product","3":"status-publish","4":"has-post-thumbnail","6":"product_cat-brit-veterinary-diets-sunims","7":"product_cat-sunims","8":"product_cat-sunu-maistas","9":"product_cat-sunu-prekiu-gamintojai","10":"product_cat-veterinarine-dieta","11":"product_tag-brit-veterinarinis-maistas-sunims","12":"pa_pasaro-sudetis-darzoves","13":"pa_pasaro-sudetis-kepeneles","14":"pa_pasaro-sudetis-vaisiai","15":"pa_prekiu-zenklai-brit-veterinary-diets","16":"pa_suns-amzius-jauniems","17":"pa_suns-amzius-senjorams","18":"pa_suns-amzius-suaugusiems","19":"pa_suns-amzius-visiems-amziams","20":"pa_veisles-dydis-didelems-veislems","21":"pa_veisles-dydis-mazoms-veislems","22":"pa_veisles-dydis-vidutinems-veislems","23":"pa_veisles-dydis-visu-dydziu-veislems","25":"first","26":"instock","27":"featured","28":"taxable","29":"shipping-taxable","30":"purchasable","31":"product-type-variable"},"acf":[],"_links":{"self":[{"href":"https:\/\/zooprekes24.lt\/et\/wp-json\/wp\/v2\/product\/24331","targetHints":{"allow":["GET"]}}],"collection":[{"href":"https:\/\/zooprekes24.lt\/et\/wp-json\/wp\/v2\/product"}],"about":[{"href":"https:\/\/zooprekes24.lt\/et\/wp-json\/wp\/v2\/types\/product"}],"replies":[{"embeddable":true,"href":"https:\/\/zooprekes24.lt\/et\/wp-json\/wp\/v2\/comments?post=24331"}],"wp:featuredmedia":[{"embeddable":true,"href":"https:\/\/zooprekes24.lt\/et\/wp-json\/wp\/v2\/media\/20570"}],"wp:attachment":[{"href":"https:\/\/zooprekes24.lt\/et\/wp-json\/wp\/v2\/media?parent=24331"}],"wp:term":[{"taxonomy":"product_brand","embeddable":true,"href":"https:\/\/zooprekes24.lt\/et\/wp-json\/wp\/v2\/product_brand?post=24331"},{"taxonomy":"product_cat","embeddable":true,"href":"https:\/\/zooprekes24.lt\/et\/wp-json\/wp\/v2\/product_cat?post=24331"},{"taxonomy":"product_tag","embeddable":true,"href":"https:\/\/zooprekes24.lt\/et\/wp-json\/wp\/v2\/product_tag?post=24331"}],"curies":[{"name":"wp","href":"https:\/\/api.w.org\/{rel}","templated":true}]}}