{"id":24328,"date":"2024-04-19T13:32:32","date_gmt":"2024-04-19T10:32:32","guid":{"rendered":"https:\/\/zooprekes24.lt\/produktas\/brit-veterinary-diets-obesity-dog-dry\/"},"modified":"2025-07-28T14:33:49","modified_gmt":"2025-07-28T12:33:49","slug":"briti-veterinaardieedid-rasvunud-koera-kuivtoidud","status":"publish","type":"product","link":"https:\/\/zooprekes24.lt\/et\/produktas\/brit-veterinary-diets-obesity-dog-dry\/","title":{"rendered":"Brit Veterinary Diets Obesity kuivtoit koertele"},"content":{"rendered":"<h3>Brit Veterinary Diets Obesity on t\u00e4isv\u00e4\u00e4rtuslik ja tasakaalustatud dieettoit koertele, et v\u00e4hendada \u00fclekaalu ja kontrollida kehakaalu.<\/h3>\n<h3><span style=\"color: #9ecde1;\">Kasutamiseks sobiv kuivtoit:<\/span><\/h3>\n<ul>\n<li>\u00dclekaalulistele v\u00f5i rasvunud koertele.<\/li>\n<li>Optimaalse kehakaalu s\u00e4ilitamiseks ja lemmiklooma kaalu v\u00e4hendamiseks.<\/li>\n<li>Kaalu s\u00e4ilitamiseks p\u00e4rast steriliseerimist\/kastreerimist.<\/li>\n<li><a href=\"https:\/\/zooprekes24.lt\/et\/kategorija\/prekes-sunims\/koeratoit\/sausas-maistas-sunims\/\" target=\"_blank\" rel=\"noopener\">Kuivtoit<\/a> sobib igas vanuses ja t\u00f5ugu koertele.<\/li>\n<li>Brit Veterinary Diets Obesity ei kasuta gluteeni, soja ega GMOsid.<\/li>\n<li>Parima ja t\u00f5husaima tulemuse saavutamiseks on soovitatav kasutada kombinatsioonis <a href=\"https:\/\/britvetdiets.com\/\" target=\"_blank\" rel=\"noopener\">Briti veterinaarravimid<\/a> m\u00e4rg toit.<\/li>\n<\/ul>\n<p><a ref=\"magnificPopup\" href=\"https:\/\/zooprekes24.lt\/wp-content\/uploads\/Brit-Veterinary-Diets-Grain-free-logo.png\"><img loading=\"lazy\" decoding=\"async\" class=\"alignnone wp-image-16429\" src=\"https:\/\/zooprekes24.lt\/wp-content\/uploads\/Brit-Veterinary-Diets-Grain-free-logo.png\" alt=\"Brit Veterinary Diets teraviljavaba logo\" width=\"150\" height=\"151\" \/><\/a><\/p>","protected":false},"excerpt":{"rendered":"<p>Brit Veterinary Diets Obesity &#8211; visavertis ir subalansuotas dietinis pa\u0161aras skirtas \u0161un\u0173 perteklinei k\u016bno masei ma\u017einti ir svoriui kontroliuoti. Sausas maistas tinkamas naudojimui: \u0160unims turintiems antsvorio ar nutukimo problem\u0173. Optimalios k\u016bno mas\u0117s palaikymui ir augintinio svorio ma\u017einimui. Svorio palaikymui po sterilizacijos\/kastravimo. Sausas maistas tinkamas vis\u0173 am\u017eiaus grupi\u0173 ir veisli\u0173 \u0161unims. Brit Veterinary Diets Obesity sud\u0117tyje&#8230;<\/p>","protected":false},"featured_media":20569,"comment_status":"closed","ping_status":"closed","template":"","meta":{"_acf_changed":false,"slim_seo":{"title":"Brit Veterinary Diets Obesity sausas maistas \u0161unims - Zooprekes24","description":"Brit Veterinary Diets Obesity - visavertis ir subalansuotas dietinis pa\u0161aras skirtas \u0161un\u0173 perteklinei k\u016bno masei ma\u017einti ir svoriui kontroliuoti. Sausas maistas"},"iawp_total_views":75},"product_brand":[],"product_cat":[9232,8999,29,31,9035],"product_tag":[4788,4790,4792],"class_list":{"0":"post-24328","1":"product","2":"type-product","3":"status-publish","4":"has-post-thumbnail","6":"product_cat-brit-veterinary-diets-sunims","7":"product_cat-sunims","8":"product_cat-sunu-maistas","9":"product_cat-sunu-prekiu-gamintojai","10":"product_cat-veterinarine-dieta","11":"product_tag-brit-obesiti-maistas-sunims","12":"product_tag-brit-vet-nutukusiam-suniui","13":"product_tag-brit-veterinarinis-maistas-nutukusiems-sunims","14":"pa_pasaro-sudetis-darzoves","15":"pa_pasaro-sudetis-eriena","16":"pa_pasaro-sudetis-kepeneles","17":"pa_pasaro-sudetis-vaisiai","18":"pa_prekiu-zenklai-brit-veterinary-diets","19":"pa_suns-amzius-jauniems","20":"pa_suns-amzius-senjorams","21":"pa_suns-amzius-suaugusiems","22":"pa_suns-amzius-visiems-amziams","23":"pa_veisles-dydis-didelems-veislems","24":"pa_veisles-dydis-mazoms-veislems","25":"pa_veisles-dydis-vidutinems-veislems","26":"pa_veisles-dydis-visu-dydziu-veislems","28":"first","29":"instock","30":"featured","31":"taxable","32":"shipping-taxable","33":"purchasable","34":"product-type-variable"},"acf":[],"_links":{"self":[{"href":"https:\/\/zooprekes24.lt\/et\/wp-json\/wp\/v2\/product\/24328","targetHints":{"allow":["GET"]}}],"collection":[{"href":"https:\/\/zooprekes24.lt\/et\/wp-json\/wp\/v2\/product"}],"about":[{"href":"https:\/\/zooprekes24.lt\/et\/wp-json\/wp\/v2\/types\/product"}],"replies":[{"embeddable":true,"href":"https:\/\/zooprekes24.lt\/et\/wp-json\/wp\/v2\/comments?post=24328"}],"wp:featuredmedia":[{"embeddable":true,"href":"https:\/\/zooprekes24.lt\/et\/wp-json\/wp\/v2\/media\/20569"}],"wp:attachment":[{"href":"https:\/\/zooprekes24.lt\/et\/wp-json\/wp\/v2\/media?parent=24328"}],"wp:term":[{"taxonomy":"product_brand","embeddable":true,"href":"https:\/\/zooprekes24.lt\/et\/wp-json\/wp\/v2\/product_brand?post=24328"},{"taxonomy":"product_cat","embeddable":true,"href":"https:\/\/zooprekes24.lt\/et\/wp-json\/wp\/v2\/product_cat?post=24328"},{"taxonomy":"product_tag","embeddable":true,"href":"https:\/\/zooprekes24.lt\/et\/wp-json\/wp\/v2\/product_tag?post=24328"}],"curies":[{"name":"wp","href":"https:\/\/api.w.org\/{rel}","templated":true}]}}